{"id":933,"date":"2021-07-08T14:27:23","date_gmt":"2021-07-08T12:27:23","guid":{"rendered":"https:\/\/okulistyka21.pl\/?page_id=933"},"modified":"2021-07-08T14:31:54","modified_gmt":"2021-07-08T12:31:54","slug":"przypadki-kliniczne-w-okulistyce-2019","status":"publish","type":"page","link":"https:\/\/okulistyka21.pl\/en\/konferencje-zrealizowane\/przypadki-kliniczne-w-okulistyce-2019\/","title":{"rendered":"Clinical Cases in Ophthalmology 2019"},"content":{"rendered":"<div data-elementor-type=\"wp-page\" data-elementor-id=\"933\" class=\"elementor elementor-933\" data-elementor-settings=\"[]\">\n\t\t\t\t\t\t<div class=\"elementor-inner\">\n\t\t\t\t\t\t\t<div class=\"elementor-section-wrap\">\n\t\t\t\t\t\t\t<section class=\"elementor-section elementor-top-section elementor-element elementor-element-cab663c elementor-section-boxed elementor-section-height-default elementor-section-height-default\" data-id=\"cab663c\" data-element_type=\"section\" data-settings=\"{&quot;background_background&quot;:&quot;gradient&quot;}\">\n\t\t\t\t\t\t\t<div class=\"elementor-background-overlay\"><\/div>\n\t\t\t\t\t\t\t<div class=\"elementor-container elementor-column-gap-default\">\n\t\t\t\t\t\t\t<div class=\"elementor-row\">\n\t\t\t\t\t<div class=\"elementor-column elementor-col-100 elementor-top-column elementor-element elementor-element-6133c836\" data-id=\"6133c836\" data-element_type=\"column\">\n\t\t\t<div class=\"elementor-column-wrap elementor-element-populated\">\n\t\t\t\t\t\t\t<div class=\"elementor-widget-wrap\">\n\t\t\t\t\t\t<div class=\"elementor-element elementor-element-3a4e8340 elementor-widget elementor-widget-heading\" data-id=\"3a4e8340\" data-element_type=\"widget\" data-widget_type=\"heading.default\">\n\t\t\t\t<div class=\"elementor-widget-container\">\n\t\t\t<h1 class=\"elementor-heading-title elementor-size-default\">Clinical Cases in Ophthalmology 2019<\/h1>\t\t<\/div>\n\t\t\t\t<\/div>\n\t\t\t\t<div class=\"elementor-element elementor-element-7972ea5 elementor-icon-list--layout-inline elementor-align-center elementor-list-item-link-full_width elementor-widget elementor-widget-icon-list\" data-id=\"7972ea5\" data-element_type=\"widget\" data-widget_type=\"icon-list.default\">\n\t\t\t\t<div class=\"elementor-widget-container\">\n\t\t\t\t\t<ul class=\"elementor-icon-list-items elementor-inline-items\">\n\t\t\t\t\t\t\t<li class=\"elementor-icon-list-item elementor-inline-item\">\n\t\t\t\t\t<a href=\"https:\/\/okulistyka21.pl\/en\">\t\t\t\t\t\t<span class=\"elementor-icon-list-icon\">\n\t\t\t\t\t\t\t<i aria-hidden=\"true\" class=\"icon icon-home\"><\/i>\t\t\t\t\t\t<\/span>\n\t\t\t\t\t\t\t\t\t\t<span class=\"elementor-icon-list-text\">Homepage<\/span>\n\t\t\t\t\t\t\t\t\t\t\t<\/a>\n\t\t\t\t\t\t\t\t\t<\/li>\n\t\t\t\t\t\t\t\t<li class=\"elementor-icon-list-item elementor-inline-item\">\n\t\t\t\t\t\t\t\t\t\t\t<span class=\"elementor-icon-list-icon\">\n\t\t\t\t\t\t\t<i aria-hidden=\"true\" class=\"fas fa-chevron-right\"><\/i>\t\t\t\t\t\t<\/span>\n\t\t\t\t\t\t\t\t\t\t<span class=\"elementor-icon-list-text\">Clinical Cases in Ophthalmology 2019<\/span>\n\t\t\t\t\t\t\t\t\t<\/li>\n\t\t\t\t\t\t<\/ul>\n\t\t\t\t<\/div>\n\t\t\t\t<\/div>\n\t\t\t\t\t\t<\/div>\n\t\t\t\t\t<\/div>\n\t\t<\/div>\n\t\t\t\t\t\t\t\t<\/div>\n\t\t\t\t\t<\/div>\n\t\t<\/section>\n\t\t\t\t<section class=\"elementor-section elementor-top-section elementor-element elementor-element-1f1c39c3 elementor-section-boxed elementor-section-height-default elementor-section-height-default\" data-id=\"1f1c39c3\" data-element_type=\"section\">\n\t\t\t\t\t\t\t<div class=\"elementor-background-overlay\"><\/div>\n\t\t\t\t\t\t\t<div class=\"elementor-container elementor-column-gap-default\">\n\t\t\t\t\t\t\t<div class=\"elementor-row\">\n\t\t\t\t\t<div class=\"elementor-column elementor-col-100 elementor-top-column elementor-element elementor-element-1b3f1516\" data-id=\"1b3f1516\" data-element_type=\"column\">\n\t\t\t<div class=\"elementor-column-wrap elementor-element-populated\">\n\t\t\t\t\t\t\t<div class=\"elementor-widget-wrap\">\n\t\t\t\t\t\t<div class=\"elementor-element elementor-element-89b9cf3 elementor-widget elementor-widget-image\" data-id=\"89b9cf3\" data-element_type=\"widget\" data-widget_type=\"image.default\">\n\t\t\t\t<div class=\"elementor-widget-container\">\n\t\t\t\t\t\t\t\t<div class=\"elementor-image\">\n\t\t\t\t\t\t\t\t\t\t\t\t<img width=\"800\" height=\"242\" src=\"https:\/\/okulistyka21.pl\/wp-content\/uploads\/2021\/07\/Logo-eng.png\" class=\"attachment-large size-large\" alt=\"\" loading=\"lazy\" srcset=\"https:\/\/okulistyka21.pl\/wp-content\/uploads\/2021\/07\/Logo-eng.png 924w, https:\/\/okulistyka21.pl\/wp-content\/uploads\/2021\/07\/Logo-eng-300x91.png 300w, https:\/\/okulistyka21.pl\/wp-content\/uploads\/2021\/07\/Logo-eng-768x233.png 768w\" sizes=\"(max-width: 800px) 100vw, 800px\" \/>\t\t\t\t\t\t\t\t\t\t\t\t\t\t<\/div>\n\t\t\t\t\t\t<\/div>\n\t\t\t\t<\/div>\n\t\t\t\t<div class=\"elementor-element elementor-element-20a5681 elementor-widget elementor-widget-text-editor\" data-id=\"20a5681\" data-element_type=\"widget\" data-widget_type=\"text-editor.default\">\n\t\t\t\t<div class=\"elementor-widget-container\">\n\t\t\t\t\t\t\t\t<div class=\"elementor-text-editor elementor-clearfix\">\n\t\t\t\t\t<p><strong>Clinical Cases<\/strong><strong>\u00a0in Ophthalmology<\/strong>\u00a0is a unique point on the map of Polish ophthalmology meetings. The formula of the conference assumes interactive participation of participants in all lecture sessions through a special system for voting on the presented clinical cases.<\/p><ul><li>A fully interactive conference<\/li><li>Speakers ask questions of participants<\/li><li>Participants make a diagnosis\/solution of a case by voting remotely using remote controls<\/li><li>Participants vote for the best clinical cases in a given session<\/li><li>The cases presented will be discussed in the forum<\/li><li>Each year, Clinical Cases attracts participants from all over the country.<\/li><\/ul><p>\u00a0<\/p><p><em>\u00a0\u00a0\u00a0\u00a0\u00a0 Prof. Dr. med. Andrzej Grzybowski<\/em><\/p><p><em>\u00a0\u00a0\u00a0\u00a0\u00a0 Chairman of the Scientific Committee<\/em><\/p><p><strong>A very interesting educational format of the meeting for both doctors<\/strong><strong>The interactive nature of the meeting allows for anonymous participation in the diagnosis and application of therapeutic methods. The interactive nature of the meeting allows for anonymous participation in making diagnoses and applying therapeutic methods. Highly recommended to anyone for whom \"ophthalmic puzzles\" are a passion!<\/strong><\/p><p><em>Prof. Dr. med. Marta Misiuk-Hoj\u0142o<\/em><\/p><p><em>Department of Ophthalmology, Wroclaw Medical University<\/em><\/p><p><strong>The conference was organised in an interesting and innovative style, provoking active participation and keeping the audience's attention in constant suspense. The undoubted didactic value is worth emphasising.<\/strong><\/p><p><em>Prof. Dr. med. Zofia Mariak<\/em><\/p><p><em>Department of Ophthalmology, Medical University of Bia\u0142ystok<\/em><\/p>\t\t\t\t\t<\/div>\n\t\t\t\t\t\t<\/div>\n\t\t\t\t<\/div>\n\t\t\t\t<section class=\"elementor-section elementor-inner-section elementor-element elementor-element-7223fa37 elementor-section-boxed elementor-section-height-default elementor-section-height-default\" data-id=\"7223fa37\" data-element_type=\"section\">\n\t\t\t\t\t\t<div class=\"elementor-container elementor-column-gap-default\">\n\t\t\t\t\t\t\t<div class=\"elementor-row\">\n\t\t\t\t\t<div class=\"elementor-column elementor-col-50 elementor-inner-column elementor-element elementor-element-5e4ff0c7\" data-id=\"5e4ff0c7\" data-element_type=\"column\">\n\t\t\t<div class=\"elementor-column-wrap elementor-element-populated\">\n\t\t\t\t\t\t\t<div class=\"elementor-widget-wrap\">\n\t\t\t\t\t\t<div class=\"elementor-element elementor-element-3936ec0d elementor-align-right elementor-widget elementor-widget-button\" data-id=\"3936ec0d\" data-element_type=\"widget\" data-widget_type=\"button.default\">\n\t\t\t\t<div class=\"elementor-widget-container\">\n\t\t\t\t\t<div class=\"elementor-button-wrapper\">\n\t\t\t<a href=\"https:\/\/accounts.google.com\/ServiceLogin\/webreauth?service=lh2&#038;passive=1209600&#038;osid=1&#038;continue=https%3A%2F%2Fphotos.google.com%2Fshare%2FAF1QipNYjkC_wru5e9QoN-ooVMjLYH8xQHIL4WWUEmK4AJAGHOrNE6M4SwwGD6LdMP1qTA%3Fkey%3DTHprbE04Y1U3WVNFZnZnQkNWU0tFNkJINy1BS05n&#038;followup=https%3A%2F%2Fphotos.google.com%2Fshare%2FAF1QipNYjkC_wru5e9QoN-ooVMjLYH8xQHIL4WWUEmK4AJAGHOrNE6M4SwwGD6LdMP1qTA%3Fkey%3DTHprbE04Y1U3WVNFZnZnQkNWU0tFNkJINy1BS05n&#038;authuser=0&#038;flowName=GlifWebSignIn&#038;flowEntry=ServiceLogin\" target=\"_blank\" class=\"elementor-button-link elementor-button elementor-size-sm\" role=\"button\">\n\t\t\t\t\t\t<span class=\"elementor-button-content-wrapper\">\n\t\t\t\t\t\t<span class=\"elementor-button-icon elementor-align-icon-left\">\n\t\t\t\t<i aria-hidden=\"true\" class=\"far fa-image\"><\/i>\t\t\t<\/span>\n\t\t\t\t\t\t<span class=\"elementor-button-text\">Gallery<\/span>\n\t\t<\/span>\n\t\t\t\t\t<\/a>\n\t\t<\/div>\n\t\t\t\t<\/div>\n\t\t\t\t<\/div>\n\t\t\t\t\t\t<\/div>\n\t\t\t\t\t<\/div>\n\t\t<\/div>\n\t\t\t\t<div class=\"elementor-column elementor-col-50 elementor-inner-column elementor-element elementor-element-88686b9\" data-id=\"88686b9\" data-element_type=\"column\">\n\t\t\t<div class=\"elementor-column-wrap elementor-element-populated\">\n\t\t\t\t\t\t\t<div class=\"elementor-widget-wrap\">\n\t\t\t\t\t\t<div class=\"elementor-element elementor-element-2752733c elementor-widget elementor-widget-button\" data-id=\"2752733c\" data-element_type=\"widget\" data-widget_type=\"button.default\">\n\t\t\t\t<div class=\"elementor-widget-container\">\n\t\t\t\t\t<div class=\"elementor-button-wrapper\">\n\t\t\t<a href=\"https:\/\/okulistyka21.pl\/wp-content\/uploads\/2021\/07\/PROGRAM-2019.pdf\" target=\"_blank\" class=\"elementor-button-link elementor-button elementor-size-sm\" role=\"button\">\n\t\t\t\t\t\t<span class=\"elementor-button-content-wrapper\">\n\t\t\t\t\t\t<span class=\"elementor-button-icon elementor-align-icon-left\">\n\t\t\t\t<i aria-hidden=\"true\" class=\"far fa-file-pdf\"><\/i>\t\t\t<\/span>\n\t\t\t\t\t\t<span class=\"elementor-button-text\">Programme<\/span>\n\t\t<\/span>\n\t\t\t\t\t<\/a>\n\t\t<\/div>\n\t\t\t\t<\/div>\n\t\t\t\t<\/div>\n\t\t\t\t\t\t<\/div>\n\t\t\t\t\t<\/div>\n\t\t<\/div>\n\t\t\t\t\t\t\t\t<\/div>\n\t\t\t\t\t<\/div>\n\t\t<\/section>\n\t\t\t\t<div class=\"elementor-element elementor-element-b428acc elementor-widget elementor-widget-text-editor\" data-id=\"b428acc\" data-element_type=\"widget\" data-widget_type=\"text-editor.default\">\n\t\t\t\t<div class=\"elementor-widget-container\">\n\t\t\t\t\t\t\t\t<div class=\"elementor-text-editor elementor-clearfix\">\n\t\t\t\t\t<div>Scientific conference \"Clinical cases in ophthalmology\" - Task financed within the framework of the agreement no. 764\/P-DUN\/2019 from the funds of the Minister of Science and Higher Education allocated for science dissemination activities<\/div>\t\t\t\t\t<\/div>\n\t\t\t\t\t\t<\/div>\n\t\t\t\t<\/div>\n\t\t\t\t<div class=\"elementor-element elementor-element-b4b1e77 elementor-widget elementor-widget-image\" data-id=\"b4b1e77\" data-element_type=\"widget\" data-widget_type=\"image.default\">\n\t\t\t\t<div class=\"elementor-widget-container\">\n\t\t\t\t\t\t\t\t<div class=\"elementor-image\">\n\t\t\t\t\t\t\t\t\t\t\t\t<img width=\"800\" height=\"216\" src=\"https:\/\/okulistyka21.pl\/wp-content\/uploads\/2021\/07\/LOGO_MNiSW_-_PL-1-1024x276.jpg\" class=\"attachment-large size-large\" alt=\"\" loading=\"lazy\" srcset=\"https:\/\/okulistyka21.pl\/wp-content\/uploads\/2021\/07\/LOGO_MNiSW_-_PL-1-1024x276.jpg 1024w, https:\/\/okulistyka21.pl\/wp-content\/uploads\/2021\/07\/LOGO_MNiSW_-_PL-1-300x81.jpg 300w, https:\/\/okulistyka21.pl\/wp-content\/uploads\/2021\/07\/LOGO_MNiSW_-_PL-1-768x207.jpg 768w, https:\/\/okulistyka21.pl\/wp-content\/uploads\/2021\/07\/LOGO_MNiSW_-_PL-1-1536x414.jpg 1536w, https:\/\/okulistyka21.pl\/wp-content\/uploads\/2021\/07\/LOGO_MNiSW_-_PL-1.jpg 1751w\" sizes=\"(max-width: 800px) 100vw, 800px\" \/>\t\t\t\t\t\t\t\t\t\t\t\t\t\t<\/div>\n\t\t\t\t\t\t<\/div>\n\t\t\t\t<\/div>\n\t\t\t\t\t\t<\/div>\n\t\t\t\t\t<\/div>\n\t\t<\/div>\n\t\t\t\t\t\t\t\t<\/div>\n\t\t\t\t\t<\/div>\n\t\t<\/section>\n\t\t\t\t\t\t<\/div>\n\t\t\t\t\t\t<\/div>\n\t\t\t\t\t<\/div>","protected":false},"excerpt":{"rendered":"<p>Strona g\u0142\u00f3wna Przypadki Kliniczne\u00a0w Okulistyce\u00a0to wyj\u0105tkowy punkt na mapie polskich spotka\u0144 okulistycznych. Formu\u0142a konferencji zak\u0142ada interaktywny udzia\u0142 uczestnik\u00f3w we wszystkich sesjach wyk\u0142adowych poprzez specjalny system do g\u0142osowania nad prezentowanymi przypadkami klinicznymi. Ca\u0142kowicie interaktywna konferencja Prelegenci zadaj\u0105 pytania uczestnikom Uczestnicy stawiaj\u0105 diagnoz\u0119\/rozwi\u0105zanie danego przypadku, g\u0142osuj\u0105c zdalnie za pomoc\u0105 pilot\u00f3w Uczestnicy g\u0142osuj\u0105 na najlepsze przypadki kliniczne w [&hellip;]<\/p>","protected":false},"author":1,"featured_media":0,"parent":925,"menu_order":0,"comment_status":"closed","ping_status":"closed","template":"elementor_canvas","meta":[],"_links":{"self":[{"href":"https:\/\/okulistyka21.pl\/en\/wp-json\/wp\/v2\/pages\/933"}],"collection":[{"href":"https:\/\/okulistyka21.pl\/en\/wp-json\/wp\/v2\/pages"}],"about":[{"href":"https:\/\/okulistyka21.pl\/en\/wp-json\/wp\/v2\/types\/page"}],"author":[{"embeddable":true,"href":"https:\/\/okulistyka21.pl\/en\/wp-json\/wp\/v2\/users\/1"}],"replies":[{"embeddable":true,"href":"https:\/\/okulistyka21.pl\/en\/wp-json\/wp\/v2\/comments?post=933"}],"version-history":[{"count":7,"href":"https:\/\/okulistyka21.pl\/en\/wp-json\/wp\/v2\/pages\/933\/revisions"}],"predecessor-version":[{"id":947,"href":"https:\/\/okulistyka21.pl\/en\/wp-json\/wp\/v2\/pages\/933\/revisions\/947"}],"up":[{"embeddable":true,"href":"https:\/\/okulistyka21.pl\/en\/wp-json\/wp\/v2\/pages\/925"}],"wp:attachment":[{"href":"https:\/\/okulistyka21.pl\/en\/wp-json\/wp\/v2\/media?parent=933"}],"curies":[{"name":"wp","href":"https:\/\/api.w.org\/{rel}","templated":true}]}}