{"id":927,"date":"2021-07-08T14:23:01","date_gmt":"2021-07-08T12:23:01","guid":{"rendered":"https:\/\/okulistyka21.pl\/?page_id=927"},"modified":"2021-07-26T14:59:54","modified_gmt":"2021-07-26T12:59:54","slug":"przypadki-kliniczne-w-okulistyce-2020","status":"publish","type":"page","link":"https:\/\/okulistyka21.pl\/en\/konferencje-zrealizowane\/przypadki-kliniczne-w-okulistyce-2020\/","title":{"rendered":"Clinical cases in Ophthalmology 2020"},"content":{"rendered":"<div data-elementor-type=\"wp-page\" data-elementor-id=\"927\" class=\"elementor elementor-927\" data-elementor-settings=\"[]\">\n\t\t\t\t\t\t<div class=\"elementor-inner\">\n\t\t\t\t\t\t\t<div class=\"elementor-section-wrap\">\n\t\t\t\t\t\t\t<section class=\"elementor-section elementor-top-section elementor-element elementor-element-5eac60d3 elementor-section-boxed elementor-section-height-default elementor-section-height-default\" data-id=\"5eac60d3\" data-element_type=\"section\" data-settings=\"{&quot;background_background&quot;:&quot;gradient&quot;}\">\n\t\t\t\t\t\t\t<div class=\"elementor-background-overlay\"><\/div>\n\t\t\t\t\t\t\t<div class=\"elementor-container elementor-column-gap-default\">\n\t\t\t\t\t\t\t<div class=\"elementor-row\">\n\t\t\t\t\t<div class=\"elementor-column elementor-col-100 elementor-top-column elementor-element elementor-element-6a05f199\" data-id=\"6a05f199\" data-element_type=\"column\">\n\t\t\t<div class=\"elementor-column-wrap elementor-element-populated\">\n\t\t\t\t\t\t\t<div class=\"elementor-widget-wrap\">\n\t\t\t\t\t\t<div class=\"elementor-element elementor-element-41f7802c elementor-widget elementor-widget-heading\" data-id=\"41f7802c\" data-element_type=\"widget\" data-widget_type=\"heading.default\">\n\t\t\t\t<div class=\"elementor-widget-container\">\n\t\t\t<h1 class=\"elementor-heading-title elementor-size-default\">Clinical cases in Ophthalmology 2020<\/h1>\t\t<\/div>\n\t\t\t\t<\/div>\n\t\t\t\t<div class=\"elementor-element elementor-element-511df5f1 elementor-icon-list--layout-inline elementor-align-center elementor-list-item-link-full_width elementor-widget elementor-widget-icon-list\" data-id=\"511df5f1\" data-element_type=\"widget\" data-widget_type=\"icon-list.default\">\n\t\t\t\t<div class=\"elementor-widget-container\">\n\t\t\t\t\t<ul class=\"elementor-icon-list-items elementor-inline-items\">\n\t\t\t\t\t\t\t<li class=\"elementor-icon-list-item elementor-inline-item\">\n\t\t\t\t\t<a href=\"https:\/\/okulistyka21.pl\/en\">\t\t\t\t\t\t<span class=\"elementor-icon-list-icon\">\n\t\t\t\t\t\t\t<i aria-hidden=\"true\" class=\"icon icon-home\"><\/i>\t\t\t\t\t\t<\/span>\n\t\t\t\t\t\t\t\t\t\t<span class=\"elementor-icon-list-text\">Homepage<\/span>\n\t\t\t\t\t\t\t\t\t\t\t<\/a>\n\t\t\t\t\t\t\t\t\t<\/li>\n\t\t\t\t\t\t\t\t<li class=\"elementor-icon-list-item elementor-inline-item\">\n\t\t\t\t\t\t\t\t\t\t\t<span class=\"elementor-icon-list-icon\">\n\t\t\t\t\t\t\t<i aria-hidden=\"true\" class=\"fas fa-chevron-right\"><\/i>\t\t\t\t\t\t<\/span>\n\t\t\t\t\t\t\t\t\t\t<span class=\"elementor-icon-list-text\">Clinical cases in Ophthalmology 2020<\/span>\n\t\t\t\t\t\t\t\t\t<\/li>\n\t\t\t\t\t\t<\/ul>\n\t\t\t\t<\/div>\n\t\t\t\t<\/div>\n\t\t\t\t\t\t<\/div>\n\t\t\t\t\t<\/div>\n\t\t<\/div>\n\t\t\t\t\t\t\t\t<\/div>\n\t\t\t\t\t<\/div>\n\t\t<\/section>\n\t\t\t\t<section class=\"elementor-section elementor-top-section elementor-element elementor-element-417e8807 elementor-section-boxed elementor-section-height-default elementor-section-height-default\" data-id=\"417e8807\" data-element_type=\"section\">\n\t\t\t\t\t\t\t<div class=\"elementor-background-overlay\"><\/div>\n\t\t\t\t\t\t\t<div class=\"elementor-container elementor-column-gap-default\">\n\t\t\t\t\t\t\t<div class=\"elementor-row\">\n\t\t\t\t\t<div class=\"elementor-column elementor-col-100 elementor-top-column elementor-element elementor-element-636d809b\" data-id=\"636d809b\" data-element_type=\"column\">\n\t\t\t<div class=\"elementor-column-wrap elementor-element-populated\">\n\t\t\t\t\t\t\t<div class=\"elementor-widget-wrap\">\n\t\t\t\t\t\t<div class=\"elementor-element elementor-element-1f19807c elementor-widget elementor-widget-text-editor\" data-id=\"1f19807c\" data-element_type=\"widget\" data-widget_type=\"text-editor.default\">\n\t\t\t\t<div class=\"elementor-widget-container\">\n\t\t\t\t\t\t\t\t<div class=\"elementor-text-editor elementor-clearfix\">\n\t\t\t\t\t<p class=\"Default\" align=\"center\"><strong>Scientific Conference Online<\/strong><\/p><p align=\"center\"><strong>\"Clinical Cases in Ophthalmology 2020\".<\/strong><\/p><p class=\"Default\">\u00a0<\/p><p class=\"Default\">On\u00a0<strong>11 September 2020.\u00a0<\/strong>The Foundation for the Advancement of Ophthalmology 'Ophthalmology 21', together with the University of Warmia and Mazury in Olsztyn, organised the fifth scientific conference 'Clinical Cases in Ophthalmology'. This was the first online conference. The aim of the conference was to exchange experience in the proper diagnosis of ophthalmic clinical cases. During the conference, specialists from North America, Asia and Europe presented their clinical cases. A total of 262 participants attended the conference.<\/p><p class=\"Default\">The conference opened with a lecture on 'The sad story of the man of Katyn' by Dr Edward De Sutter from Belgium. In the first session, under the guidance of Prof. Ningli Wang, clinical cases were presented by speakers from China, including from the Beijing Tongren Eye Center.  The second session included clinical cases from the Philippines. The session was chaired by Dr Perfecto Cagampang III. In the third session's trkat, cases from the Bascom Palmer Eye Institute in the US were presented by Prof Stephen Schwartz. The next session included clinical cases from Israel. The session was prepared by Prof Yair Morad and Dr Eran Pras. In the fifth session, cases from central Europe were presented under the direction of Dr Andria Korol from Ukraine and Prof Reda \u017demaitien\u0117 from Lithuania. The last session included clinical cases from Poland, with Prof Andrzej Grzybowski moderating the session.<\/p>\t\t\t\t\t<\/div>\n\t\t\t\t\t\t<\/div>\n\t\t\t\t<\/div>\n\t\t\t\t<section class=\"elementor-section elementor-inner-section elementor-element elementor-element-1bbc2b4 elementor-section-boxed elementor-section-height-default elementor-section-height-default\" data-id=\"1bbc2b4\" data-element_type=\"section\">\n\t\t\t\t\t\t<div class=\"elementor-container elementor-column-gap-default\">\n\t\t\t\t\t\t\t<div class=\"elementor-row\">\n\t\t\t\t\t<div class=\"elementor-column elementor-col-100 elementor-inner-column elementor-element elementor-element-991b4f8\" data-id=\"991b4f8\" data-element_type=\"column\">\n\t\t\t<div class=\"elementor-column-wrap elementor-element-populated\">\n\t\t\t\t\t\t\t<div class=\"elementor-widget-wrap\">\n\t\t\t\t\t\t<div class=\"elementor-element elementor-element-824f33d elementor-widget elementor-widget-button\" data-id=\"824f33d\" data-element_type=\"widget\" data-widget_type=\"button.default\">\n\t\t\t\t<div class=\"elementor-widget-container\">\n\t\t\t\t\t<div class=\"elementor-button-wrapper\">\n\t\t\t<a href=\"https:\/\/okulistyka21.pl\/wp-content\/uploads\/2021\/07\/Conference-Program-2020-1.pdf\" target=\"_blank\" class=\"elementor-button-link elementor-button elementor-size-sm\" role=\"button\">\n\t\t\t\t\t\t<span class=\"elementor-button-content-wrapper\">\n\t\t\t\t\t\t<span class=\"elementor-button-icon elementor-align-icon-left\">\n\t\t\t\t<i aria-hidden=\"true\" class=\"far fa-file-pdf\"><\/i>\t\t\t<\/span>\n\t\t\t\t\t\t<span class=\"elementor-button-text\">Programme<\/span>\n\t\t<\/span>\n\t\t\t\t\t<\/a>\n\t\t<\/div>\n\t\t\t\t<\/div>\n\t\t\t\t<\/div>\n\t\t\t\t\t\t<\/div>\n\t\t\t\t\t<\/div>\n\t\t<\/div>\n\t\t\t\t\t\t\t\t<\/div>\n\t\t\t\t\t<\/div>\n\t\t<\/section>\n\t\t\t\t\t\t<\/div>\n\t\t\t\t\t<\/div>\n\t\t<\/div>\n\t\t\t\t\t\t\t\t<\/div>\n\t\t\t\t\t<\/div>\n\t\t<\/section>\n\t\t\t\t\t\t<\/div>\n\t\t\t\t\t\t<\/div>\n\t\t\t\t\t<\/div>","protected":false},"excerpt":{"rendered":"<p>Strona g\u0142\u00f3wna Konferencji Naukowa Online \u201ePrzypadki Kliniczne w Okulistyce 2020\u201d \u00a0 W dniu\u00a011 wrze\u015bnia 2020 r.\u00a0Fundacja Wspierania Rozwoju Okulistyki \u201eOkulistyka 21\u201d wraz z Uniwersytetem Warmi\u0144sko-Mazurskim w Olsztynie, zorganizowa\u0142a poraz pi\u0105ty konferencj\u0119 naukow\u0105 \u201ePrzypadki Kliniczne w Okulistyce\u201d. By\u0142a to pierwsza konferencja online. Celem konferencji by\u0142a wymiana do\u015bwiadcze\u0144 w zakresie w\u0142a\u015bciwego diagnozowania okulistycznych przypadk\u00f3w klinicznych. Podczas konferencji [&hellip;]<\/p>","protected":false},"author":1,"featured_media":0,"parent":925,"menu_order":0,"comment_status":"closed","ping_status":"closed","template":"elementor_canvas","meta":[],"_links":{"self":[{"href":"https:\/\/okulistyka21.pl\/en\/wp-json\/wp\/v2\/pages\/927"}],"collection":[{"href":"https:\/\/okulistyka21.pl\/en\/wp-json\/wp\/v2\/pages"}],"about":[{"href":"https:\/\/okulistyka21.pl\/en\/wp-json\/wp\/v2\/types\/page"}],"author":[{"embeddable":true,"href":"https:\/\/okulistyka21.pl\/en\/wp-json\/wp\/v2\/users\/1"}],"replies":[{"embeddable":true,"href":"https:\/\/okulistyka21.pl\/en\/wp-json\/wp\/v2\/comments?post=927"}],"version-history":[{"count":7,"href":"https:\/\/okulistyka21.pl\/en\/wp-json\/wp\/v2\/pages\/927\/revisions"}],"predecessor-version":[{"id":1417,"href":"https:\/\/okulistyka21.pl\/en\/wp-json\/wp\/v2\/pages\/927\/revisions\/1417"}],"up":[{"embeddable":true,"href":"https:\/\/okulistyka21.pl\/en\/wp-json\/wp\/v2\/pages\/925"}],"wp:attachment":[{"href":"https:\/\/okulistyka21.pl\/en\/wp-json\/wp\/v2\/media?parent=927"}],"curies":[{"name":"wp","href":"https:\/\/api.w.org\/{rel}","templated":true}]}}