{"id":913,"date":"2021-07-08T14:00:33","date_gmt":"2021-07-08T12:00:33","guid":{"rendered":"https:\/\/okulistyka21.pl\/?page_id=913"},"modified":"2021-07-08T14:02:24","modified_gmt":"2021-07-08T12:02:24","slug":"presbiopia-21","status":"publish","type":"page","link":"https:\/\/okulistyka21.pl\/en\/projekty-zakonczone\/presbiopia-21\/","title":{"rendered":"Presbyopia 21"},"content":{"rendered":"<div data-elementor-type=\"wp-page\" data-elementor-id=\"913\" class=\"elementor elementor-913\" data-elementor-settings=\"[]\">\n\t\t\t\t\t\t<div class=\"elementor-inner\">\n\t\t\t\t\t\t\t<div class=\"elementor-section-wrap\">\n\t\t\t\t\t\t\t<section class=\"elementor-section elementor-top-section elementor-element elementor-element-7f7b7ca elementor-section-boxed elementor-section-height-default elementor-section-height-default\" data-id=\"7f7b7ca\" data-element_type=\"section\" data-settings=\"{&quot;background_background&quot;:&quot;gradient&quot;}\">\n\t\t\t\t\t\t\t<div class=\"elementor-background-overlay\"><\/div>\n\t\t\t\t\t\t\t<div class=\"elementor-container elementor-column-gap-default\">\n\t\t\t\t\t\t\t<div class=\"elementor-row\">\n\t\t\t\t\t<div class=\"elementor-column elementor-col-100 elementor-top-column elementor-element elementor-element-6c0c890\" data-id=\"6c0c890\" data-element_type=\"column\">\n\t\t\t<div class=\"elementor-column-wrap elementor-element-populated\">\n\t\t\t\t\t\t\t<div class=\"elementor-widget-wrap\">\n\t\t\t\t\t\t<div class=\"elementor-element elementor-element-72ee6ac elementor-widget elementor-widget-heading\" data-id=\"72ee6ac\" data-element_type=\"widget\" data-widget_type=\"heading.default\">\n\t\t\t\t<div class=\"elementor-widget-container\">\n\t\t\t<h1 class=\"elementor-heading-title elementor-size-default\">Presbyopia 21<\/h1>\t\t<\/div>\n\t\t\t\t<\/div>\n\t\t\t\t<div class=\"elementor-element elementor-element-674e96f elementor-icon-list--layout-inline elementor-align-center elementor-list-item-link-full_width elementor-widget elementor-widget-icon-list\" data-id=\"674e96f\" data-element_type=\"widget\" data-widget_type=\"icon-list.default\">\n\t\t\t\t<div class=\"elementor-widget-container\">\n\t\t\t\t\t<ul class=\"elementor-icon-list-items elementor-inline-items\">\n\t\t\t\t\t\t\t<li class=\"elementor-icon-list-item elementor-inline-item\">\n\t\t\t\t\t<a href=\"https:\/\/okulistyka21.pl\/en\">\t\t\t\t\t\t<span class=\"elementor-icon-list-icon\">\n\t\t\t\t\t\t\t<i aria-hidden=\"true\" class=\"icon icon-home\"><\/i>\t\t\t\t\t\t<\/span>\n\t\t\t\t\t\t\t\t\t\t<span class=\"elementor-icon-list-text\">Homepage<\/span>\n\t\t\t\t\t\t\t\t\t\t\t<\/a>\n\t\t\t\t\t\t\t\t\t<\/li>\n\t\t\t\t\t\t\t\t<li class=\"elementor-icon-list-item elementor-inline-item\">\n\t\t\t\t\t\t\t\t\t\t\t<span class=\"elementor-icon-list-icon\">\n\t\t\t\t\t\t\t<i aria-hidden=\"true\" class=\"fas fa-chevron-right\"><\/i>\t\t\t\t\t\t<\/span>\n\t\t\t\t\t\t\t\t\t\t<span class=\"elementor-icon-list-text\">Presbyopia 21<\/span>\n\t\t\t\t\t\t\t\t\t<\/li>\n\t\t\t\t\t\t<\/ul>\n\t\t\t\t<\/div>\n\t\t\t\t<\/div>\n\t\t\t\t\t\t<\/div>\n\t\t\t\t\t<\/div>\n\t\t<\/div>\n\t\t\t\t\t\t\t\t<\/div>\n\t\t\t\t\t<\/div>\n\t\t<\/section>\n\t\t\t\t<section class=\"elementor-section elementor-top-section elementor-element elementor-element-c16c4b8 elementor-section-boxed elementor-section-height-default elementor-section-height-default\" data-id=\"c16c4b8\" data-element_type=\"section\">\n\t\t\t\t\t\t<div class=\"elementor-container elementor-column-gap-default\">\n\t\t\t\t\t\t\t<div class=\"elementor-row\">\n\t\t\t\t\t<div class=\"elementor-column elementor-col-100 elementor-top-column elementor-element elementor-element-c19f3e8\" data-id=\"c19f3e8\" data-element_type=\"column\">\n\t\t\t<div class=\"elementor-column-wrap elementor-element-populated\">\n\t\t\t\t\t\t\t<div class=\"elementor-widget-wrap\">\n\t\t\t\t\t\t<div class=\"elementor-element elementor-element-e0fa95c elementor-widget elementor-widget-heading\" data-id=\"e0fa95c\" data-element_type=\"widget\" data-widget_type=\"heading.default\">\n\t\t\t\t<div class=\"elementor-widget-container\">\n\t\t\t<h2 class=\"elementor-heading-title elementor-size-default\"> PROJECTS 2018\n\n<\/h2>\t\t<\/div>\n\t\t\t\t<\/div>\n\t\t\t\t<div class=\"elementor-element elementor-element-a9a8c11 elementor-widget-divider--view-line elementor-widget elementor-widget-divider\" data-id=\"a9a8c11\" data-element_type=\"widget\" data-widget_type=\"divider.default\">\n\t\t\t\t<div class=\"elementor-widget-container\">\n\t\t\t\t\t<div class=\"elementor-divider\">\n\t\t\t<span class=\"elementor-divider-separator\">\n\t\t\t\t\t\t<\/span>\n\t\t<\/div>\n\t\t\t\t<\/div>\n\t\t\t\t<\/div>\n\t\t\t\t<div class=\"elementor-element elementor-element-0077669 elementor-widget elementor-widget-text-editor\" data-id=\"0077669\" data-element_type=\"widget\" data-widget_type=\"text-editor.default\">\n\t\t\t\t<div class=\"elementor-widget-container\">\n\t\t\t\t\t\t\t\t<div class=\"elementor-text-editor elementor-clearfix\">\n\t\t\t\t\t<div><strong>1. EDUCATIONAL PLATFORM\u00a0<\/strong><\/div><div>\u00a0<\/div><div>An interactive, freely accessible online platform has been created, divided into three sections: for the doctor\/eye specialist, for the patient and for the Polish Presbyopia 21 Club.<\/div><div>\u00a0<\/div><div><strong>2. CLUB WORKSHOPS\u00a0<\/strong><\/div><div>\u00a0<\/div><div>These are annual workshops exclusively for Club members. International experts are invited to the workshops to pass on their knowledge to Club members.\u00a0<\/div><div>\u00a0<\/div><div><strong>3. TOGETHER AT ESCRS!<\/strong><\/div><div>\u00a0<\/div><div>Every year, Club members meet during the Congress of the European Society of Cataract and Refractive Surgery to discuss current issues and further strategy for the development of the Club.\u00a0<\/div><div>\u00a0<\/div><div><strong>4. ABC PRESBYOPIA COURSE\u00a0<\/strong><\/div><div>\u00a0<\/div><div>In 2018, the Club developed a uniform course entitled ABC of Presbyopia. The course is presented by Club members at the most important ophthalmology conferences in Poland in order to raise the knowledge of Polish specialists in modern methods of presbyopia correction.\u00a0<\/div><div>\u00a0<\/div><div><strong>5TH AUTUMN CONFERENCE SERIES - PRESBYOPIA\u00a0<\/strong><\/div><div>\u00a0<\/div><div>The only scientific event in Poland dedicated exclusively to presbyopia. It is an original, cyclical November conference of the Polish Presbyopia 21 Club held in Pozna\u0144.<\/div><div>\u00a0<\/div><div><strong>6. NATIONAL EDUCATION CAMPAIGN<\/strong><\/div><div>\u00a0<\/div><div>We are present at conferences and in the media. Club members provide the latest knowledge in presbyopia correction throughout the country.\u00a0<\/div>\t\t\t\t\t<\/div>\n\t\t\t\t\t\t<\/div>\n\t\t\t\t<\/div>\n\t\t\t\t\t\t<\/div>\n\t\t\t\t\t<\/div>\n\t\t<\/div>\n\t\t\t\t\t\t\t\t<\/div>\n\t\t\t\t\t<\/div>\n\t\t<\/section>\n\t\t\t\t\t\t<\/div>\n\t\t\t\t\t\t<\/div>\n\t\t\t\t\t<\/div>","protected":false},"excerpt":{"rendered":"<p>Strona g\u0142\u00f3wna PROJEKTY 2018 1.\u00a0PLATFORMA EDUKACYJNA\u00a0\u00a0Powsta\u0142a interaktywna, og\u00f3lnodost\u0119pna platforma internetowa podzielona\u00a0na 3 sekcje: dla lekarza \/ spcjalisty chor\u00f3b oczu, dla pacjenta i dla Polskiego Klubu Presbiopia 21.\u00a02. WARSZTATY KLUBOWE\u00a0\u00a0S\u0105 to coroczne warsztaty przeznaczone wy\u0142\u0105cznie dla cz\u0142onk\u00f3w Klubu. Na warsztaty zapraszani s\u0105 mi\u0119dzynarodowi eksperci, kt\u00f3rzy przekazuj\u0105 swoj\u0105 wiedz\u0119 cz\u0142onkom Klubu.\u00a0\u00a03. RAZEM NA ESCRS!\u00a0Co roku cz\u0142onkowie Klubu [&hellip;]<\/p>","protected":false},"author":1,"featured_media":0,"parent":800,"menu_order":0,"comment_status":"closed","ping_status":"closed","template":"elementor_canvas","meta":[],"_links":{"self":[{"href":"https:\/\/okulistyka21.pl\/en\/wp-json\/wp\/v2\/pages\/913"}],"collection":[{"href":"https:\/\/okulistyka21.pl\/en\/wp-json\/wp\/v2\/pages"}],"about":[{"href":"https:\/\/okulistyka21.pl\/en\/wp-json\/wp\/v2\/types\/page"}],"author":[{"embeddable":true,"href":"https:\/\/okulistyka21.pl\/en\/wp-json\/wp\/v2\/users\/1"}],"replies":[{"embeddable":true,"href":"https:\/\/okulistyka21.pl\/en\/wp-json\/wp\/v2\/comments?post=913"}],"version-history":[{"count":4,"href":"https:\/\/okulistyka21.pl\/en\/wp-json\/wp\/v2\/pages\/913\/revisions"}],"predecessor-version":[{"id":917,"href":"https:\/\/okulistyka21.pl\/en\/wp-json\/wp\/v2\/pages\/913\/revisions\/917"}],"up":[{"embeddable":true,"href":"https:\/\/okulistyka21.pl\/en\/wp-json\/wp\/v2\/pages\/800"}],"wp:attachment":[{"href":"https:\/\/okulistyka21.pl\/en\/wp-json\/wp\/v2\/media?parent=913"}],"curies":[{"name":"wp","href":"https:\/\/api.w.org\/{rel}","templated":true}]}}