{"id":740,"date":"2021-07-08T12:20:55","date_gmt":"2021-07-08T10:20:55","guid":{"rendered":"https:\/\/okulistyka21.pl\/?page_id=740"},"modified":"2023-10-12T08:14:45","modified_gmt":"2023-10-12T06:14:45","slug":"prezes-fundacji","status":"publish","type":"page","link":"https:\/\/okulistyka21.pl\/en\/o-fundacji\/prezes-fundacji\/","title":{"rendered":"President of the Foundation"},"content":{"rendered":"<div data-elementor-type=\"wp-page\" data-elementor-id=\"740\" class=\"elementor elementor-740\" data-elementor-settings=\"[]\">\n\t\t\t\t\t\t<div class=\"elementor-inner\">\n\t\t\t\t\t\t\t<div class=\"elementor-section-wrap\">\n\t\t\t\t\t\t\t<section class=\"elementor-section elementor-top-section elementor-element elementor-element-3f1021ba elementor-section-boxed elementor-section-height-default elementor-section-height-default\" data-id=\"3f1021ba\" data-element_type=\"section\" data-settings=\"{&quot;background_background&quot;:&quot;gradient&quot;}\">\n\t\t\t\t\t\t\t<div class=\"elementor-background-overlay\"><\/div>\n\t\t\t\t\t\t\t<div class=\"elementor-container elementor-column-gap-default\">\n\t\t\t\t\t\t\t<div class=\"elementor-row\">\n\t\t\t\t\t<div class=\"elementor-column elementor-col-100 elementor-top-column elementor-element elementor-element-72f4db20\" data-id=\"72f4db20\" data-element_type=\"column\">\n\t\t\t<div class=\"elementor-column-wrap elementor-element-populated\">\n\t\t\t\t\t\t\t<div class=\"elementor-widget-wrap\">\n\t\t\t\t\t\t<div class=\"elementor-element elementor-element-4faf9fd0 elementor-widget elementor-widget-heading\" data-id=\"4faf9fd0\" data-element_type=\"widget\" data-widget_type=\"heading.default\">\n\t\t\t\t<div class=\"elementor-widget-container\">\n\t\t\t<h1 class=\"elementor-heading-title elementor-size-default\">President of the Foundation<\/h1>\t\t<\/div>\n\t\t\t\t<\/div>\n\t\t\t\t<div class=\"elementor-element elementor-element-68f4734 elementor-icon-list--layout-inline elementor-align-center elementor-list-item-link-full_width elementor-widget elementor-widget-icon-list\" data-id=\"68f4734\" data-element_type=\"widget\" data-widget_type=\"icon-list.default\">\n\t\t\t\t<div class=\"elementor-widget-container\">\n\t\t\t\t\t<ul class=\"elementor-icon-list-items elementor-inline-items\">\n\t\t\t\t\t\t\t<li class=\"elementor-icon-list-item elementor-inline-item\">\n\t\t\t\t\t<a href=\"https:\/\/okulistyka21.pl\/en\">\t\t\t\t\t\t<span class=\"elementor-icon-list-icon\">\n\t\t\t\t\t\t\t<i aria-hidden=\"true\" class=\"icon icon-home\"><\/i>\t\t\t\t\t\t<\/span>\n\t\t\t\t\t\t\t\t\t\t<span class=\"elementor-icon-list-text\">Homepage<\/span>\n\t\t\t\t\t\t\t\t\t\t\t<\/a>\n\t\t\t\t\t\t\t\t\t<\/li>\n\t\t\t\t\t\t\t\t<li class=\"elementor-icon-list-item elementor-inline-item\">\n\t\t\t\t\t\t\t\t\t\t\t<span class=\"elementor-icon-list-icon\">\n\t\t\t\t\t\t\t<i aria-hidden=\"true\" class=\"fas fa-chevron-right\"><\/i>\t\t\t\t\t\t<\/span>\n\t\t\t\t\t\t\t\t\t\t<span class=\"elementor-icon-list-text\">President of the Foundation<\/span>\n\t\t\t\t\t\t\t\t\t<\/li>\n\t\t\t\t\t\t<\/ul>\n\t\t\t\t<\/div>\n\t\t\t\t<\/div>\n\t\t\t\t\t\t<\/div>\n\t\t\t\t\t<\/div>\n\t\t<\/div>\n\t\t\t\t\t\t\t\t<\/div>\n\t\t\t\t\t<\/div>\n\t\t<\/section>\n\t\t\t\t<section class=\"elementor-section elementor-top-section elementor-element elementor-element-1e8af070 elementor-section-boxed elementor-section-height-default elementor-section-height-default\" data-id=\"1e8af070\" data-element_type=\"section\">\n\t\t\t\t\t\t\t<div class=\"elementor-background-overlay\"><\/div>\n\t\t\t\t\t\t\t<div class=\"elementor-container elementor-column-gap-default\">\n\t\t\t\t\t\t\t<div class=\"elementor-row\">\n\t\t\t\t\t<div class=\"elementor-column elementor-col-100 elementor-top-column elementor-element elementor-element-43bb76e1\" data-id=\"43bb76e1\" data-element_type=\"column\">\n\t\t\t<div class=\"elementor-column-wrap elementor-element-populated\">\n\t\t\t\t\t\t\t<div class=\"elementor-widget-wrap\">\n\t\t\t\t\t\t<div class=\"elementor-element elementor-element-35617f3 elementor-widget elementor-widget-image\" data-id=\"35617f3\" data-element_type=\"widget\" data-widget_type=\"image.default\">\n\t\t\t\t<div class=\"elementor-widget-container\">\n\t\t\t\t\t\t\t\t<div class=\"elementor-image\">\n\t\t\t\t\t\t\t\t\t\t\t\t<img width=\"800\" height=\"997\" src=\"https:\/\/okulistyka21.pl\/wp-content\/uploads\/2021\/07\/Prof.-Grzybowski.jpg\" class=\"attachment-large size-large\" alt=\"\" loading=\"lazy\" srcset=\"https:\/\/okulistyka21.pl\/wp-content\/uploads\/2021\/07\/Prof.-Grzybowski.jpg 800w, https:\/\/okulistyka21.pl\/wp-content\/uploads\/2021\/07\/Prof.-Grzybowski-241x300.jpg 241w, https:\/\/okulistyka21.pl\/wp-content\/uploads\/2021\/07\/Prof.-Grzybowski-768x957.jpg 768w\" sizes=\"(max-width: 800px) 100vw, 800px\" \/>\t\t\t\t\t\t\t\t\t\t\t\t\t\t<\/div>\n\t\t\t\t\t\t<\/div>\n\t\t\t\t<\/div>\n\t\t\t\t<div class=\"elementor-element elementor-element-352f5a1 elementor-widget elementor-widget-text-editor\" data-id=\"352f5a1\" data-element_type=\"widget\" data-widget_type=\"text-editor.default\">\n\t\t\t\t<div class=\"elementor-widget-container\">\n\t\t\t\t\t\t\t\t<div class=\"elementor-text-editor elementor-clearfix\">\n\t\t\t\t\t<p><strong>Prof. dr hab. n. med. <\/strong><strong>Andrzej Grzybowski, <\/strong>Specialist in ophthalmology, provincial consultant in ophthalmology for the Wielkopolskie Voivodship (2010 - 2015), founder and initiator of projects of the Foundation for the Support of Ophthalmology Development \"Okulistyka 21\". Expert in cataract surgery, presbyopia treatment and retinal diseases. He is an international expert in the prevention and treatment of myopia in children - co-author of the recommendations of the American Ophthalmological Society (2020) and the European Ophthalmological Society (2021). <strong>Among the TOP 2% of the world's top scientists according to Stanford University in 2019-2021.<\/strong>\u00a0 According to the ranking\u00a0<em>Expertscape<\/em> Worldwide ranking: No. 1 in the world for cataracts and No. 1 in the world for cataract surgery. Member of Academia Europea (<a href=\"http:\/\/www.ae-info.org\">www.ae-info.org<\/a>).<\/p><p>Author and co-author of more than 600 scientific articles in peer-reviewed international scientific journals, including New England Journal of Medicine, Ophthalmology, Retina, American Journal of Ophthalmology, Acta Ophthalmologica, Survey of Ophthalmology, British Journal of Ophthalmology, Eye, etc., and 9 books and textbooks (5 in English). Member of the editorial board of, among others, Acta Ophthalmologica, American Journal of Ophthalmology, Journal of Clinical Medicine, etc.<\/p><p>Member of a number of scientific societies, including the European Eye Research Association (EVER) (<strong>Member of the Management Board and President-Elect<\/strong>), the European Academy of Ophthalmology (<strong>Member of the Management Board<\/strong>) and the European Society of Cataract and Refractive Surgery (ESCRS) (<strong>Curator of the ESCRS Archive<\/strong>), the American Academy of Ophthalmology (AAO) (<strong>member of 3 committees<\/strong>) and the European Society of Retinology (Euretina) (board member 2016-2018). Lecturer at the European School of Professors of Ophthalmology (EUPO), organiser and co-organiser of courses at world ophthalmology congresses such as ESCRS, AAO, etc. In 2021, he published a book on artificial intelligence in ophthalmology entitled \"Artificial Intelligence in Ophthalmology\". <em>Artificial Intelligence in Ophthalmology<\/em> (Springer). In 2021, he received <strong>In 2021, he received Prize of the Minister of Education and Science <\/strong>for significant achievements in scientific activities and <strong>Founders' Award<\/strong> awarded by the International Society for Refractive Surgery (ISRS), and in 2022 <strong>the Officer's Cross of the Order of Polonia Restituta<\/strong> from the President of the Republic of Poland).<\/p><p>More: <a href=\"https:\/\/pl.wikipedia.org\/wiki\/Andrzej_Grzybowski_(okulista)\">https:\/\/pl.wikipedia.org\/wiki\/Andrzej_Grzybowski_(okulista)<\/a><\/p>\t\t\t\t\t<\/div>\n\t\t\t\t\t\t<\/div>\n\t\t\t\t<\/div>\n\t\t\t\t\t\t<\/div>\n\t\t\t\t\t<\/div>\n\t\t<\/div>\n\t\t\t\t\t\t\t\t<\/div>\n\t\t\t\t\t<\/div>\n\t\t<\/section>\n\t\t\t\t<section class=\"elementor-section elementor-top-section elementor-element elementor-element-77f75d3 elementor-section-boxed elementor-section-height-default elementor-section-height-default\" data-id=\"77f75d3\" data-element_type=\"section\">\n\t\t\t\t\t\t<div class=\"elementor-container elementor-column-gap-default\">\n\t\t\t\t\t\t\t<div class=\"elementor-row\">\n\t\t\t\t\t<div class=\"elementor-column elementor-col-100 elementor-top-column elementor-element elementor-element-888bef3\" data-id=\"888bef3\" data-element_type=\"column\">\n\t\t\t<div class=\"elementor-column-wrap elementor-element-populated\">\n\t\t\t\t\t\t\t<div class=\"elementor-widget-wrap\">\n\t\t\t\t\t\t<div class=\"elementor-element elementor-element-366d019 elementor-widget elementor-widget-heading\" data-id=\"366d019\" data-element_type=\"widget\" data-widget_type=\"heading.default\">\n\t\t\t\t<div class=\"elementor-widget-container\">\n\t\t\t<h2 class=\"elementor-heading-title elementor-size-default\">Selected awards and decorations\n<\/h2>\t\t<\/div>\n\t\t\t\t<\/div>\n\t\t\t\t<div class=\"elementor-element elementor-element-3640171 elementor-widget-divider--view-line elementor-widget elementor-widget-divider\" data-id=\"3640171\" data-element_type=\"widget\" data-widget_type=\"divider.default\">\n\t\t\t\t<div class=\"elementor-widget-container\">\n\t\t\t\t\t<div class=\"elementor-divider\">\n\t\t\t<span class=\"elementor-divider-separator\">\n\t\t\t\t\t\t<\/span>\n\t\t<\/div>\n\t\t\t\t<\/div>\n\t\t\t\t<\/div>\n\t\t\t\t<div class=\"elementor-element elementor-element-511c58a elementor-skin-carousel elementor-pagination-type-bullets elementor-pagination-position-outside elementor-widget elementor-widget-media-carousel\" data-id=\"511c58a\" data-element_type=\"widget\" data-settings=\"{&quot;slides_per_view&quot;:&quot;3&quot;,&quot;slides_to_scroll&quot;:&quot;1&quot;,&quot;skin&quot;:&quot;carousel&quot;,&quot;effect&quot;:&quot;slide&quot;,&quot;pagination&quot;:&quot;bullets&quot;,&quot;speed&quot;:500,&quot;autoplay&quot;:&quot;yes&quot;,&quot;autoplay_speed&quot;:5000,&quot;loop&quot;:&quot;yes&quot;,&quot;pause_on_hover&quot;:&quot;yes&quot;,&quot;pause_on_interaction&quot;:&quot;yes&quot;,&quot;space_between&quot;:{&quot;unit&quot;:&quot;px&quot;,&quot;size&quot;:10,&quot;sizes&quot;:[]},&quot;space_between_tablet&quot;:{&quot;unit&quot;:&quot;px&quot;,&quot;size&quot;:10,&quot;sizes&quot;:[]},&quot;space_between_mobile&quot;:{&quot;unit&quot;:&quot;px&quot;,&quot;size&quot;:10,&quot;sizes&quot;:[]}}\" data-widget_type=\"media-carousel.default\">\n\t\t\t\t<div class=\"elementor-widget-container\">\n\t\t\t\t\t<div class=\"elementor-swiper\">\n\t\t\t<div class=\"elementor-main-swiper swiper-container\">\n\t\t\t\t<div class=\"swiper-wrapper\">\n\t\t\t\t\t\t\t\t\t\t\t<div class=\"swiper-slide\">\n\t\t\t\t\t\t\t\t\t<div class=\"elementor-carousel-image\" style=\"background-image: url(https:\/\/okulistyka21.pl\/wp-content\/uploads\/2021\/07\/Gratulacje-Rektor-UWM-MEiN-2021.jpg)\">\n\t\t\t\t\t<\/div>\n\t\t\t\t\t\t\t\t<\/div>\n\t\t\t\t\t\t\t\t\t\t\t<div class=\"swiper-slide\">\n\t\t\t\t\t\t\t\t\t<div class=\"elementor-carousel-image\" style=\"background-image: url(https:\/\/okulistyka21.pl\/wp-content\/uploads\/2021\/07\/nagroda-UWm.jpg)\">\n\t\t\t\t\t<\/div>\n\t\t\t\t\t\t\t\t<\/div>\n\t\t\t\t\t\t\t\t\t\t\t<div class=\"swiper-slide\">\n\t\t\t\t\t\t\t\t\t<div class=\"elementor-carousel-image\" style=\"background-image: url(https:\/\/okulistyka21.pl\/wp-content\/uploads\/2021\/07\/List-gratulacyjny.jpg)\">\n\t\t\t\t\t<\/div>\n\t\t\t\t\t\t\t\t<\/div>\n\t\t\t\t\t\t\t\t\t\t\t<div class=\"swiper-slide\">\n\t\t\t\t\t\t\t\t\t<div class=\"elementor-carousel-image\" style=\"background-image: url(https:\/\/okulistyka21.pl\/wp-content\/uploads\/2021\/07\/achievement-award-APAO_k1.jpg)\">\n\t\t\t\t\t<\/div>\n\t\t\t\t\t\t\t\t<\/div>\n\t\t\t\t\t\t\t\t\t\t\t<div class=\"swiper-slide\">\n\t\t\t\t\t\t\t\t\t<div class=\"elementor-carousel-image\" style=\"background-image: url(https:\/\/okulistyka21.pl\/wp-content\/uploads\/2021\/07\/Peer-Revie-Awards.jpg)\">\n\t\t\t\t\t<\/div>\n\t\t\t\t\t\t\t\t<\/div>\n\t\t\t\t\t\t\t\t\t\t\t<div class=\"swiper-slide\">\n\t\t\t\t\t\t\t\t\t<div class=\"elementor-carousel-image\" style=\"background-image: url(https:\/\/okulistyka21.pl\/wp-content\/uploads\/2021\/07\/Wyroznienie-Prof..jpg)\">\n\t\t\t\t\t<\/div>\n\t\t\t\t\t\t\t\t<\/div>\n\t\t\t\t\t\t\t\t\t<\/div>\n\t\t\t\t\t\t\t\t\t\t\t\t\t\t\t<div class=\"swiper-pagination\"><\/div>\n\t\t\t\t\t\t\t\t\t\t\t\t\t\t\t\t\t<\/div>\n\t\t<\/div>\n\t\t\t\t<\/div>\n\t\t\t\t<\/div>\n\t\t\t\t\t\t<\/div>\n\t\t\t\t\t<\/div>\n\t\t<\/div>\n\t\t\t\t\t\t\t\t<\/div>\n\t\t\t\t\t<\/div>\n\t\t<\/section>\n\t\t\t\t\t\t<\/div>\n\t\t\t\t\t\t<\/div>\n\t\t\t\t\t<\/div>","protected":false},"excerpt":{"rendered":"<p>Strona g\u0142\u00f3wna Prof. dr hab. n. med. Andrzej Grzybowski, specjalista z zakresu okulistyki, konsultant wojew\u00f3dzki w dziedzinie okulistyki dla wojew\u00f3dztwa wielkopolskiego (2010 &#8211; 2015), za\u0142o\u017cyciel i inicjator projekt\u00f3w Fundacji Wspierania Rozwoju Okulistyki &#8222;Okulistyka 21&#8221;. Ekspert w zakresie chirurgii za\u0107my, leczenia prezbiopii oraz chor\u00f3b siatk\u00f3wki. Jest mi\u0119dzynarodowym ekspertem z zakresie zapobiegania i leczenia kr\u00f3tkowzroczno\u015bci u dzieci [&hellip;]<\/p>","protected":false},"author":1,"featured_media":0,"parent":265,"menu_order":0,"comment_status":"closed","ping_status":"closed","template":"elementor_canvas","meta":[],"_links":{"self":[{"href":"https:\/\/okulistyka21.pl\/en\/wp-json\/wp\/v2\/pages\/740"}],"collection":[{"href":"https:\/\/okulistyka21.pl\/en\/wp-json\/wp\/v2\/pages"}],"about":[{"href":"https:\/\/okulistyka21.pl\/en\/wp-json\/wp\/v2\/types\/page"}],"author":[{"embeddable":true,"href":"https:\/\/okulistyka21.pl\/en\/wp-json\/wp\/v2\/users\/1"}],"replies":[{"embeddable":true,"href":"https:\/\/okulistyka21.pl\/en\/wp-json\/wp\/v2\/comments?post=740"}],"version-history":[{"count":22,"href":"https:\/\/okulistyka21.pl\/en\/wp-json\/wp\/v2\/pages\/740\/revisions"}],"predecessor-version":[{"id":2392,"href":"https:\/\/okulistyka21.pl\/en\/wp-json\/wp\/v2\/pages\/740\/revisions\/2392"}],"up":[{"embeddable":true,"href":"https:\/\/okulistyka21.pl\/en\/wp-json\/wp\/v2\/pages\/265"}],"wp:attachment":[{"href":"https:\/\/okulistyka21.pl\/en\/wp-json\/wp\/v2\/media?parent=740"}],"curies":[{"name":"wp","href":"https:\/\/api.w.org\/{rel}","templated":true}]}}