{"id":653,"date":"2021-07-07T17:14:56","date_gmt":"2021-07-07T15:14:56","guid":{"rendered":"https:\/\/okulistyka21.pl\/?page_id=653"},"modified":"2021-07-07T17:16:21","modified_gmt":"2021-07-07T15:16:21","slug":"o-polskim-klubie-presbiopia-21","status":"publish","type":"page","link":"https:\/\/okulistyka21.pl\/en\/polski-klub-presbiopia-21\/o-polskim-klubie-presbiopia-21\/","title":{"rendered":"About the Polish Presbyopia Club 21"},"content":{"rendered":"<div data-elementor-type=\"wp-page\" data-elementor-id=\"653\" class=\"elementor elementor-653\" data-elementor-settings=\"[]\">\n\t\t\t\t\t\t<div class=\"elementor-inner\">\n\t\t\t\t\t\t\t<div class=\"elementor-section-wrap\">\n\t\t\t\t\t\t\t<section class=\"elementor-section elementor-top-section elementor-element elementor-element-2e8475f9 elementor-section-boxed elementor-section-height-default elementor-section-height-default\" data-id=\"2e8475f9\" data-element_type=\"section\" data-settings=\"{&quot;background_background&quot;:&quot;gradient&quot;}\">\n\t\t\t\t\t\t\t<div class=\"elementor-background-overlay\"><\/div>\n\t\t\t\t\t\t\t<div class=\"elementor-container elementor-column-gap-default\">\n\t\t\t\t\t\t\t<div class=\"elementor-row\">\n\t\t\t\t\t<div class=\"elementor-column elementor-col-100 elementor-top-column elementor-element elementor-element-66318489\" data-id=\"66318489\" data-element_type=\"column\">\n\t\t\t<div class=\"elementor-column-wrap elementor-element-populated\">\n\t\t\t\t\t\t\t<div class=\"elementor-widget-wrap\">\n\t\t\t\t\t\t<div class=\"elementor-element elementor-element-54299774 elementor-widget elementor-widget-heading\" data-id=\"54299774\" data-element_type=\"widget\" data-widget_type=\"heading.default\">\n\t\t\t\t<div class=\"elementor-widget-container\">\n\t\t\t<h1 class=\"elementor-heading-title elementor-size-default\">About the Polish Presbyopia Club 21<\/h1>\t\t<\/div>\n\t\t\t\t<\/div>\n\t\t\t\t<div class=\"elementor-element elementor-element-4fc49c69 elementor-icon-list--layout-inline elementor-align-center elementor-list-item-link-full_width elementor-widget elementor-widget-icon-list\" data-id=\"4fc49c69\" data-element_type=\"widget\" data-widget_type=\"icon-list.default\">\n\t\t\t\t<div class=\"elementor-widget-container\">\n\t\t\t\t\t<ul class=\"elementor-icon-list-items elementor-inline-items\">\n\t\t\t\t\t\t\t<li class=\"elementor-icon-list-item elementor-inline-item\">\n\t\t\t\t\t<a href=\"https:\/\/okulistyka21.pl\/en\">\t\t\t\t\t\t<span class=\"elementor-icon-list-icon\">\n\t\t\t\t\t\t\t<i aria-hidden=\"true\" class=\"icon icon-home\"><\/i>\t\t\t\t\t\t<\/span>\n\t\t\t\t\t\t\t\t\t\t<span class=\"elementor-icon-list-text\">Homepage<\/span>\n\t\t\t\t\t\t\t\t\t\t\t<\/a>\n\t\t\t\t\t\t\t\t\t<\/li>\n\t\t\t\t\t\t\t\t<li class=\"elementor-icon-list-item elementor-inline-item\">\n\t\t\t\t\t\t\t\t\t\t\t<span class=\"elementor-icon-list-icon\">\n\t\t\t\t\t\t\t<i aria-hidden=\"true\" class=\"fas fa-chevron-right\"><\/i>\t\t\t\t\t\t<\/span>\n\t\t\t\t\t\t\t\t\t\t<span class=\"elementor-icon-list-text\">About the Polish Presbyopia Club 21<\/span>\n\t\t\t\t\t\t\t\t\t<\/li>\n\t\t\t\t\t\t<\/ul>\n\t\t\t\t<\/div>\n\t\t\t\t<\/div>\n\t\t\t\t\t\t<\/div>\n\t\t\t\t\t<\/div>\n\t\t<\/div>\n\t\t\t\t\t\t\t\t<\/div>\n\t\t\t\t\t<\/div>\n\t\t<\/section>\n\t\t\t\t<section class=\"elementor-section elementor-top-section elementor-element elementor-element-7f4ef33 elementor-section-boxed elementor-section-height-default elementor-section-height-default\" data-id=\"7f4ef33\" data-element_type=\"section\">\n\t\t\t\t\t\t\t<div class=\"elementor-background-overlay\"><\/div>\n\t\t\t\t\t\t\t<div class=\"elementor-container elementor-column-gap-default\">\n\t\t\t\t\t\t\t<div class=\"elementor-row\">\n\t\t\t\t\t<div class=\"elementor-column elementor-col-100 elementor-top-column elementor-element elementor-element-27de5bde\" data-id=\"27de5bde\" data-element_type=\"column\">\n\t\t\t<div class=\"elementor-column-wrap elementor-element-populated\">\n\t\t\t\t\t\t\t<div class=\"elementor-widget-wrap\">\n\t\t\t\t\t\t<div class=\"elementor-element elementor-element-aa0b218 elementor-widget elementor-widget-image\" data-id=\"aa0b218\" data-element_type=\"widget\" data-widget_type=\"image.default\">\n\t\t\t\t<div class=\"elementor-widget-container\">\n\t\t\t\t\t\t\t\t<div class=\"elementor-image\">\n\t\t\t\t\t\t\t\t\t\t\t\t<img width=\"800\" height=\"311\" src=\"https:\/\/okulistyka21.pl\/wp-content\/uploads\/2021\/07\/tagline-logo.png\" class=\"attachment-large size-large\" alt=\"\" loading=\"lazy\" srcset=\"https:\/\/okulistyka21.pl\/wp-content\/uploads\/2021\/07\/tagline-logo.png 911w, https:\/\/okulistyka21.pl\/wp-content\/uploads\/2021\/07\/tagline-logo-300x117.png 300w, https:\/\/okulistyka21.pl\/wp-content\/uploads\/2021\/07\/tagline-logo-768x298.png 768w\" sizes=\"(max-width: 800px) 100vw, 800px\" \/>\t\t\t\t\t\t\t\t\t\t\t\t\t\t<\/div>\n\t\t\t\t\t\t<\/div>\n\t\t\t\t<\/div>\n\t\t\t\t<div class=\"elementor-element elementor-element-8062579 elementor-widget elementor-widget-text-editor\" data-id=\"8062579\" data-element_type=\"widget\" data-widget_type=\"text-editor.default\">\n\t\t\t\t<div class=\"elementor-widget-container\">\n\t\t\t\t\t\t\t\t<div class=\"elementor-text-editor elementor-clearfix\">\n\t\t\t\t\t<div>&#8222;<strong>Polish Presbiopia 21 Club<\/strong>\u00a0was established in April 2016 in Pozna\u0144. The Club brings together Polish and foreign experts in the field of presbyopia correction. The structure of the Club is based on two basic pillars.<strong>\u00a0Polish Scientific Committee<\/strong>of which I have the honour to be President, and\u00a0<strong>International Scientific Committee<\/strong>\u00a0chaired by\u00a0<strong>Professor Jorge Ali\u00f3<\/strong>. The Club also has a group of Supporting Members, which includes representatives from the world of technology and clinical centres specialising in the use of modern presbyopia correction methods.<\/div><div>\u00a0<\/div><div>The activities of the Polish Presbyopia 21 Club include a number of initiatives - from patient education to standardising knowledge and improving the skills of presbyopia specialists. The Club's main initiative is to create an interactive educational platform for patients as well as doctors and optometrists. There will be three sections on the platform, dedicated successively to patients, eye care professionals and Club members. For patients, the aim is to offer knowledge in an accessible format, presenting them with all the available presbyopia correction methods tailored to their individual needs and preferences. In the patient section, you will be able, among other things, to ask questions, find out where and when free ophthalmic consultations take place or read the most interesting articles and scientific reports from the country and the world. The doctors and optometrists section will be a multimedia library of specialist knowledge developed by Club members, a training schedule and a place to exchange knowledge and user experiences. The final section will be for Club members. It will be a friendly place to exchange knowledge, undertake educational initiatives and further work on adding to the above-mentioned library of knowledge. Other initiatives of the Polish Presbyopia 21 Club include: the organisation of a cyclical all-Polish conference exclusively on presbyopia, the running of an original course for ophthalmologists, optometrists and family medicine physicians entitled ABC of Presbyopia at the most important all-Polish scientific conferences, and the establishment of contacts and knowledge exchange with foreign scientific centres in order to constantly improve the knowledge of Polish specialists.\u00a0<\/div><div>\u00a0<\/div><div>The need for education is great. As the Polish Presbyopia 21 Club, we feel it is our duty to offer all of you the best quality knowledge regarding presbyopia correction methods.\"\u00a0<\/div><div>\u00a0<\/div><div>\u00a0\u00a0<strong>Prof. Andrzej Grzybowski, D.Sc.<\/strong><\/div><div>\u00a0 Chairman of the Polish Scientific Committee\u00a0<\/div>\t\t\t\t\t<\/div>\n\t\t\t\t\t\t<\/div>\n\t\t\t\t<\/div>\n\t\t\t\t<div class=\"elementor-element elementor-element-ed0baae elementor-widget elementor-widget-image\" data-id=\"ed0baae\" data-element_type=\"widget\" data-widget_type=\"image.default\">\n\t\t\t\t<div class=\"elementor-widget-container\">\n\t\t\t\t\t\t\t\t<div class=\"elementor-image\">\n\t\t\t\t\t\t\t\t\t\t\t\t<img width=\"800\" height=\"685\" src=\"https:\/\/okulistyka21.pl\/wp-content\/uploads\/2021\/07\/klub-na-strone-1024x877.jpg\" class=\"attachment-large size-large\" alt=\"\" loading=\"lazy\" srcset=\"https:\/\/okulistyka21.pl\/wp-content\/uploads\/2021\/07\/klub-na-strone-1024x877.jpg 1024w, https:\/\/okulistyka21.pl\/wp-content\/uploads\/2021\/07\/klub-na-strone-300x257.jpg 300w, https:\/\/okulistyka21.pl\/wp-content\/uploads\/2021\/07\/klub-na-strone-768x658.jpg 768w, https:\/\/okulistyka21.pl\/wp-content\/uploads\/2021\/07\/klub-na-strone-1536x1316.jpg 1536w, https:\/\/okulistyka21.pl\/wp-content\/uploads\/2021\/07\/klub-na-strone.jpg 1747w\" sizes=\"(max-width: 800px) 100vw, 800px\" \/>\t\t\t\t\t\t\t\t\t\t\t\t\t\t<\/div>\n\t\t\t\t\t\t<\/div>\n\t\t\t\t<\/div>\n\t\t\t\t\t\t<\/div>\n\t\t\t\t\t<\/div>\n\t\t<\/div>\n\t\t\t\t\t\t\t\t<\/div>\n\t\t\t\t\t<\/div>\n\t\t<\/section>\n\t\t\t\t\t\t<\/div>\n\t\t\t\t\t\t<\/div>\n\t\t\t\t\t<\/div>","protected":false},"excerpt":{"rendered":"<p>Strona g\u0142\u00f3wna &#8222;Polski Klub Presbiopia 21\u00a0powsta\u0142 w kwietniu 2016 roku w Poznaniu. Klub zrzesza polskich oraz zagranicznych ekspert\u00f3w w dziedzinie korekcji starczowzroczno\u015bci. Struktura Klubu opiera si\u0119 o dwa podstawowe filary-\u00a0Polski Komitet Naukowy, kt\u00f3rego mam zaszczyt by\u0107 przewodnicz\u0105cym oraz\u00a0Mi\u0119dzynarodowy Komitet Naukowy\u00a0pod przewodnictwem\u00a0Profesora Jorge Ali\u00f3. W ramach Klubu dzia\u0142a r\u00f3wnie\u017c grupa Cz\u0142onk\u00f3w Wspieraj\u0105cych, w sk\u0142ad kt\u00f3rej wchodz\u0105 [&hellip;]<\/p>","protected":false},"author":1,"featured_media":0,"parent":651,"menu_order":0,"comment_status":"closed","ping_status":"closed","template":"elementor_canvas","meta":[],"_links":{"self":[{"href":"https:\/\/okulistyka21.pl\/en\/wp-json\/wp\/v2\/pages\/653"}],"collection":[{"href":"https:\/\/okulistyka21.pl\/en\/wp-json\/wp\/v2\/pages"}],"about":[{"href":"https:\/\/okulistyka21.pl\/en\/wp-json\/wp\/v2\/types\/page"}],"author":[{"embeddable":true,"href":"https:\/\/okulistyka21.pl\/en\/wp-json\/wp\/v2\/users\/1"}],"replies":[{"embeddable":true,"href":"https:\/\/okulistyka21.pl\/en\/wp-json\/wp\/v2\/comments?post=653"}],"version-history":[{"count":4,"href":"https:\/\/okulistyka21.pl\/en\/wp-json\/wp\/v2\/pages\/653\/revisions"}],"predecessor-version":[{"id":659,"href":"https:\/\/okulistyka21.pl\/en\/wp-json\/wp\/v2\/pages\/653\/revisions\/659"}],"up":[{"embeddable":true,"href":"https:\/\/okulistyka21.pl\/en\/wp-json\/wp\/v2\/pages\/651"}],"wp:attachment":[{"href":"https:\/\/okulistyka21.pl\/en\/wp-json\/wp\/v2\/media?parent=653"}],"curies":[{"name":"wp","href":"https:\/\/api.w.org\/{rel}","templated":true}]}}