{"id":606,"date":"2021-07-07T17:00:35","date_gmt":"2021-07-07T15:00:35","guid":{"rendered":"https:\/\/okulistyka21.pl\/?page_id=606"},"modified":"2021-07-07T17:03:26","modified_gmt":"2021-07-07T15:03:26","slug":"aplikacja-retina-risk","status":"publish","type":"page","link":"https:\/\/okulistyka21.pl\/en\/aplikacja-retina-risk\/","title":{"rendered":"Retina Risk application"},"content":{"rendered":"<div data-elementor-type=\"wp-page\" data-elementor-id=\"606\" class=\"elementor elementor-606\" data-elementor-settings=\"[]\">\n\t\t\t\t\t\t<div class=\"elementor-inner\">\n\t\t\t\t\t\t\t<div class=\"elementor-section-wrap\">\n\t\t\t\t\t\t\t<section class=\"elementor-section elementor-top-section elementor-element elementor-element-7cd1bf07 elementor-section-boxed elementor-section-height-default elementor-section-height-default\" data-id=\"7cd1bf07\" data-element_type=\"section\" data-settings=\"{&quot;background_background&quot;:&quot;gradient&quot;}\">\n\t\t\t\t\t\t\t<div class=\"elementor-background-overlay\"><\/div>\n\t\t\t\t\t\t\t<div class=\"elementor-container elementor-column-gap-default\">\n\t\t\t\t\t\t\t<div class=\"elementor-row\">\n\t\t\t\t\t<div class=\"elementor-column elementor-col-100 elementor-top-column elementor-element elementor-element-4ebfcd92\" data-id=\"4ebfcd92\" data-element_type=\"column\">\n\t\t\t<div class=\"elementor-column-wrap elementor-element-populated\">\n\t\t\t\t\t\t\t<div class=\"elementor-widget-wrap\">\n\t\t\t\t\t\t<div class=\"elementor-element elementor-element-10b574fb elementor-widget elementor-widget-heading\" data-id=\"10b574fb\" data-element_type=\"widget\" data-widget_type=\"heading.default\">\n\t\t\t\t<div class=\"elementor-widget-container\">\n\t\t\t<h1 class=\"elementor-heading-title elementor-size-default\">Retina Risk application<\/h1>\t\t<\/div>\n\t\t\t\t<\/div>\n\t\t\t\t<div class=\"elementor-element elementor-element-6dab0ec7 elementor-icon-list--layout-inline elementor-align-center elementor-list-item-link-full_width elementor-widget elementor-widget-icon-list\" data-id=\"6dab0ec7\" data-element_type=\"widget\" data-widget_type=\"icon-list.default\">\n\t\t\t\t<div class=\"elementor-widget-container\">\n\t\t\t\t\t<ul class=\"elementor-icon-list-items elementor-inline-items\">\n\t\t\t\t\t\t\t<li class=\"elementor-icon-list-item elementor-inline-item\">\n\t\t\t\t\t<a href=\"https:\/\/okulistyka21.pl\/en\">\t\t\t\t\t\t<span class=\"elementor-icon-list-icon\">\n\t\t\t\t\t\t\t<i aria-hidden=\"true\" class=\"icon icon-home\"><\/i>\t\t\t\t\t\t<\/span>\n\t\t\t\t\t\t\t\t\t\t<span class=\"elementor-icon-list-text\">Homepage<\/span>\n\t\t\t\t\t\t\t\t\t\t\t<\/a>\n\t\t\t\t\t\t\t\t\t<\/li>\n\t\t\t\t\t\t\t\t<li class=\"elementor-icon-list-item elementor-inline-item\">\n\t\t\t\t\t\t\t\t\t\t\t<span class=\"elementor-icon-list-icon\">\n\t\t\t\t\t\t\t<i aria-hidden=\"true\" class=\"fas fa-chevron-right\"><\/i>\t\t\t\t\t\t<\/span>\n\t\t\t\t\t\t\t\t\t\t<span class=\"elementor-icon-list-text\">Retina Risk application<\/span>\n\t\t\t\t\t\t\t\t\t<\/li>\n\t\t\t\t\t\t<\/ul>\n\t\t\t\t<\/div>\n\t\t\t\t<\/div>\n\t\t\t\t\t\t<\/div>\n\t\t\t\t\t<\/div>\n\t\t<\/div>\n\t\t\t\t\t\t\t\t<\/div>\n\t\t\t\t\t<\/div>\n\t\t<\/section>\n\t\t\t\t<section class=\"elementor-section elementor-top-section elementor-element elementor-element-1e0a5b5c elementor-section-boxed elementor-section-height-default elementor-section-height-default\" data-id=\"1e0a5b5c\" data-element_type=\"section\">\n\t\t\t\t\t\t\t<div class=\"elementor-background-overlay\"><\/div>\n\t\t\t\t\t\t\t<div class=\"elementor-container elementor-column-gap-default\">\n\t\t\t\t\t\t\t<div class=\"elementor-row\">\n\t\t\t\t\t<div class=\"elementor-column elementor-col-50 elementor-top-column elementor-element elementor-element-3e982c41\" data-id=\"3e982c41\" data-element_type=\"column\">\n\t\t\t<div class=\"elementor-column-wrap elementor-element-populated\">\n\t\t\t\t\t\t\t<div class=\"elementor-widget-wrap\">\n\t\t\t\t\t\t<div class=\"elementor-element elementor-element-4185630 elementor-widget elementor-widget-image\" data-id=\"4185630\" data-element_type=\"widget\" data-widget_type=\"image.default\">\n\t\t\t\t<div class=\"elementor-widget-container\">\n\t\t\t\t\t\t\t\t<div class=\"elementor-image\">\n\t\t\t\t\t\t\t\t\t\t\t\t<img width=\"533\" height=\"1024\" src=\"https:\/\/okulistyka21.pl\/wp-content\/uploads\/2021\/07\/Rectangle-2.png\" class=\"attachment-large size-large\" alt=\"\" loading=\"lazy\" srcset=\"https:\/\/okulistyka21.pl\/wp-content\/uploads\/2021\/07\/Rectangle-2.png 533w, https:\/\/okulistyka21.pl\/wp-content\/uploads\/2021\/07\/Rectangle-2-156x300.png 156w\" sizes=\"(max-width: 533px) 100vw, 533px\" \/>\t\t\t\t\t\t\t\t\t\t\t\t\t\t<\/div>\n\t\t\t\t\t\t<\/div>\n\t\t\t\t<\/div>\n\t\t\t\t\t\t<\/div>\n\t\t\t\t\t<\/div>\n\t\t<\/div>\n\t\t\t\t<div class=\"elementor-column elementor-col-50 elementor-top-column elementor-element elementor-element-2f58f54\" data-id=\"2f58f54\" data-element_type=\"column\">\n\t\t\t<div class=\"elementor-column-wrap elementor-element-populated\">\n\t\t\t\t\t\t\t<div class=\"elementor-widget-wrap\">\n\t\t\t\t\t\t<div class=\"elementor-element elementor-element-d0696e9 elementor-widget elementor-widget-image\" data-id=\"d0696e9\" data-element_type=\"widget\" data-widget_type=\"image.default\">\n\t\t\t\t<div class=\"elementor-widget-container\">\n\t\t\t\t\t\t\t\t<div class=\"elementor-image\">\n\t\t\t\t\t\t\t\t\t\t\t\t<img width=\"448\" height=\"120\" src=\"https:\/\/okulistyka21.pl\/wp-content\/uploads\/2021\/07\/retina-risk-logo3.jpg\" class=\"attachment-large size-large\" alt=\"\" loading=\"lazy\" srcset=\"https:\/\/okulistyka21.pl\/wp-content\/uploads\/2021\/07\/retina-risk-logo3.jpg 448w, https:\/\/okulistyka21.pl\/wp-content\/uploads\/2021\/07\/retina-risk-logo3-300x80.jpg 300w\" sizes=\"(max-width: 448px) 100vw, 448px\" \/>\t\t\t\t\t\t\t\t\t\t\t\t\t\t<\/div>\n\t\t\t\t\t\t<\/div>\n\t\t\t\t<\/div>\n\t\t\t\t<div class=\"elementor-element elementor-element-b37ba89 elementor-widget elementor-widget-text-editor\" data-id=\"b37ba89\" data-element_type=\"widget\" data-widget_type=\"text-editor.default\">\n\t\t\t\t<div class=\"elementor-widget-container\">\n\t\t\t\t\t\t\t\t<div class=\"elementor-text-editor elementor-clearfix\">\n\t\t\t\t\t<p>Modern app to assess the risk of developing diabetic retinopathy<\/p>\n<p>Today, 430 million people worldwide have diabetes, three times as many as in 2000. Predictions show that there will be 600 million sufferers in 2045. Two in three of them will develop diabetic retinopathy during their lifetime, which can even lead to sight loss. The RetinaRisk app allows people with diabetes to better monitor their disease and assess their risk of developing diabetic retinopathy.<\/p>\n<p>The risk of the disease is calculated based on several factors: type and duration of diabetes, gender, blood glucose level (HbA1c) and blood pressure. The app provides a pictorial overview of an individual's risk of developing diabetic retinopathy and the factors that are key to lowering it. It provides effective educational tips for patients on how to change habits and elements of life to significantly prevent vision loss due to retinopathy.<\/p>\n<p>The app also provides information on diabetes, its complications including diabetic retinopathy and the importance of regular eye examinations. One feature allows users to set goals and check their progress in treatment.<\/p>\n<p>The app has been designed by a team of Icelandic scientists and healthcare professionals with more than 30 years of experience in screening for diabetic retinopathy in people with diabetes. The algorithm is based on a large international study of 20 000 patients. The technology is based on epidemiological data, allowing individualised screening intervals to be set.<\/p>\n<p><a href=\"http:\/\/www.retinarisk.com\" target=\"_blank\">www.retinarisk.com<\/a><br><\/p>\t\t\t\t\t<\/div>\n\t\t\t\t\t\t<\/div>\n\t\t\t\t<\/div>\n\t\t\t\t\t\t<\/div>\n\t\t\t\t\t<\/div>\n\t\t<\/div>\n\t\t\t\t\t\t\t\t<\/div>\n\t\t\t\t\t<\/div>\n\t\t<\/section>\n\t\t\t\t\t\t<\/div>\n\t\t\t\t\t\t<\/div>\n\t\t\t\t\t<\/div>","protected":false},"excerpt":{"rendered":"<p>Strona g\u0142\u00f3wna Nowoczesna aplikacja oceniaj\u0105ca ryzyko rozwoju retinopatii cukrzycowej Obecnie na \u015bwiecie 430 mln os\u00f3b choruje na cukrzyc\u0119, czyli trzy razy wi\u0119cej ni\u017c w 2000 roku. Przewidywania pokazuj\u0105, \u017ce chorych w 2045 roku b\u0119dzie 600 mln. U dw\u00f3ch na trzech z nich w ci\u0105gu \u017cycia rozwinie si\u0119 retinopatia cukrzycowa, kt\u00f3ra mo\u017ce prowadzi\u0107 nawet do utraty [&hellip;]<\/p>","protected":false},"author":1,"featured_media":0,"parent":0,"menu_order":0,"comment_status":"closed","ping_status":"closed","template":"elementor_canvas","meta":[],"_links":{"self":[{"href":"https:\/\/okulistyka21.pl\/en\/wp-json\/wp\/v2\/pages\/606"}],"collection":[{"href":"https:\/\/okulistyka21.pl\/en\/wp-json\/wp\/v2\/pages"}],"about":[{"href":"https:\/\/okulistyka21.pl\/en\/wp-json\/wp\/v2\/types\/page"}],"author":[{"embeddable":true,"href":"https:\/\/okulistyka21.pl\/en\/wp-json\/wp\/v2\/users\/1"}],"replies":[{"embeddable":true,"href":"https:\/\/okulistyka21.pl\/en\/wp-json\/wp\/v2\/comments?post=606"}],"version-history":[{"count":4,"href":"https:\/\/okulistyka21.pl\/en\/wp-json\/wp\/v2\/pages\/606\/revisions"}],"predecessor-version":[{"id":611,"href":"https:\/\/okulistyka21.pl\/en\/wp-json\/wp\/v2\/pages\/606\/revisions\/611"}],"wp:attachment":[{"href":"https:\/\/okulistyka21.pl\/en\/wp-json\/wp\/v2\/media?parent=606"}],"curies":[{"name":"wp","href":"https:\/\/api.w.org\/{rel}","templated":true}]}}