{"id":591,"date":"2021-07-07T16:45:39","date_gmt":"2021-07-07T14:45:39","guid":{"rendered":"https:\/\/okulistyka21.pl\/?page_id=591"},"modified":"2025-11-14T16:04:37","modified_gmt":"2025-11-14T15:04:37","slug":"artykuly","status":"publish","type":"page","link":"https:\/\/okulistyka21.pl\/en\/publikacje\/artykuly\/","title":{"rendered":"Articles"},"content":{"rendered":"<div data-elementor-type=\"wp-page\" data-elementor-id=\"591\" class=\"elementor elementor-591\" data-elementor-settings=\"[]\">\n\t\t\t\t\t\t<div class=\"elementor-inner\">\n\t\t\t\t\t\t\t<div class=\"elementor-section-wrap\">\n\t\t\t\t\t\t\t<section class=\"elementor-section elementor-top-section elementor-element elementor-element-1511685 elementor-section-boxed elementor-section-height-default elementor-section-height-default\" data-id=\"1511685\" data-element_type=\"section\" data-settings=\"{&quot;background_background&quot;:&quot;gradient&quot;}\">\n\t\t\t\t\t\t\t<div class=\"elementor-background-overlay\"><\/div>\n\t\t\t\t\t\t\t<div class=\"elementor-container elementor-column-gap-default\">\n\t\t\t\t\t\t\t<div class=\"elementor-row\">\n\t\t\t\t\t<div class=\"elementor-column elementor-col-100 elementor-top-column elementor-element elementor-element-ae7e463\" data-id=\"ae7e463\" data-element_type=\"column\">\n\t\t\t<div class=\"elementor-column-wrap elementor-element-populated\">\n\t\t\t\t\t\t\t<div class=\"elementor-widget-wrap\">\n\t\t\t\t\t\t<div class=\"elementor-element elementor-element-3475931 elementor-widget elementor-widget-heading\" data-id=\"3475931\" data-element_type=\"widget\" data-widget_type=\"heading.default\">\n\t\t\t\t<div class=\"elementor-widget-container\">\n\t\t\t<h1 class=\"elementor-heading-title elementor-size-default\">Articles<\/h1>\t\t<\/div>\n\t\t\t\t<\/div>\n\t\t\t\t<div class=\"elementor-element elementor-element-f5ff4cd elementor-icon-list--layout-inline elementor-align-center elementor-list-item-link-full_width elementor-widget elementor-widget-icon-list\" data-id=\"f5ff4cd\" data-element_type=\"widget\" data-widget_type=\"icon-list.default\">\n\t\t\t\t<div class=\"elementor-widget-container\">\n\t\t\t\t\t<ul class=\"elementor-icon-list-items elementor-inline-items\">\n\t\t\t\t\t\t\t<li class=\"elementor-icon-list-item elementor-inline-item\">\n\t\t\t\t\t<a href=\"https:\/\/okulistyka21.pl\/en\">\t\t\t\t\t\t<span class=\"elementor-icon-list-icon\">\n\t\t\t\t\t\t\t<i aria-hidden=\"true\" class=\"icon icon-home\"><\/i>\t\t\t\t\t\t<\/span>\n\t\t\t\t\t\t\t\t\t\t<span class=\"elementor-icon-list-text\">Homepage<\/span>\n\t\t\t\t\t\t\t\t\t\t\t<\/a>\n\t\t\t\t\t\t\t\t\t<\/li>\n\t\t\t\t\t\t\t\t<li class=\"elementor-icon-list-item elementor-inline-item\">\n\t\t\t\t\t\t\t\t\t\t\t<span class=\"elementor-icon-list-icon\">\n\t\t\t\t\t\t\t<i aria-hidden=\"true\" class=\"fas fa-chevron-right\"><\/i>\t\t\t\t\t\t<\/span>\n\t\t\t\t\t\t\t\t\t\t<span class=\"elementor-icon-list-text\">Articles<\/span>\n\t\t\t\t\t\t\t\t\t<\/li>\n\t\t\t\t\t\t<\/ul>\n\t\t\t\t<\/div>\n\t\t\t\t<\/div>\n\t\t\t\t\t\t<\/div>\n\t\t\t\t\t<\/div>\n\t\t<\/div>\n\t\t\t\t\t\t\t\t<\/div>\n\t\t\t\t\t<\/div>\n\t\t<\/section>\n\t\t\t\t<section class=\"elementor-section elementor-top-section elementor-element elementor-element-5d8964a elementor-section-boxed elementor-section-height-default elementor-section-height-default\" data-id=\"5d8964a\" data-element_type=\"section\" data-settings=\"{&quot;background_background&quot;:&quot;classic&quot;}\">\n\t\t\t\t\t\t<div class=\"elementor-container elementor-column-gap-default\">\n\t\t\t\t\t\t\t<div class=\"elementor-row\">\n\t\t\t\t\t<div class=\"elementor-column elementor-col-100 elementor-top-column elementor-element elementor-element-2363b88\" data-id=\"2363b88\" data-element_type=\"column\">\n\t\t\t<div class=\"elementor-column-wrap elementor-element-populated\">\n\t\t\t\t\t\t\t<div class=\"elementor-widget-wrap\">\n\t\t\t\t\t\t<div class=\"elementor-element elementor-element-d9184d4 elementor-widget elementor-widget-heading\" data-id=\"d9184d4\" data-element_type=\"widget\" data-widget_type=\"heading.default\">\n\t\t\t\t<div class=\"elementor-widget-container\">\n\t\t\t<h2 class=\"elementor-heading-title elementor-size-default\">Wybrane artyku\u0142y 2025r. \n\n<\/h2>\t\t<\/div>\n\t\t\t\t<\/div>\n\t\t\t\t<div class=\"elementor-element elementor-element-0f2debe elementor-widget-divider--view-line elementor-widget elementor-widget-divider\" data-id=\"0f2debe\" data-element_type=\"widget\" data-widget_type=\"divider.default\">\n\t\t\t\t<div class=\"elementor-widget-container\">\n\t\t\t\t\t<div class=\"elementor-divider\">\n\t\t\t<span class=\"elementor-divider-separator\">\n\t\t\t\t\t\t<\/span>\n\t\t<\/div>\n\t\t\t\t<\/div>\n\t\t\t\t<\/div>\n\t\t\t\t<div class=\"elementor-element elementor-element-a3e7d2e elementor-widget elementor-widget-text-editor\" data-id=\"a3e7d2e\" data-element_type=\"widget\" data-widget_type=\"text-editor.default\">\n\t\t\t\t<div class=\"elementor-widget-container\">\n\t\t\t\t\t\t\t\t<div class=\"elementor-text-editor elementor-clearfix\">\n\t\t\t\t\t<p>Grzybowski A., DU\u017bE MODELE J\u0118ZYKOWE (LLM) W OKULISTYCE nr 3\/2025<\/p><p><blockquote class=\"wp-embedded-content\" data-secret=\"bwzTltds3W\"><a href=\"https:\/\/przegladokulistyczny.pl\/2025\/10\/20\/duze-modele-jezykowe-llm-w-okulistyce\">DU\u017bE MODELE J\u0118ZYKOWE (LLM) W OKULISTYCE nr 3\/2025<\/a><\/blockquote><iframe class=\"wp-embedded-content\" sandbox=\"allow-scripts\" security=\"restricted\" style=\"position: absolute; clip: rect(1px, 1px, 1px, 1px);\" title=\"&#8222;DU\u017bE MODELE J\u0118ZYKOWE (LLM) W OKULISTYCE nr 3\/2025&#8221; &#8212; Przegl\u0105d okulistyczny\" src=\"https:\/\/przegladokulistyczny.pl\/2025\/10\/20\/duze-modele-jezykowe-llm-w-okulistyce\/embed#?secret=9BxR0zTQlk#?secret=bwzTltds3W\" data-secret=\"bwzTltds3W\" width=\"600\" height=\"338\" frameborder=\"0\" marginwidth=\"0\" marginheight=\"0\" scrolling=\"no\"><\/iframe><\/p>\t\t\t\t\t<\/div>\n\t\t\t\t\t\t<\/div>\n\t\t\t\t<\/div>\n\t\t\t\t\t\t<\/div>\n\t\t\t\t\t<\/div>\n\t\t<\/div>\n\t\t\t\t\t\t\t\t<\/div>\n\t\t\t\t\t<\/div>\n\t\t<\/section>\n\t\t\t\t<section class=\"elementor-section elementor-top-section elementor-element elementor-element-ea45eaa elementor-section-boxed elementor-section-height-default elementor-section-height-default\" data-id=\"ea45eaa\" data-element_type=\"section\">\n\t\t\t\t\t\t<div class=\"elementor-container elementor-column-gap-default\">\n\t\t\t\t\t\t\t<div class=\"elementor-row\">\n\t\t\t\t\t<div class=\"elementor-column elementor-col-100 elementor-top-column elementor-element elementor-element-2eaf135\" data-id=\"2eaf135\" data-element_type=\"column\">\n\t\t\t<div class=\"elementor-column-wrap elementor-element-populated\">\n\t\t\t\t\t\t\t<div class=\"elementor-widget-wrap\">\n\t\t\t\t\t\t<div class=\"elementor-element elementor-element-c35e360 elementor-widget elementor-widget-heading\" data-id=\"c35e360\" data-element_type=\"widget\" data-widget_type=\"heading.default\">\n\t\t\t\t<div class=\"elementor-widget-container\">\n\t\t\t<h2 class=\"elementor-heading-title elementor-size-default\">Selected articles 2021. \n\n<\/h2>\t\t<\/div>\n\t\t\t\t<\/div>\n\t\t\t\t<div class=\"elementor-element elementor-element-106607f elementor-widget-divider--view-line elementor-widget elementor-widget-divider\" data-id=\"106607f\" data-element_type=\"widget\" data-widget_type=\"divider.default\">\n\t\t\t\t<div class=\"elementor-widget-container\">\n\t\t\t\t\t<div class=\"elementor-divider\">\n\t\t\t<span class=\"elementor-divider-separator\">\n\t\t\t\t\t\t<\/span>\n\t\t<\/div>\n\t\t\t\t<\/div>\n\t\t\t\t<\/div>\n\t\t\t\t<div class=\"elementor-element elementor-element-42118d6 elementor-widget elementor-widget-text-editor\" data-id=\"42118d6\" data-element_type=\"widget\" data-widget_type=\"text-editor.default\">\n\t\t\t\t<div class=\"elementor-widget-container\">\n\t\t\t\t\t\t\t\t<div class=\"elementor-text-editor elementor-clearfix\">\n\t\t\t\t\t<p>Grzybowski A, Eppig T,\u00a0<strong>Angle alpha as predictor for improving patient satisfaction\u00a0<\/strong><strong>with multifocal intraocular lenses?<\/strong>\u00a0<em>Graefes Arch Clin Exp Ophthalmol,<\/em>\u00a02021<\/p><p><a href=\"https:\/\/doi.org\/10.1007\/s00417-020-05053-4\">https:\/\/doi.org\/10.1007\/s00417-020-05053-4<\/a><\/p><p>N\u00e9meth J, Tapaszt\u00f3 B, Aclimandos WA, Kestelyn P, Jonas JB, De Faber JHN, Januleviciene I, Grzybowski A, Nagy ZZ, P\u00e4rssinen O, Guggenheim JA, Allen PM, Baraas RC, Saunders KJ, Flitcroft DI, Gray LS, Polling JR, Haarman AE, Tideman JWL, Wolffsohn JS, Wahl S, Mulder JA, Smirnova IY, Formenti M, Radhakrishnan H, Resnikoff S. Update and guidance on management of myopia. European Society of Ophthalmology in collaboration with International Myopia Institute. Eur J Ophthalmol. 2021 Mar 5:1120672121998960. doi: 10.1177\/1120672121998960<\/p><p>Grzybowski A., Tuuminen R. Should We Expect the Rise of Nd:YAG Laser Capsulotomies in the Future? American Journal of Ophthalmology 2021 doi: 10.1016\/j.ajo.2020.12.035<\/p><p>Wanichwecharungruang B.; Kaothanthong N., Pattanapongpaiboon W.; Chantangphol P.; Seresirikachorn K.; Srisuwanporn Ch.; Parivisutt N.; Grzybowski A.; Theeramunkong T.; Ruamviboonsuk P. Deep Learning for Anterior Segment Optical Coherence Tomography to Predict the Presence of Plateau Iris. Translational Vision Science &amp; Technology January 2021 doi: 10.1167\/tvst.10.1.7<\/p><p>Modjtahedi BS, Abbott RL, Fong DS, Lum F, Tan D; Task Force on Myopia. Reducing the Global Burden of Myopia by Delaying the Onset of Myopia and Reducing Myopic Progression in Children: the Academy's Task Force on Myopia. Ophthalmology. 2020 Dec 30:S0161-6420(20)31043-5. doi: 10.1016\/j.ophtha.2020.10.040.<\/p><p>Grzybowski A, Brona P. Analysis and Comparison of Two Artificial Intelligence Diabetic Retinopathy Screening Algorithms in a Pilot Study: IDx-DR and Retinalyze. J Clin Med. 2021 May 27;10(11):2352.<\/p><p>Mikalauskiene L, Grzybowski A, Zemaitiene R. Ocular Surface Changes Associated with Ophthalmic Surgery. J Clin Med. 2021 Apr 12;10(8):1642.<\/p><p>Ghiasian L, Abri Aghdam K, Azizi E, Abdolalizadeh P, Janani L, Grzybowski A, Ghasemi Falavarjani K. Choroidal thickness after phacoemulsification: nonrandomized comparison of postoperative topical ketorolac vs dexamethasone vs combination of ketorolac-dexamethasone eyedrops. J Cataract Refract Surg. 2021 Jan 1;47(1):46-52.<\/p><p>Kiew SY, Yeo IYS, Golnik KC, Muriel-Herrero MA, Fuertes-Barahona V, Grzybowski A. The Ophthalmology Surgical Competency Assessment Rubric for Intravitreal Injections (ICO-OSCAR:IVI). J Clin Med. 2021 Apr 2;10(7):1476.<\/p><p>Pieczy\u0144ski J. Kuklo P. Grzybowski A. The Role of Telemedicine, In-Home Testing and Artificial Intelligence to Alleviate an Increasingly Burdened Healthcare System: Diabetic Retinopathy. Ophthalmology Therapy 2021, doi: 10.1007\/s40123-021-00353-2<\/p><p>Ghiasian L., Abri Aghdam K., Azizi E., Abdolalizadeh P., Janani L., Grzybowski A., Ghasemi Falavarjani K. Choroidal thickness after phacoemulsification; a non-randomized comparison of postoperative topical ketorolac versus dexamethasone versus a combination of ketorolac-dexamethasone eye drops. J Cataract Refract Surg 2020 doi: 10.1097\/j.jcrs.0000000000000477<\/p><p>Aaronson A, Taipale C, Achiron A, Aaltonen V, Grzybowski A, Tuuminen R. Relationship Between Prolonged Intraocular Inflammation and Macular Edema After Cataract Surgery. Translational Vision Science and Technology 2021, doi: 10.1167\/tvst.10.7.15<\/p><p>Taubenslag KJ, Kim SJ, Grzybowski A. Anti-inflammatory Pharmacotherapy for the Prevention of Cystoid Macular Edema after Cataract Surgery. American Journal of Ophthalmology 2021, doi: 10.1016\/j.ajo.2021.06.009<\/p><p>Rzepinski \u0141, Kucharczuk J, Maciejek Z, Grzybowski A, Parisi V. Spectral-Domain Optical Coherence Tomography Assessment in Treatment-Na\u00efve Patients with Clinically Isolated Syndrome and Different Multiple Sclerosis Types: Findings and Relationship with the Disability Status. Journal of Clinical Medicine 2021, doi: 10.3390\/jcm10132892<\/p>\t\t\t\t\t<\/div>\n\t\t\t\t\t\t<\/div>\n\t\t\t\t<\/div>\n\t\t\t\t\t\t<\/div>\n\t\t\t\t\t<\/div>\n\t\t<\/div>\n\t\t\t\t\t\t\t\t<\/div>\n\t\t\t\t\t<\/div>\n\t\t<\/section>\n\t\t\t\t<section class=\"elementor-section elementor-top-section elementor-element elementor-element-c9ea8a8 elementor-section-boxed elementor-section-height-default elementor-section-height-default\" data-id=\"c9ea8a8\" data-element_type=\"section\" data-settings=\"{&quot;background_background&quot;:&quot;classic&quot;}\">\n\t\t\t\t\t\t<div class=\"elementor-container elementor-column-gap-default\">\n\t\t\t\t\t\t\t<div class=\"elementor-row\">\n\t\t\t\t\t<div class=\"elementor-column elementor-col-100 elementor-top-column elementor-element elementor-element-5c6b38c\" data-id=\"5c6b38c\" data-element_type=\"column\">\n\t\t\t<div class=\"elementor-column-wrap elementor-element-populated\">\n\t\t\t\t\t\t\t<div class=\"elementor-widget-wrap\">\n\t\t\t\t\t\t<div class=\"elementor-element elementor-element-774fffc elementor-widget elementor-widget-heading\" data-id=\"774fffc\" data-element_type=\"widget\" data-widget_type=\"heading.default\">\n\t\t\t\t<div class=\"elementor-widget-container\">\n\t\t\t<h2 class=\"elementor-heading-title elementor-size-default\">Selected articles 2020. \n\n<\/h2>\t\t<\/div>\n\t\t\t\t<\/div>\n\t\t\t\t<div class=\"elementor-element elementor-element-9385537 elementor-widget-divider--view-line elementor-widget elementor-widget-divider\" data-id=\"9385537\" data-element_type=\"widget\" data-widget_type=\"divider.default\">\n\t\t\t\t<div class=\"elementor-widget-container\">\n\t\t\t\t\t<div class=\"elementor-divider\">\n\t\t\t<span class=\"elementor-divider-separator\">\n\t\t\t\t\t\t<\/span>\n\t\t<\/div>\n\t\t\t\t<\/div>\n\t\t\t\t<\/div>\n\t\t\t\t<div class=\"elementor-element elementor-element-53414f6 elementor-widget elementor-widget-text-editor\" data-id=\"53414f6\" data-element_type=\"widget\" data-widget_type=\"text-editor.default\">\n\t\t\t\t<div class=\"elementor-widget-container\">\n\t\t\t\t\t\t\t\t<div class=\"elementor-text-editor elementor-clearfix\">\n\t\t\t\t\t<p>Gaw\u0119cki, M.; Jaszczuk, A.; Grzybowski, A.<strong>&nbsp;Short Term Presence of Subretinal Fluid in Central Serous Chorioretinopathy Affects Retinal Thickness and Function.<\/strong>&nbsp;<em>J. Clin. Med.<\/em>&nbsp;2020,&nbsp;<em>9<\/em>, 3429.<\/p>\n<p><a href=\"doi:10.3390\/jcm9113429\">doi:10.3390\/jcm9113429<\/a><\/p>\n<p><\/p>\n<p>Meier-Gibbons F, Grzybowski A.,&nbsp;<strong>Hans Goldmann (1899-1991),&nbsp;<\/strong>J Neurol. 2020 Oct 6.<\/p>\n<p><a href=\"doi: 10.1007\/s00415-020-10253-3\">doi: 10.1007\/s00415-020-10253-3<\/a><\/p>\n<p><\/p>\n<p>Pont C, Ascaso FJ, Grzybowski A, Huerva V.,&nbsp;<strong>Corenal endothelial cell density during diabetes mellitus and ocular diabetes complications treatment,&nbsp;<\/strong>J Fr Ophtalmol. 2020 Oct;43(8):794-798.&nbsp;<a href=\"doi: 10.1016\/j.jfo.2019.12.003\">doi: 10.1016\/j.jfo.2019.12.003<\/a><\/p>\n<p><\/p>\n<p>Ziccardi L, Barbano L, Boffa L, Albanese M, Grzybowski A, Centonze D, Parisi V.,&nbsp;<strong>Morphological Outer Retina Findings in Multiple Sclerosis Pateints With or Without Optic Neuritis<\/strong>, Front Neurol. 2020 Sep 15;11:858.<\/p>\n<p><a href=\"doi: 10.3389\/fneur.2020.00858\">doi: 10.3389\/fneur.2020.00858<\/a><\/p>\n<p><\/p>\n<p>Grzybowski A., Kanclerz P.,&nbsp;<strong>Substitutes for 5% Povidone-iodine in Intravitreal and Intracameral Injections<\/strong>, J Glaucoma. 2020 Oct 16.<\/p>\n<p><a href=\"doi: 10.1097\/IJG.0000000000001708\">doi: 10.1097\/IJG.0000000000001708<\/a><\/p>\n<p><\/p>\n<p>Leffler CT, Ing E. , Lykins JD, Hogan MC, McKeown CA, Grzybowski A.&nbsp;<strong><em>Association of country-wide coronavirus mortality with demographics, testing, lockdowns, and public wearing of masks.<\/em><\/strong><\/p>\n<p><em>Wide variation in mortality vs. illness (COVID-19) due to SARS-CoV-2 virus between countries was reported. Potential factors for nationwide coronavirus-related mortality including age, sex, temperature, urbanisation, viral testing, smoking, duration of infection, blockades and public mask-wearing norms were investigated. A multivariate analysis was conducted in this regard.<strong>&nbsp;<\/strong><\/em><\/p>\n<p>&nbsp;<a href=\"https:\/\/www.researchgate.net\/publication\/341539484_Association_of_country-wide_coronavirus_mortality_with_demographics_testing_lockdowns_and_public_wearing_of_masks\/stats\">https:\/\/www.researchgate.net\/publication\/341539484_Association_of_country-wide_coronavirus_mortality_with_demographics_testing_lockdowns_and_public_wearing_of_masks\/stats<\/a><\/p>\n<p><a href=\"https:\/\/www.researchgate.net\/publication\/341539484_Association_of_country-wide_coronavirus_mortality_with_demographics_testing_lockdowns_and_public_wearing_of_masks\/stats\"><br><\/a>Leffler CT, Ing E. , Lykins JD, Hogan MC, McKeown CA, Grzybowski A.&nbsp;<em><strong>Country-wide coronavirus mortality and use of masks by the public.<\/strong><br>The article points out the important role of wearing masks. Lower coronavirus mortality was observed in countries where the public wears masks.&nbsp;<br><a href=\"https:\/\/www.researchgate.net\/publication\/340869819_Country-wide_coronavirus_mortality_and_use_of_masks_by_the_public\">doi: 10.13140 \/ RG.2.2.35208.37125<\/a><\/em><\/p>\n<p><\/p>\n<p>Grzybowski A., Kanclerz P.,&nbsp;<em><strong>Methods for achieving adequate pupil size in cataract surgery<\/strong>,<\/em>&nbsp;Current Opinion in Ophthalmology 2020;31(1):p33-42<\/p>\n<p><em>Discuss risk factors and methods of pupil dilation in the cataract patient.<\/em><\/p>\n<p>doi:&nbsp;<a class=\"id-link\" href=\"https:\/\/doi.org\/10.1097\/icu.0000000000000634\" target=\"_blank\" rel=\"noopener\" data-ga-category=\"full_text\" data-ga-action=\"doi\">10.1097\/ICU.0000000000000634<\/a><\/p>\n<p><\/p>\n<p>Grzybowski A., Brona P., Zeman L., Stewart MW.&nbsp;<strong><em>Commonly Used Intracameral Antibiotics for Endophthalmitis Prophylaxis: A Literature Review<\/em>.<\/strong>&nbsp;Survey of Ophthalmology 2020<\/p>\n<p><em>Discussion of the most commonly used antibiotics for intraocular inflammation due to complications after cataract surgery, administered into the anterior chamber of the eye.&nbsp;&nbsp;<\/em><\/p>\n<p>doi: 10.1016\/j.survophthal.2020.04.006<\/p>\n<p><\/p>\n<p>Grzybowski A., Kanclerz P., Tuuminen R.,&nbsp;<em><strong>Multifocal intraocular lenses and retinal diseases<\/strong>,<\/em>&nbsp;Graefe's Archive for Clinical and Experimental Ophthalmology 2020<\/p>\n<p><em>Evaluation of the effect of multifocal intraocular lens implantation on the quality of vision (e.g. a supposed decrease in contrast sensitivity) in patients with retinal diseases.<\/em><\/p>\n<p>doi: 10.1007\/s00417-020-04603-0<\/p>\n<p><\/p>\n<p>Grzybowski A., Och M., Kanclerz P., Leffler Ch., De Moraes C.G..&nbsp;<strong><em>Primary Open Angle Glaucoma and Vascular Risk Factors: A Review of Population Based Studies from 1990 to 2019<\/em>.<\/strong>&nbsp;Journal of Clinical Medicine 2020<\/p>\n<p><em>Analysis of the association between systemic vascular risk factors (including hypertension, diabetes, age and migraine) and the development of primary open angle glaucoma based on large epidemiological studies.&nbsp;<\/em><\/p>\n<p><em>doi: 10.3390\/jcm9030761<\/em><\/p>\n<p><\/p>\n<p>Grzybowski A., Kanclerz P., Tuuminen R.<strong><em>&nbsp;Should routine testing in patients undergoing cataract surgery be avoided?<\/em><\/strong>&nbsp;Journal of Cataract &amp; Refractive Surgery 2020;46(1):152-153<\/p>\n<p><em>This article is an analysis of the various study plans for cataract surgery preparation. It assesses their necessity and thus evaluates the possibility of reducing preoperative costs<\/em><\/p>\n<p>doi:&nbsp;<a class=\"id-link\" href=\"https:\/\/doi.org\/10.1097\/j.jcrs.0000000000000004\" target=\"_blank\" rel=\"noopener\" data-ga-category=\"full_text\" data-ga-action=\"doi\">10.1097\/j.jcrs.0000000000000004<\/a><\/p>\n<p><\/p>\n<p>Yip M., Lim G., Lim Z.W., Nguyen Q., Chong C.C.Y., Yu M., Bellemo V., Xie Y., Lee X.Q., Hamzah H., Ho J., Tan T., Sabanayagam Ch., Grzybowski A., Tan G.S.W., Hsu W., Lee M.L. Wong T.Y., Ting D.S.W..&nbsp;<em><strong>Technical and imaging factors influencing performance of deep learning systems for diabetic retinopathy<\/strong>,&nbsp;<\/em>Digital Medicine 2020<\/p>\n<p><em>The study provides a guide for researchers to understand the factors that may influence the development of algorithms for detecting diabetic retinopathy and other diseases from retinal images.&nbsp;<\/em><\/p>\n<p>doi: 10.1038\/s41746-020-0247-1<\/p>\t\t\t\t\t<\/div>\n\t\t\t\t\t\t<\/div>\n\t\t\t\t<\/div>\n\t\t\t\t\t\t<\/div>\n\t\t\t\t\t<\/div>\n\t\t<\/div>\n\t\t\t\t\t\t\t\t<\/div>\n\t\t\t\t\t<\/div>\n\t\t<\/section>\n\t\t\t\t\t\t<\/div>\n\t\t\t\t\t\t<\/div>\n\t\t\t\t\t<\/div>","protected":false},"excerpt":{"rendered":"<p>Strona g\u0142\u00f3wna Wybrane artyku\u0142y 2025r. Grzybowski A., DU\u017bE MODELE J\u0118ZYKOWE (LLM) W OKULISTYCE nr 3\/2025 DU\u017bE MODELE J\u0118ZYKOWE (LLM) W OKULISTYCE nr 3\/2025 Wybrane artyku\u0142y 2021r. Grzybowski A, Eppig T,\u00a0Angle alpha as predictor for improving patient satisfaction\u00a0with multifocal intraocular lenses?,\u00a0Graefes Arch Clin Exp Ophthalmol,\u00a02021 https:\/\/doi.org\/10.1007\/s00417-020-05053-4 N\u00e9meth J, Tapaszt\u00f3 B, Aclimandos WA, Kestelyn P, Jonas JB, [&hellip;]<\/p>","protected":false},"author":1,"featured_media":0,"parent":577,"menu_order":0,"comment_status":"closed","ping_status":"closed","template":"elementor_canvas","meta":[],"_links":{"self":[{"href":"https:\/\/okulistyka21.pl\/en\/wp-json\/wp\/v2\/pages\/591"}],"collection":[{"href":"https:\/\/okulistyka21.pl\/en\/wp-json\/wp\/v2\/pages"}],"about":[{"href":"https:\/\/okulistyka21.pl\/en\/wp-json\/wp\/v2\/types\/page"}],"author":[{"embeddable":true,"href":"https:\/\/okulistyka21.pl\/en\/wp-json\/wp\/v2\/users\/1"}],"replies":[{"embeddable":true,"href":"https:\/\/okulistyka21.pl\/en\/wp-json\/wp\/v2\/comments?post=591"}],"version-history":[{"count":10,"href":"https:\/\/okulistyka21.pl\/en\/wp-json\/wp\/v2\/pages\/591\/revisions"}],"predecessor-version":[{"id":2655,"href":"https:\/\/okulistyka21.pl\/en\/wp-json\/wp\/v2\/pages\/591\/revisions\/2655"}],"up":[{"embeddable":true,"href":"https:\/\/okulistyka21.pl\/en\/wp-json\/wp\/v2\/pages\/577"}],"wp:attachment":[{"href":"https:\/\/okulistyka21.pl\/en\/wp-json\/wp\/v2\/media?parent=591"}],"curies":[{"name":"wp","href":"https:\/\/api.w.org\/{rel}","templated":true}]}}