{"id":544,"date":"2021-07-07T14:59:44","date_gmt":"2021-07-07T12:59:44","guid":{"rendered":"https:\/\/okulistyka21.pl\/?page_id=544"},"modified":"2022-08-26T12:19:57","modified_gmt":"2022-08-26T10:19:57","slug":"webinary","status":"publish","type":"page","link":"https:\/\/okulistyka21.pl\/en\/webinary\/","title":{"rendered":"Webinars"},"content":{"rendered":"<div data-elementor-type=\"wp-page\" data-elementor-id=\"544\" class=\"elementor elementor-544\" data-elementor-settings=\"[]\">\n\t\t\t\t\t\t<div class=\"elementor-inner\">\n\t\t\t\t\t\t\t<div class=\"elementor-section-wrap\">\n\t\t\t\t\t\t\t<section class=\"elementor-section elementor-top-section elementor-element elementor-element-cb7bb46 elementor-section-boxed elementor-section-height-default elementor-section-height-default\" data-id=\"cb7bb46\" data-element_type=\"section\" data-settings=\"{&quot;background_background&quot;:&quot;gradient&quot;}\">\n\t\t\t\t\t\t\t<div class=\"elementor-background-overlay\"><\/div>\n\t\t\t\t\t\t\t<div class=\"elementor-container elementor-column-gap-default\">\n\t\t\t\t\t\t\t<div class=\"elementor-row\">\n\t\t\t\t\t<div class=\"elementor-column elementor-col-100 elementor-top-column elementor-element elementor-element-40e67e93\" data-id=\"40e67e93\" data-element_type=\"column\">\n\t\t\t<div class=\"elementor-column-wrap elementor-element-populated\">\n\t\t\t\t\t\t\t<div class=\"elementor-widget-wrap\">\n\t\t\t\t\t\t<div class=\"elementor-element elementor-element-15a283b2 elementor-widget elementor-widget-heading\" data-id=\"15a283b2\" data-element_type=\"widget\" data-widget_type=\"heading.default\">\n\t\t\t\t<div class=\"elementor-widget-container\">\n\t\t\t<h1 class=\"elementor-heading-title elementor-size-default\">Webinars<\/h1>\t\t<\/div>\n\t\t\t\t<\/div>\n\t\t\t\t<div class=\"elementor-element elementor-element-6daed936 elementor-icon-list--layout-inline elementor-align-center elementor-list-item-link-full_width elementor-widget elementor-widget-icon-list\" data-id=\"6daed936\" data-element_type=\"widget\" data-widget_type=\"icon-list.default\">\n\t\t\t\t<div class=\"elementor-widget-container\">\n\t\t\t\t\t<ul class=\"elementor-icon-list-items elementor-inline-items\">\n\t\t\t\t\t\t\t<li class=\"elementor-icon-list-item elementor-inline-item\">\n\t\t\t\t\t<a href=\"https:\/\/okulistyka21.pl\/en\">\t\t\t\t\t\t<span class=\"elementor-icon-list-icon\">\n\t\t\t\t\t\t\t<i aria-hidden=\"true\" class=\"icon icon-home\"><\/i>\t\t\t\t\t\t<\/span>\n\t\t\t\t\t\t\t\t\t\t<span class=\"elementor-icon-list-text\">Homepage<\/span>\n\t\t\t\t\t\t\t\t\t\t\t<\/a>\n\t\t\t\t\t\t\t\t\t<\/li>\n\t\t\t\t\t\t\t\t<li class=\"elementor-icon-list-item elementor-inline-item\">\n\t\t\t\t\t\t\t\t\t\t\t<span class=\"elementor-icon-list-icon\">\n\t\t\t\t\t\t\t<i aria-hidden=\"true\" class=\"fas fa-chevron-right\"><\/i>\t\t\t\t\t\t<\/span>\n\t\t\t\t\t\t\t\t\t\t<span class=\"elementor-icon-list-text\">Webinars<\/span>\n\t\t\t\t\t\t\t\t\t<\/li>\n\t\t\t\t\t\t<\/ul>\n\t\t\t\t<\/div>\n\t\t\t\t<\/div>\n\t\t\t\t\t\t<\/div>\n\t\t\t\t\t<\/div>\n\t\t<\/div>\n\t\t\t\t\t\t\t\t<\/div>\n\t\t\t\t\t<\/div>\n\t\t<\/section>\n\t\t\t\t<section class=\"elementor-section elementor-top-section elementor-element elementor-element-65ca57f9 elementor-section-boxed elementor-section-height-default elementor-section-height-default\" data-id=\"65ca57f9\" data-element_type=\"section\">\n\t\t\t\t\t\t\t<div class=\"elementor-background-overlay\"><\/div>\n\t\t\t\t\t\t\t<div class=\"elementor-container elementor-column-gap-default\">\n\t\t\t\t\t\t\t<div class=\"elementor-row\">\n\t\t\t\t\t<div class=\"elementor-column elementor-col-100 elementor-top-column elementor-element elementor-element-a642322\" data-id=\"a642322\" data-element_type=\"column\">\n\t\t\t<div class=\"elementor-column-wrap elementor-element-populated\">\n\t\t\t\t\t\t\t<div class=\"elementor-widget-wrap\">\n\t\t\t\t\t\t<div class=\"elementor-element elementor-element-be01b4f elementor-widget elementor-widget-text-editor\" data-id=\"be01b4f\" data-element_type=\"widget\" data-widget_type=\"text-editor.default\">\n\t\t\t\t<div class=\"elementor-widget-container\">\n\t\t\t\t\t\t\t\t<div class=\"elementor-text-editor elementor-clearfix\">\n\t\t\t\t\t<div><b>Foundation for the Support of Ophthalmic Development \"Okulistyka 21\"<\/b> together with the company <b>Alcon<\/b>\u00a0invites you to the next webinar on intraocular lens implantation procedures.<\/div>\t\t\t\t\t<\/div>\n\t\t\t\t\t\t<\/div>\n\t\t\t\t<\/div>\n\t\t\t\t<div class=\"elementor-element elementor-element-f6d2e36 elementor-widget elementor-widget-image\" data-id=\"f6d2e36\" data-element_type=\"widget\" data-widget_type=\"image.default\">\n\t\t\t\t<div class=\"elementor-widget-container\">\n\t\t\t\t\t\t\t\t<div class=\"elementor-image\">\n\t\t\t\t\t\t\t\t\t\t\t\t<img width=\"1536\" height=\"864\" src=\"https:\/\/okulistyka21.pl\/wp-content\/uploads\/2022\/08\/alcon-5-wrzesien-webinar-1-1536x864.png\" class=\"attachment-1536x1536 size-1536x1536\" alt=\"\" loading=\"lazy\" srcset=\"https:\/\/okulistyka21.pl\/wp-content\/uploads\/2022\/08\/alcon-5-wrzesien-webinar-1-1536x864.png 1536w, https:\/\/okulistyka21.pl\/wp-content\/uploads\/2022\/08\/alcon-5-wrzesien-webinar-1-300x169.png 300w, https:\/\/okulistyka21.pl\/wp-content\/uploads\/2022\/08\/alcon-5-wrzesien-webinar-1-1024x576.png 1024w, https:\/\/okulistyka21.pl\/wp-content\/uploads\/2022\/08\/alcon-5-wrzesien-webinar-1-768x432.png 768w, https:\/\/okulistyka21.pl\/wp-content\/uploads\/2022\/08\/alcon-5-wrzesien-webinar-1-18x10.png 18w, https:\/\/okulistyka21.pl\/wp-content\/uploads\/2022\/08\/alcon-5-wrzesien-webinar-1.png 1920w\" sizes=\"(max-width: 1536px) 100vw, 1536px\" \/>\t\t\t\t\t\t\t\t\t\t\t\t\t\t<\/div>\n\t\t\t\t\t\t<\/div>\n\t\t\t\t<\/div>\n\t\t\t\t<div class=\"elementor-element elementor-element-31d02e5 elementor-widget elementor-widget-spacer\" data-id=\"31d02e5\" data-element_type=\"widget\" data-widget_type=\"spacer.default\">\n\t\t\t\t<div class=\"elementor-widget-container\">\n\t\t\t\t\t<div class=\"elementor-spacer\">\n\t\t\t<div class=\"elementor-spacer-inner\"><\/div>\n\t\t<\/div>\n\t\t\t\t<\/div>\n\t\t\t\t<\/div>\n\t\t\t\t<div class=\"elementor-element elementor-element-54e7ff1 elementor-widget elementor-widget-text-editor\" data-id=\"54e7ff1\" data-element_type=\"widget\" data-widget_type=\"text-editor.default\">\n\t\t\t\t<div class=\"elementor-widget-container\">\n\t\t\t\t\t\t\t\t<div class=\"elementor-text-editor elementor-clearfix\">\n\t\t\t\t\t<p style=\"text-align: justify;\"><span style=\"font-family: 'Arial',sans-serif;\"><b>Dr n. med. Agnieszka \u0106wikli\u0144ska-Haszcz<\/b><\/span><\/p><p style=\"text-align: justify;\"><span style=\"font-family: 'Arial',sans-serif;\">Medical Director at Professor Zagorski Eye Surgery Centre in Na\u0142\u0119cz\u00f3w and Lublin and Senior Assistant at the Department of Glaucoma Diagnostics and Microsurgery at SPSK1 in Lublin.\u00a0<\/span><\/p><p style=\"text-align: justify;\"><span style=\"font-family: 'Arial',sans-serif;\">He specialises in cataract surgery and performs procedures for subluxated lenses, complicated and traumatic cataracts, using monofocal, toric and multifocal lenses. He has extensive experience in the diagnosis and treatment of corneal diseases, including the use of cross-linking and corneal transplantation. He also deals with dry eye syndrome, amniotic membrane transplants and anterior segment reconstructions. He performs qualification and surgical treatment of patients with high visual impairment - including refractive lens replacement and phakic lens implants.\u00a0<\/span><\/p><p style=\"text-align: justify;\"><span style=\"background-image: initial; background-position: initial; background-size: initial; background-repeat: initial; background-attachment: initial; background-origin: initial; background-clip: initial; font-size: 1rem; font-family: Arial, sans-serif;\"><span style=\"font-weight: bold; font-family: -apple-system, BlinkMacSystemFont, 'Segoe UI', Roboto, 'Helvetica Neue', Arial, 'Noto Sans', sans-serif;\"><span style=\"font-family: Arial, sans-serif;\">Dr Karolina Krix-Jachym, M.D.<\/span><\/span><br \/><\/span><\/p><p style=\"text-align: justify;\"><span style=\"background-image: initial; background-position: initial; background-size: initial; background-repeat: initial; background-attachment: initial; background-origin: initial; background-clip: initial; font-size: 1rem; font-family: Arial, sans-serif;\">Cataract Coordinator\u00a0<\/span><span style=\"font-size: 1rem; font-family: Arial, sans-serif;\">at the Department of Ophthalmology of the Military Medical Institute\u00a0<\/span><span style=\"font-size: 1rem; font-family: Arial, sans-serif;\">in Warsaw.<\/span><\/p><p style=\"text-align: justify; line-height: 18.4px;\"><span style=\"font-family: Arial, sans-serif;\">She obtained her medical degree after completing\u00a0<\/span><span style=\"font-family: Arial, sans-serif;\">Higher medical studies at the Faculty of Medicine of the L. Rydygier Medical Academy in Bydgoszcz in 2004. Since 2005, she has worked at the Department of Ophthalmology of the Military Medical Institute, currently as an assistant professor. In 2012, she was awarded the degree of Doctor of Medical Sciences by the resolution of the Scientific Council of the Military Medical Institute on the basis of her doctoral thesis entitled. \"Evaluation of the treatment of malignant glaucoma as a complication of fistula surgery\". She obtained the title of specialist in ophthalmology on 18 April 2013, after completing her specialisation training and passing the State Specialisation Examination.<\/span><\/p><p style=\"text-align: justify; line-height: 18.4px;\"><span style=\"font-family: Arial, sans-serif;\">She has actively participated in many national congresses and in the XXVI and XXX Congress of the ESCRS (European Society of Cataract and Refractive Surgery). She is co-author of the book Malignant Glaucoma, published in 2013, ISBN<a title=\"Specjalna:Ksi\u0105\u017cki\/9535110640\" href=\"https:\/\/pl.wikipedia.org\/wiki\/Specjalna:Ksi%C4%85%C5%BCki\/9535110640\">\u00a0<span style=\"color: windowtext;\">953-51-1064-0<\/span><\/a>). She has published her work in national and international journals, including the \"Journal of Cataract and refractive Surgery\"<\/span><span style=\"font-family: Arial, sans-serif; font-size: 1rem;\">, 'Journal of Ophthalmology,<\/span><span style=\"font-weight: bold; font-family: Arial, sans-serif; font-size: 1rem;\">\u00a0<\/span><span style=\"font-family: Arial, sans-serif; font-size: 1rem;\">\"Eye Clinic\". Her research interests and\u00a0<\/span><span style=\"font-family: Arial, sans-serif; font-size: 1rem;\">clinical topics include intraocular lenses, anterior eye surgery, especially\u00a0<\/span><span style=\"font-family: Arial, sans-serif; font-size: 1rem;\">cataract surgery.\u00a0<\/span><\/p>\t\t\t\t\t<\/div>\n\t\t\t\t\t\t<\/div>\n\t\t\t\t<\/div>\n\t\t\t\t<div class=\"elementor-element elementor-element-8625716 elementor-mobile-align-center elementor-align-center elementor-widget elementor-widget-button\" data-id=\"8625716\" data-element_type=\"widget\" data-widget_type=\"button.default\">\n\t\t\t\t<div class=\"elementor-widget-container\">\n\t\t\t\t\t<div class=\"elementor-button-wrapper\">\n\t\t\t<a href=\"http:\/\/landing.freshmail.io\/bfz3rxbpma\/okulistyka\" class=\"elementor-button-link elementor-button elementor-size-lg\" role=\"button\">\n\t\t\t\t\t\t<span class=\"elementor-button-content-wrapper\">\n\t\t\t\t\t\t<span class=\"elementor-button-text\">Registration<\/span>\n\t\t<\/span>\n\t\t\t\t\t<\/a>\n\t\t<\/div>\n\t\t\t\t<\/div>\n\t\t\t\t<\/div>\n\t\t\t\t\t\t<\/div>\n\t\t\t\t\t<\/div>\n\t\t<\/div>\n\t\t\t\t\t\t\t\t<\/div>\n\t\t\t\t\t<\/div>\n\t\t<\/section>\n\t\t\t\t\t\t<\/div>\n\t\t\t\t\t\t<\/div>\n\t\t\t\t\t<\/div>","protected":false},"excerpt":{"rendered":"<p>Strona g\u0142\u00f3wna Fundacja Wspierania Rozwoju Okulistyki \u201eOkulistyka 21\u201d wraz z firm\u0105 Alcon\u00a0zaprasza na kolejny webinar dotycz\u0105cy zabieg\u00f3w wszczepienia soczewek wewn\u0105trzga\u0142kowych. Dr n. med. Agnieszka \u0106wikli\u0144ska-Haszcz Kierownik Medyczny w O\u015brodku Chirurgii Oka Profesora Zag\u00f3rskiego w Na\u0142\u0119czowie i Lublinie oraz starszy asystent w Klinice Diagnostyki i Mikrochirurgii Jaskry SPSK1 w Lublinie.\u00a0 Specjalizuje si\u0119 w operacji za\u0107my, wykonuje [&hellip;]<\/p>","protected":false},"author":1,"featured_media":0,"parent":0,"menu_order":0,"comment_status":"closed","ping_status":"closed","template":"elementor_canvas","meta":[],"_links":{"self":[{"href":"https:\/\/okulistyka21.pl\/en\/wp-json\/wp\/v2\/pages\/544"}],"collection":[{"href":"https:\/\/okulistyka21.pl\/en\/wp-json\/wp\/v2\/pages"}],"about":[{"href":"https:\/\/okulistyka21.pl\/en\/wp-json\/wp\/v2\/types\/page"}],"author":[{"embeddable":true,"href":"https:\/\/okulistyka21.pl\/en\/wp-json\/wp\/v2\/users\/1"}],"replies":[{"embeddable":true,"href":"https:\/\/okulistyka21.pl\/en\/wp-json\/wp\/v2\/comments?post=544"}],"version-history":[{"count":37,"href":"https:\/\/okulistyka21.pl\/en\/wp-json\/wp\/v2\/pages\/544\/revisions"}],"predecessor-version":[{"id":2094,"href":"https:\/\/okulistyka21.pl\/en\/wp-json\/wp\/v2\/pages\/544\/revisions\/2094"}],"wp:attachment":[{"href":"https:\/\/okulistyka21.pl\/en\/wp-json\/wp\/v2\/media?parent=544"}],"curies":[{"name":"wp","href":"https:\/\/api.w.org\/{rel}","templated":true}]}}