{"id":522,"date":"2021-07-07T14:41:38","date_gmt":"2021-07-07T12:41:38","guid":{"rendered":"https:\/\/okulistyka21.pl\/?page_id=522"},"modified":"2021-07-27T15:01:26","modified_gmt":"2021-07-27T13:01:26","slug":"partnerzy-i-sponsorzy-fundacji","status":"publish","type":"page","link":"https:\/\/okulistyka21.pl\/en\/o-fundacji\/partnerzy-i-sponsorzy-fundacji\/","title":{"rendered":"Foundation partners"},"content":{"rendered":"<div data-elementor-type=\"wp-page\" data-elementor-id=\"522\" class=\"elementor elementor-522\" data-elementor-settings=\"[]\">\n\t\t\t\t\t\t<div class=\"elementor-inner\">\n\t\t\t\t\t\t\t<div class=\"elementor-section-wrap\">\n\t\t\t\t\t\t\t<section class=\"elementor-section elementor-top-section elementor-element elementor-element-621ac933 elementor-section-boxed elementor-section-height-default elementor-section-height-default\" data-id=\"621ac933\" data-element_type=\"section\" data-settings=\"{&quot;background_background&quot;:&quot;gradient&quot;}\">\n\t\t\t\t\t\t\t<div class=\"elementor-background-overlay\"><\/div>\n\t\t\t\t\t\t\t<div class=\"elementor-container elementor-column-gap-default\">\n\t\t\t\t\t\t\t<div class=\"elementor-row\">\n\t\t\t\t\t<div class=\"elementor-column elementor-col-100 elementor-top-column elementor-element elementor-element-19ac0d71\" data-id=\"19ac0d71\" data-element_type=\"column\">\n\t\t\t<div class=\"elementor-column-wrap elementor-element-populated\">\n\t\t\t\t\t\t\t<div class=\"elementor-widget-wrap\">\n\t\t\t\t\t\t<div class=\"elementor-element elementor-element-77adf79e elementor-widget elementor-widget-heading\" data-id=\"77adf79e\" data-element_type=\"widget\" data-widget_type=\"heading.default\">\n\t\t\t\t<div class=\"elementor-widget-container\">\n\t\t\t<h1 class=\"elementor-heading-title elementor-size-default\">Foundation partners<\/h1>\t\t<\/div>\n\t\t\t\t<\/div>\n\t\t\t\t<div class=\"elementor-element elementor-element-4282af77 elementor-icon-list--layout-inline elementor-align-center elementor-list-item-link-full_width elementor-widget elementor-widget-icon-list\" data-id=\"4282af77\" data-element_type=\"widget\" data-widget_type=\"icon-list.default\">\n\t\t\t\t<div class=\"elementor-widget-container\">\n\t\t\t\t\t<ul class=\"elementor-icon-list-items elementor-inline-items\">\n\t\t\t\t\t\t\t<li class=\"elementor-icon-list-item elementor-inline-item\">\n\t\t\t\t\t<a href=\"https:\/\/okulistyka21.pl\/en\">\t\t\t\t\t\t<span class=\"elementor-icon-list-icon\">\n\t\t\t\t\t\t\t<i aria-hidden=\"true\" class=\"icon icon-home\"><\/i>\t\t\t\t\t\t<\/span>\n\t\t\t\t\t\t\t\t\t\t<span class=\"elementor-icon-list-text\">Homepage<\/span>\n\t\t\t\t\t\t\t\t\t\t\t<\/a>\n\t\t\t\t\t\t\t\t\t<\/li>\n\t\t\t\t\t\t\t\t<li class=\"elementor-icon-list-item elementor-inline-item\">\n\t\t\t\t\t\t\t\t\t\t\t<span class=\"elementor-icon-list-icon\">\n\t\t\t\t\t\t\t<i aria-hidden=\"true\" class=\"fas fa-chevron-right\"><\/i>\t\t\t\t\t\t<\/span>\n\t\t\t\t\t\t\t\t\t\t<span class=\"elementor-icon-list-text\">Foundation partners<\/span>\n\t\t\t\t\t\t\t\t\t<\/li>\n\t\t\t\t\t\t<\/ul>\n\t\t\t\t<\/div>\n\t\t\t\t<\/div>\n\t\t\t\t\t\t<\/div>\n\t\t\t\t\t<\/div>\n\t\t<\/div>\n\t\t\t\t\t\t\t\t<\/div>\n\t\t\t\t\t<\/div>\n\t\t<\/section>\n\t\t\t\t<section class=\"elementor-section elementor-top-section elementor-element elementor-element-6ab92f8 elementor-section-boxed elementor-section-height-default elementor-section-height-default\" data-id=\"6ab92f8\" data-element_type=\"section\">\n\t\t\t\t\t\t<div class=\"elementor-container elementor-column-gap-default\">\n\t\t\t\t\t\t\t<div class=\"elementor-row\">\n\t\t\t\t\t<div class=\"elementor-column elementor-col-100 elementor-top-column elementor-element elementor-element-ba70e27\" data-id=\"ba70e27\" data-element_type=\"column\">\n\t\t\t<div class=\"elementor-column-wrap elementor-element-populated\">\n\t\t\t\t\t\t\t<div class=\"elementor-widget-wrap\">\n\t\t\t\t\t\t<div class=\"elementor-element elementor-element-51a2490 elementor-widget elementor-widget-heading\" data-id=\"51a2490\" data-element_type=\"widget\" data-widget_type=\"heading.default\">\n\t\t\t\t<div class=\"elementor-widget-container\">\n\t\t\t<h2 class=\"elementor-heading-title elementor-size-default\">Partners<\/h2>\t\t<\/div>\n\t\t\t\t<\/div>\n\t\t\t\t<div class=\"elementor-element elementor-element-2741379 elementor-widget-divider--view-line elementor-widget elementor-widget-divider\" data-id=\"2741379\" data-element_type=\"widget\" data-widget_type=\"divider.default\">\n\t\t\t\t<div class=\"elementor-widget-container\">\n\t\t\t\t\t<div class=\"elementor-divider\">\n\t\t\t<span class=\"elementor-divider-separator\">\n\t\t\t\t\t\t<\/span>\n\t\t<\/div>\n\t\t\t\t<\/div>\n\t\t\t\t<\/div>\n\t\t\t\t\t\t<\/div>\n\t\t\t\t\t<\/div>\n\t\t<\/div>\n\t\t\t\t\t\t\t\t<\/div>\n\t\t\t\t\t<\/div>\n\t\t<\/section>\n\t\t\t\t<section class=\"elementor-section elementor-top-section elementor-element elementor-element-26dbbd75 elementor-section-boxed elementor-section-height-default elementor-section-height-default\" data-id=\"26dbbd75\" data-element_type=\"section\">\n\t\t\t\t\t\t\t<div class=\"elementor-background-overlay\"><\/div>\n\t\t\t\t\t\t\t<div class=\"elementor-container elementor-column-gap-default\">\n\t\t\t\t\t\t\t<div class=\"elementor-row\">\n\t\t\t\t\t<div class=\"elementor-column elementor-col-100 elementor-top-column elementor-element elementor-element-3ce91985\" data-id=\"3ce91985\" data-element_type=\"column\">\n\t\t\t<div class=\"elementor-column-wrap elementor-element-populated\">\n\t\t\t\t\t\t\t<div class=\"elementor-widget-wrap\">\n\t\t\t\t\t\t<div class=\"elementor-element elementor-element-4922ba1b elementor-widget elementor-widget-text-editor\" data-id=\"4922ba1b\" data-element_type=\"widget\" data-widget_type=\"text-editor.default\">\n\t\t\t\t<div class=\"elementor-widget-container\">\n\t\t\t\t\t\t\t\t<div class=\"elementor-text-editor elementor-clearfix\">\n\t\t\t\t\t<ol>\n<li style=\"list-style-type: none;\">\n<ol>\n<li>\n<p>Department of Ophthalmology, University of Warmia and Mazury in Olsztyn<\/p>\n<\/li>\n<li>\n<p>L V Prasad Eye Institute, India<\/p>\n<\/li>\n<li>\n<p>University of Iceland, Reykjav\u00edk, Iceland<\/p>\n<\/li>\n<li>\n<p>Department of Ophthalmology, Oslo<\/p>\n<\/li>\n<li>\n<p>Bascom Palmer Eye Institute, Miami, Florida<\/p>\n<\/li>\n<li>\n<p>Beijing Tongren Hospital, Capital Medical University, China<\/p>\n<\/li>\n<li>\n<p>Beijing Institute of Ophthalmology, China<\/p>\n<\/li>\n<li>\n<p>Beijing Tongren Eye Center, China<\/p>\n<\/li>\n<li>\n<p>Beijing Key Laboratory of Ophthalmology and Visual Sciences, China<\/p>\n<\/li>\n<li>\n<p>Eye Center, Second Affiliated Hospital, School of Medicine, Zhejiang University, Hangzhou, China<\/p>\n<\/li>\n<li>\n<p>Zhejiang Provincial Key Laboratory of Ophthalmology, Hangzhou, China<\/p>\n<\/li>\n<li>\n<p>Department of Optometry, Karol Marcinkowski University of Medical Sciences in Pozna\u0144<\/p>\n<\/li>\n<li>\n<p>Department of Internal Medicine and Diabetology, Karol Marcinkowski Pozna\u0144 Medical University<\/p>\n<\/li>\n<li>\n<p>AMD Retina Association Poland<\/p>\n<\/li>\n<li>\n<p>City of Pozna\u0144<\/p>\n<\/li>\n<li>\n<p>Ministry of Labour and Social Policy<\/p>\n<\/li>\n<li>\n<p>Ministry of Health<\/p>\n<\/li>\n<li>\n<p>Ministry of Science and Higher Education<\/p>\n<\/li>\n<li>\n<p>Poviat Starosty in Pozna\u0144<\/p>\n<\/li>\n<li>\n<p>European Social Fund<\/p>\n<\/li>\n<\/ol>\n<\/li>\n<\/ol>\t\t\t\t\t<\/div>\n\t\t\t\t\t\t<\/div>\n\t\t\t\t<\/div>\n\t\t\t\t<div class=\"elementor-element elementor-element-eb4e9b2 elementor-widget elementor-widget-image\" data-id=\"eb4e9b2\" data-element_type=\"widget\" data-widget_type=\"image.default\">\n\t\t\t\t<div class=\"elementor-widget-container\">\n\t\t\t\t\t\t\t\t<div class=\"elementor-image\">\n\t\t\t\t\t\t\t\t\t\t\t\t<img width=\"717\" height=\"156\" src=\"https:\/\/okulistyka21.pl\/wp-content\/uploads\/2021\/07\/parnerzy.jpg\" class=\"attachment-large size-large\" alt=\"\" loading=\"lazy\" srcset=\"https:\/\/okulistyka21.pl\/wp-content\/uploads\/2021\/07\/parnerzy.jpg 717w, https:\/\/okulistyka21.pl\/wp-content\/uploads\/2021\/07\/parnerzy-300x65.jpg 300w\" sizes=\"(max-width: 717px) 100vw, 717px\" \/>\t\t\t\t\t\t\t\t\t\t\t\t\t\t<\/div>\n\t\t\t\t\t\t<\/div>\n\t\t\t\t<\/div>\n\t\t\t\t\t\t<\/div>\n\t\t\t\t\t<\/div>\n\t\t<\/div>\n\t\t\t\t\t\t\t\t<\/div>\n\t\t\t\t\t<\/div>\n\t\t<\/section>\n\t\t\t\t\t\t<\/div>\n\t\t\t\t\t\t<\/div>\n\t\t\t\t\t<\/div>","protected":false},"excerpt":{"rendered":"<p>Strona g\u0142\u00f3wna Partnerzy Katedra Okulistyki, Uniwersytet Warmi\u0144sko-Mazurski w Olsztynie L V Prasad Eye Institute, Indie Uniwersytet Islandzki, Reykjav\u00edk, Islandia Klinika Okulistyki, Oslo Bascom Palmer Eye Institute, Miami, Floryda Beijing Tongren Hospital, Capital Medical University, China Beijing Institute of Ophthalmology, China Beijing Tongren Eye Center, China Beijing Key Laboratory of Ophthalmology and Visual Sciences, China Eye [&hellip;]<\/p>","protected":false},"author":1,"featured_media":0,"parent":265,"menu_order":0,"comment_status":"closed","ping_status":"closed","template":"elementor_canvas","meta":[],"_links":{"self":[{"href":"https:\/\/okulistyka21.pl\/en\/wp-json\/wp\/v2\/pages\/522"}],"collection":[{"href":"https:\/\/okulistyka21.pl\/en\/wp-json\/wp\/v2\/pages"}],"about":[{"href":"https:\/\/okulistyka21.pl\/en\/wp-json\/wp\/v2\/types\/page"}],"author":[{"embeddable":true,"href":"https:\/\/okulistyka21.pl\/en\/wp-json\/wp\/v2\/users\/1"}],"replies":[{"embeddable":true,"href":"https:\/\/okulistyka21.pl\/en\/wp-json\/wp\/v2\/comments?post=522"}],"version-history":[{"count":14,"href":"https:\/\/okulistyka21.pl\/en\/wp-json\/wp\/v2\/pages\/522\/revisions"}],"predecessor-version":[{"id":1574,"href":"https:\/\/okulistyka21.pl\/en\/wp-json\/wp\/v2\/pages\/522\/revisions\/1574"}],"up":[{"embeddable":true,"href":"https:\/\/okulistyka21.pl\/en\/wp-json\/wp\/v2\/pages\/265"}],"wp:attachment":[{"href":"https:\/\/okulistyka21.pl\/en\/wp-json\/wp\/v2\/media?parent=522"}],"curies":[{"name":"wp","href":"https:\/\/api.w.org\/{rel}","templated":true}]}}