{"id":517,"date":"2021-07-07T13:58:53","date_gmt":"2021-07-07T11:58:53","guid":{"rendered":"https:\/\/okulistyka21.pl\/?page_id=517"},"modified":"2023-12-01T11:12:30","modified_gmt":"2023-12-01T10:12:30","slug":"doswiadczenie-fundacji","status":"publish","type":"page","link":"https:\/\/okulistyka21.pl\/en\/o-fundacji\/doswiadczenie-fundacji\/","title":{"rendered":"The Foundation's experience"},"content":{"rendered":"<div data-elementor-type=\"wp-page\" data-elementor-id=\"517\" class=\"elementor elementor-517\" data-elementor-settings=\"[]\">\n\t\t\t\t\t\t<div class=\"elementor-inner\">\n\t\t\t\t\t\t\t<div class=\"elementor-section-wrap\">\n\t\t\t\t\t\t\t<section class=\"elementor-section elementor-top-section elementor-element elementor-element-70e30fd7 elementor-section-boxed elementor-section-height-default elementor-section-height-default\" data-id=\"70e30fd7\" data-element_type=\"section\" data-settings=\"{&quot;background_background&quot;:&quot;gradient&quot;}\">\n\t\t\t\t\t\t\t<div class=\"elementor-background-overlay\"><\/div>\n\t\t\t\t\t\t\t<div class=\"elementor-container elementor-column-gap-default\">\n\t\t\t\t\t\t\t<div class=\"elementor-row\">\n\t\t\t\t\t<div class=\"elementor-column elementor-col-100 elementor-top-column elementor-element elementor-element-34cdf7fa\" data-id=\"34cdf7fa\" data-element_type=\"column\">\n\t\t\t<div class=\"elementor-column-wrap elementor-element-populated\">\n\t\t\t\t\t\t\t<div class=\"elementor-widget-wrap\">\n\t\t\t\t\t\t<div class=\"elementor-element elementor-element-454632e6 elementor-widget elementor-widget-heading\" data-id=\"454632e6\" data-element_type=\"widget\" data-widget_type=\"heading.default\">\n\t\t\t\t<div class=\"elementor-widget-container\">\n\t\t\t<h1 class=\"elementor-heading-title elementor-size-default\">The Foundation's experience<\/h1>\t\t<\/div>\n\t\t\t\t<\/div>\n\t\t\t\t<div class=\"elementor-element elementor-element-40c4fd7d elementor-icon-list--layout-inline elementor-align-center elementor-list-item-link-full_width elementor-widget elementor-widget-icon-list\" data-id=\"40c4fd7d\" data-element_type=\"widget\" data-widget_type=\"icon-list.default\">\n\t\t\t\t<div class=\"elementor-widget-container\">\n\t\t\t\t\t<ul class=\"elementor-icon-list-items elementor-inline-items\">\n\t\t\t\t\t\t\t<li class=\"elementor-icon-list-item elementor-inline-item\">\n\t\t\t\t\t<a href=\"https:\/\/okulistyka21.pl\/en\">\t\t\t\t\t\t<span class=\"elementor-icon-list-icon\">\n\t\t\t\t\t\t\t<i aria-hidden=\"true\" class=\"icon icon-home\"><\/i>\t\t\t\t\t\t<\/span>\n\t\t\t\t\t\t\t\t\t\t<span class=\"elementor-icon-list-text\">Homepage<\/span>\n\t\t\t\t\t\t\t\t\t\t\t<\/a>\n\t\t\t\t\t\t\t\t\t<\/li>\n\t\t\t\t\t\t\t\t<li class=\"elementor-icon-list-item elementor-inline-item\">\n\t\t\t\t\t\t\t\t\t\t\t<span class=\"elementor-icon-list-icon\">\n\t\t\t\t\t\t\t<i aria-hidden=\"true\" class=\"fas fa-chevron-right\"><\/i>\t\t\t\t\t\t<\/span>\n\t\t\t\t\t\t\t\t\t\t<span class=\"elementor-icon-list-text\">The Foundation's experience<\/span>\n\t\t\t\t\t\t\t\t\t<\/li>\n\t\t\t\t\t\t<\/ul>\n\t\t\t\t<\/div>\n\t\t\t\t<\/div>\n\t\t\t\t\t\t<\/div>\n\t\t\t\t\t<\/div>\n\t\t<\/div>\n\t\t\t\t\t\t\t\t<\/div>\n\t\t\t\t\t<\/div>\n\t\t<\/section>\n\t\t\t\t<section class=\"elementor-section elementor-top-section elementor-element elementor-element-77e43c9c elementor-section-boxed elementor-section-height-default elementor-section-height-default\" data-id=\"77e43c9c\" data-element_type=\"section\" data-settings=\"{&quot;background_background&quot;:&quot;classic&quot;}\">\n\t\t\t\t\t\t\t<div class=\"elementor-background-overlay\"><\/div>\n\t\t\t\t\t\t\t<div class=\"elementor-container elementor-column-gap-default\">\n\t\t\t\t\t\t\t<div class=\"elementor-row\">\n\t\t\t\t\t<div class=\"elementor-column elementor-col-100 elementor-top-column elementor-element elementor-element-2650b585\" data-id=\"2650b585\" data-element_type=\"column\">\n\t\t\t<div class=\"elementor-column-wrap elementor-element-populated\">\n\t\t\t\t\t\t\t<div class=\"elementor-widget-wrap\">\n\t\t\t\t\t\t<div class=\"elementor-element elementor-element-49c1bce5 elementor-widget elementor-widget-text-editor\" data-id=\"49c1bce5\" data-element_type=\"widget\" data-widget_type=\"text-editor.default\">\n\t\t\t\t<div class=\"elementor-widget-container\">\n\t\t\t\t\t\t\t\t<div class=\"elementor-text-editor elementor-clearfix\">\n\t\t\t\t\t<p style=\"text-align: left;\" align=\"center\"><strong>Selected projects co-financed by public funds<\/strong><\/p>\n<ol>\n<li style=\"list-style-type: none;\">\n<ol>\n<li>\"Social audit of treatment in AMD in Poland\" in partnership with the Retina AMD Association, task completion date: February - May 2015, funding source: Norwegian Funds (EEA), grant value: PLN 204,560.<\/li>\n<li>\"I know about AMD! - education for seniors about the disease of age-related retinal degeneration AMD\", deadline for the task: April - December 2015, source of funding: the Ministry of Labour and Social Policy under the ASOS 2014 - 2020 programme, value of funding: PLN 78 263.50.<\/li>\n<li>\"Diabetic retinopathy - Polish-Icelandic ophthalmologists' debate\", task completion date: October 2015 - April 2016, funding source: Norwegian (EEA) Funds PL07 coordinated by the Ministry of Health, grant value: PLN 179,739.<\/li>\n<li>\"Diabetic retinopathy - I know and prevent\", task completion date: February - December 2016, funding source: Pozna\u0144 City Hall, grant value: PLN 71,900.<\/li>\n<li>\"Diabetic retinopathy - know more and prevent\", task completion date: March - October 2017, funding source: Pozna\u0144 City Hall, grant value: PLN 28,710.<\/li>\n<li>\"Application of nanoparticle eye drops - Polish-Icelandic knowledge exchange\", task completion date: March - October 2017, funding source: Norwegian (EEA) Funds PL07 coordinated by the Ministry of Health, grant value: PLN 138,654.<\/li>\n<li>Scientific workshop and national scientific conference \"Contemporary possibilities for the treatment of presbyopia\", task completion date: February - December 2017, funding source: Ministry of Science and Higher Education, funding value: PLN 19,828.80.<\/li>\n<li>\"What do you know about your eyes? - Educating residents 50+ of Pozna\u0144 County about eye diseases\", task completion date: March - August 2018, funding source: Poviat Starosty in Pozna\u0144, funding value: PLN 5,200.<\/li>\n<li>\"What do you know about your eyes? - Educating people 60+, residents of Pozna\u0144 about eye diseases.\", task completion date: March - November 2018, funding source:  Pozna\u0144 City Hall, grant value: PLN 13,325.<\/li>\n<li>\"Diabetic Retinopathy Screening\", task completion date: April - December 2018, funding source: Pozna\u0144 City Hall, grant value: PLN 51,200.<\/li>\n<li>Scientific conference \"Clinical Cases in Ophthalmology\", task completion date: January - June 2019, funding source: Ministry of Science and Higher Education, funding value:  PLN 54,254.34.<\/li>\n<li>\"Short-sightedness - education of the inhabitants of Pozna\u0144 County\", task completion date: February - August 2019, funding source: Poviat Starosty in Pozna\u0144, funding value: PLN 7,000.<\/li>\n<li>\"Let's go outdoors! - myopia prevention campaign\", task deadline: January - July 2019, funding source: Pozna\u0144 City Hall, grant value: PLN 23,310.<\/li>\n<li>Scientific workshop \"Epidemiology and treatment of myopia in children\", task completion date: July - December 2019, funding source: Ministry of Science and Higher Education, funding value: PLN 74,294.<\/li>\n<li>Scientific conference \"Presbyopia 2019\", task completion date: June - December 2019, funding source: Ministry of Science and Higher Education, funding value: PLN 123,957.<\/li>\n<li>\"Diabetic Retinopathy Screening 2019\", task completion date: January - August 2019, funding source: Pozna\u0144 City Hall, funding value: PLN 30,000.<\/li>\n<li>\"Diabetic retinopathy prevention programme in Wielkopolskie Voivodship\", project start : August 2019, planned completion : July 2022, funding source: European Social Fund, grant value: PLN 4,901,297 -.<em>&nbsp;in progress.<\/em><\/li>\n<li>\"PRESBIOPIA - science for innovation, innovation for science\", project start: December 2019, end: March 2022, funding source: Ministry of Science and Higher Education, funding value: PLN 276,868.<\/li>\n<li><i>\"<\/i>Myopia epidemic in children. What does a parent need to know?\" task completion date: 01.10- 23.12.2021, funding source: City Hall<br>Pozna\u0144, funding value: PLN 10,000.<\/li><li>\"Sight screening of children in Pozna\u0144 nurseries\" Task completion date: 06.06- 05.08.2022, funding source: Pozna\u0144 City Hall, funding value: PLN 10,000.<br><\/li>\n<li>Educational campaign \"Myopia - myopia knowledge development\", implementation date 01.10.2021- 30.09.2023, funding source: Ministry of Education and Science, funding value: PLN 258,017.10.<\/li>\n<li>\"Artificial intelligence in ophthalmology\". - scientific conference, implementation date 01.11.2021 - 31.10.2023, funding source: Ministry of Education and Science, funding value: PLN 170,748.60.<\/li>\n<li>\"Educational campaign entitled Prevention of myopia in children\" Task completion date: 01.09-31.12.2022, funding source: Office<br>City of Wroc\u0142aw, grant value: PLN 29,994.00.<\/li>\n<li>\"ZSO - development of knowledge about Dry Eye Syndrome\", implementation date 01.10.2022 -30.09.2024, funding source: Ministry of Education and Science, funding value: PLN 250,000.00 - in progress<\/li>\n<li>\"Implementation of two editions of the online scientific conference \"Miopia\" in 2023 and 2024\", implementation date 01.11.2022-31.10.2024, funding source: Ministry of Education and Science, funding value: PLN 217,982.15 - in progress<\/li>\n<\/ol>\n<\/li>\n<\/ol>\t\t\t\t\t<\/div>\n\t\t\t\t\t\t<\/div>\n\t\t\t\t<\/div>\n\t\t\t\t\t\t<\/div>\n\t\t\t\t\t<\/div>\n\t\t<\/div>\n\t\t\t\t\t\t\t\t<\/div>\n\t\t\t\t\t<\/div>\n\t\t<\/section>\n\t\t\t\t<section class=\"elementor-section elementor-top-section elementor-element elementor-element-5be6d12d elementor-section-boxed elementor-section-height-default elementor-section-height-default\" data-id=\"5be6d12d\" data-element_type=\"section\" data-settings=\"{&quot;background_background&quot;:&quot;classic&quot;}\">\n\t\t\t\t\t\t\t<div class=\"elementor-background-overlay\"><\/div>\n\t\t\t\t\t\t\t<div class=\"elementor-container elementor-column-gap-default\">\n\t\t\t\t\t\t\t<div class=\"elementor-row\">\n\t\t\t\t\t<div class=\"elementor-column elementor-col-100 elementor-top-column elementor-element elementor-element-16878118\" data-id=\"16878118\" data-element_type=\"column\">\n\t\t\t<div class=\"elementor-column-wrap elementor-element-populated\">\n\t\t\t\t\t\t\t<div class=\"elementor-widget-wrap\">\n\t\t\t\t\t\t<div class=\"elementor-element elementor-element-2452563 elementor-widget elementor-widget-text-editor\" data-id=\"2452563\" data-element_type=\"widget\" data-widget_type=\"text-editor.default\">\n\t\t\t\t<div class=\"elementor-widget-container\">\n\t\t\t\t\t\t\t\t<div class=\"elementor-text-editor elementor-clearfix\">\n\t\t\t\t\t<p><strong>Conferences and courses<\/strong><\/p>\n<ol>\n<li>\n<p>Workshop for doctors on eye surgery 2013<\/p>\n<\/li>\n<li>\n<p>Wielkopolska Eye Surgery Workshop - 2014, 2015 and 2016<\/p>\n<\/li>\n<li>\n<p>Conference \"Ocular complications of diabetes - diagnosis and treatment\" 2016<\/p>\n<\/li>\n<li>\n<p>L V Prasad course - 2016<\/p>\n<\/li>\n<li>\n<p>A series of courses entitled. \"How to publish effectively in ophthalmology?\" at major ophthalmology conferences 2017<\/p>\n<\/li>\n<li>\n<p>\"Application of nanoparticle eye drops - Polish-Icelandic knowledge exchange. Issues of pharmacology in ophthalmology\" - 2017<\/p>\n<\/li>\n<li>\n<p>AMD workshop, 1st edition: October 2017, 2nd edition: January 2018,<\/p>\n<\/li>\n<li>\n<p>Scientific conference \"Contemporary treatment options for presbyopia\" - December 2017<\/p>\n<\/li>\n<li>\n<p>Scientific conference \"Clinical cases in ophthalmology\" - 2016, 2017, 2018, 2019, 2020, 2021, 2022, 2023<br><\/p>\n<\/li>\n<li>\n<p>Scientific conference \"Presbyopia\" - 2017, 2018, 2019, 2020, 2021, 2022, 2023<br><\/p>\n<\/li>\n<li>\n<p>OptoVision 2019 scientific conference.<\/p>\n<\/li>\n<li>\n<p>Scientific conference \"Artificial Intelligence in Ophthalmology\" - 2022, 2023<br><\/p>\n<\/li>\n<li>\n<p><i>Webinar series \"Diagnostics in Optometry and Ophthalmology\" - 2021, 2022<\/i><\/p>\n<\/li>\n<\/ol>\t\t\t\t\t<\/div>\n\t\t\t\t\t\t<\/div>\n\t\t\t\t<\/div>\n\t\t\t\t\t\t<\/div>\n\t\t\t\t\t<\/div>\n\t\t<\/div>\n\t\t\t\t\t\t\t\t<\/div>\n\t\t\t\t\t<\/div>\n\t\t<\/section>\n\t\t\t\t\t\t<\/div>\n\t\t\t\t\t\t<\/div>\n\t\t\t\t\t<\/div>","protected":false},"excerpt":{"rendered":"<p>Strona g\u0142\u00f3wna Wybrane projekty wsp\u00f3\u0142finasowane ze \u015brodk\u00f3w publicznych \u201eAudyt spo\u0142eczny leczenia w AMD w Polsce\u201d w partnerstwie ze Stowarzyszeniem Retina AMD,&nbsp; termin realizacji zadania: luty \u2013 maj 2015, \u017ar\u00f3d\u0142o dofinansowania: Fundusze Norweskie (EOG), warto\u015b\u0107 dofinansowania: 204 560 z\u0142. \u201eWiem o AMD! &#8211; edukacja dla senior\u00f3w o chorobie zwyrodnienia siatk\u00f3wki zwi\u0105zanego z wiekiem AMD\u201d, termin realizacji [&hellip;]<\/p>","protected":false},"author":1,"featured_media":0,"parent":265,"menu_order":0,"comment_status":"closed","ping_status":"closed","template":"elementor_canvas","meta":[],"_links":{"self":[{"href":"https:\/\/okulistyka21.pl\/en\/wp-json\/wp\/v2\/pages\/517"}],"collection":[{"href":"https:\/\/okulistyka21.pl\/en\/wp-json\/wp\/v2\/pages"}],"about":[{"href":"https:\/\/okulistyka21.pl\/en\/wp-json\/wp\/v2\/types\/page"}],"author":[{"embeddable":true,"href":"https:\/\/okulistyka21.pl\/en\/wp-json\/wp\/v2\/users\/1"}],"replies":[{"embeddable":true,"href":"https:\/\/okulistyka21.pl\/en\/wp-json\/wp\/v2\/comments?post=517"}],"version-history":[{"count":22,"href":"https:\/\/okulistyka21.pl\/en\/wp-json\/wp\/v2\/pages\/517\/revisions"}],"predecessor-version":[{"id":2404,"href":"https:\/\/okulistyka21.pl\/en\/wp-json\/wp\/v2\/pages\/517\/revisions\/2404"}],"up":[{"embeddable":true,"href":"https:\/\/okulistyka21.pl\/en\/wp-json\/wp\/v2\/pages\/265"}],"wp:attachment":[{"href":"https:\/\/okulistyka21.pl\/en\/wp-json\/wp\/v2\/media?parent=517"}],"curies":[{"name":"wp","href":"https:\/\/api.w.org\/{rel}","templated":true}]}}