{"id":498,"date":"2021-07-07T13:51:21","date_gmt":"2021-07-07T11:51:21","guid":{"rendered":"https:\/\/okulistyka21.pl\/?page_id=498"},"modified":"2021-07-27T13:18:13","modified_gmt":"2021-07-27T11:18:13","slug":"epidemiologia-i-leczenie-krotkowzrocznosci-u-dzieci","status":"publish","type":"page","link":"https:\/\/okulistyka21.pl\/en\/projekty-fundacji\/epidemiologia-i-leczenie-krotkowzrocznosci-u-dzieci\/","title":{"rendered":"Epidemiology and treatment of myopia in children"},"content":{"rendered":"<div data-elementor-type=\"wp-page\" data-elementor-id=\"498\" class=\"elementor elementor-498\" data-elementor-settings=\"[]\">\n\t\t\t\t\t\t<div class=\"elementor-inner\">\n\t\t\t\t\t\t\t<div class=\"elementor-section-wrap\">\n\t\t\t\t\t\t\t<section class=\"elementor-section elementor-top-section elementor-element elementor-element-55de7d40 elementor-section-boxed elementor-section-height-default elementor-section-height-default\" data-id=\"55de7d40\" data-element_type=\"section\" data-settings=\"{&quot;background_background&quot;:&quot;gradient&quot;}\">\n\t\t\t\t\t\t\t<div class=\"elementor-background-overlay\"><\/div>\n\t\t\t\t\t\t\t<div class=\"elementor-container elementor-column-gap-default\">\n\t\t\t\t\t\t\t<div class=\"elementor-row\">\n\t\t\t\t\t<div class=\"elementor-column elementor-col-100 elementor-top-column elementor-element elementor-element-75c27808\" data-id=\"75c27808\" data-element_type=\"column\">\n\t\t\t<div class=\"elementor-column-wrap elementor-element-populated\">\n\t\t\t\t\t\t\t<div class=\"elementor-widget-wrap\">\n\t\t\t\t\t\t<div class=\"elementor-element elementor-element-72d0378 elementor-widget elementor-widget-heading\" data-id=\"72d0378\" data-element_type=\"widget\" data-widget_type=\"heading.default\">\n\t\t\t\t<div class=\"elementor-widget-container\">\n\t\t\t<h1 class=\"elementor-heading-title elementor-size-default\">Epidemiology and treatment of myopia in children<\/h1>\t\t<\/div>\n\t\t\t\t<\/div>\n\t\t\t\t<div class=\"elementor-element elementor-element-33e3f07 elementor-icon-list--layout-inline elementor-align-center elementor-list-item-link-full_width elementor-widget elementor-widget-icon-list\" data-id=\"33e3f07\" data-element_type=\"widget\" data-widget_type=\"icon-list.default\">\n\t\t\t\t<div class=\"elementor-widget-container\">\n\t\t\t\t\t<ul class=\"elementor-icon-list-items elementor-inline-items\">\n\t\t\t\t\t\t\t<li class=\"elementor-icon-list-item elementor-inline-item\">\n\t\t\t\t\t<a href=\"https:\/\/okulistyka21.pl\/en\">\t\t\t\t\t\t<span class=\"elementor-icon-list-icon\">\n\t\t\t\t\t\t\t<i aria-hidden=\"true\" class=\"icon icon-home\"><\/i>\t\t\t\t\t\t<\/span>\n\t\t\t\t\t\t\t\t\t\t<span class=\"elementor-icon-list-text\">Homepage<\/span>\n\t\t\t\t\t\t\t\t\t\t\t<\/a>\n\t\t\t\t\t\t\t\t\t<\/li>\n\t\t\t\t\t\t\t\t<li class=\"elementor-icon-list-item elementor-inline-item\">\n\t\t\t\t\t\t\t\t\t\t\t<span class=\"elementor-icon-list-icon\">\n\t\t\t\t\t\t\t<i aria-hidden=\"true\" class=\"fas fa-chevron-right\"><\/i>\t\t\t\t\t\t<\/span>\n\t\t\t\t\t\t\t\t\t\t<span class=\"elementor-icon-list-text\">Epidemiology and treatment of myopia in children<\/span>\n\t\t\t\t\t\t\t\t\t<\/li>\n\t\t\t\t\t\t<\/ul>\n\t\t\t\t<\/div>\n\t\t\t\t<\/div>\n\t\t\t\t\t\t<\/div>\n\t\t\t\t\t<\/div>\n\t\t<\/div>\n\t\t\t\t\t\t\t\t<\/div>\n\t\t\t\t\t<\/div>\n\t\t<\/section>\n\t\t\t\t<section class=\"elementor-section elementor-top-section elementor-element elementor-element-6aba208d elementor-section-boxed elementor-section-height-default elementor-section-height-default\" data-id=\"6aba208d\" data-element_type=\"section\">\n\t\t\t\t\t\t\t<div class=\"elementor-background-overlay\"><\/div>\n\t\t\t\t\t\t\t<div class=\"elementor-container elementor-column-gap-default\">\n\t\t\t\t\t\t\t<div class=\"elementor-row\">\n\t\t\t\t\t<div class=\"elementor-column elementor-col-100 elementor-top-column elementor-element elementor-element-49b19866\" data-id=\"49b19866\" data-element_type=\"column\">\n\t\t\t<div class=\"elementor-column-wrap elementor-element-populated\">\n\t\t\t\t\t\t\t<div class=\"elementor-widget-wrap\">\n\t\t\t\t\t\t<div class=\"elementor-element elementor-element-0a66b8a elementor-widget elementor-widget-image\" data-id=\"0a66b8a\" data-element_type=\"widget\" data-widget_type=\"image.default\">\n\t\t\t\t<div class=\"elementor-widget-container\">\n\t\t\t\t\t\t\t\t<div class=\"elementor-image\">\n\t\t\t\t\t\t\t\t\t\t\t\t\t<a href=\"https:\/\/okulistyka21.pl\/wp-content\/uploads\/2021\/07\/Okulistyka21_krotkowzrocznosc_web.pdf\" target=\"_blank\">\n\t\t\t\t\t\t\t<img width=\"526\" height=\"595\" src=\"https:\/\/okulistyka21.pl\/wp-content\/uploads\/2021\/07\/Myopia2.jpg\" class=\"attachment-full size-full\" alt=\"\" loading=\"lazy\" srcset=\"https:\/\/okulistyka21.pl\/wp-content\/uploads\/2021\/07\/Myopia2.jpg 526w, https:\/\/okulistyka21.pl\/wp-content\/uploads\/2021\/07\/Myopia2-265x300.jpg 265w\" sizes=\"(max-width: 526px) 100vw, 526px\" \/>\t\t\t\t\t\t\t\t<\/a>\n\t\t\t\t\t\t\t\t\t\t\t\t\t\t<\/div>\n\t\t\t\t\t\t<\/div>\n\t\t\t\t<\/div>\n\t\t\t\t\t\t<\/div>\n\t\t\t\t\t<\/div>\n\t\t<\/div>\n\t\t\t\t\t\t\t\t<\/div>\n\t\t\t\t\t<\/div>\n\t\t<\/section>\n\t\t\t\t<section class=\"elementor-section elementor-top-section elementor-element elementor-element-3c8fe3af elementor-section-boxed elementor-section-height-default elementor-section-height-default\" data-id=\"3c8fe3af\" data-element_type=\"section\" data-settings=\"{&quot;background_background&quot;:&quot;classic&quot;}\">\n\t\t\t\t\t\t\t<div class=\"elementor-background-overlay\"><\/div>\n\t\t\t\t\t\t\t<div class=\"elementor-container elementor-column-gap-default\">\n\t\t\t\t\t\t\t<div class=\"elementor-row\">\n\t\t\t\t\t<div class=\"elementor-column elementor-col-100 elementor-top-column elementor-element elementor-element-3a72a713\" data-id=\"3a72a713\" data-element_type=\"column\">\n\t\t\t<div class=\"elementor-column-wrap elementor-element-populated\">\n\t\t\t\t\t\t\t<div class=\"elementor-widget-wrap\">\n\t\t\t\t\t\t<div class=\"elementor-element elementor-element-16535d1a elementor-widget elementor-widget-text-editor\" data-id=\"16535d1a\" data-element_type=\"widget\" data-widget_type=\"text-editor.default\">\n\t\t\t\t<div class=\"elementor-widget-container\">\n\t\t\t\t\t\t\t\t<div class=\"elementor-text-editor elementor-clearfix\">\n\t\t\t\t\t<p><b>Objectives of the education programme:<\/b><\/p>\n<p>creation of an experience exchange group on non-surgical treatment of myopia<\/p>\n<p>to present and discuss in detail the epidemiology, risk factors, and treatment strategies for myopia in children, i.e. atropine in different concentrations, orthokeratology and multifocal contact lenses,<\/p>\n<p>periodically providing ophthalmologists with knowledge on the most effective methods of correcting myopia used both in Poland and abroad.<\/p>\n<p><b>Programme assumptions:<\/b><\/p>\n<p>1. annual one-day MIOPIA workshop with foreign lecturers (using the experience of practitioners using the methods for educational purposes) - latest reports from the field of myopia treatment, presentation\/talking of interesting cases, discussion<\/p>\n<p>2. knowledge exchange platform www.miopia.pl, which had two modules:<\/p>\n<p>- open to all, with basic information on available treatments for myopia<\/p>\n<p>- closed to group members, where the following were available::<\/p>\n<p>- workshop materials<\/p>\n<p>- articles from the Polish and foreign press on short-sightedness<\/p>\n<p>- the European Netowork for Myopia Control news and mailing panel, which allowed people to share a case, consult a problem, give their point of view<\/p>\t\t\t\t\t<\/div>\n\t\t\t\t\t\t<\/div>\n\t\t\t\t<\/div>\n\t\t\t\t\t\t<\/div>\n\t\t\t\t\t<\/div>\n\t\t<\/div>\n\t\t\t\t\t\t\t\t<\/div>\n\t\t\t\t\t<\/div>\n\t\t<\/section>\n\t\t\t\t\t\t<\/div>\n\t\t\t\t\t\t<\/div>\n\t\t\t\t\t<\/div>","protected":false},"excerpt":{"rendered":"<p>Strona g\u0142\u00f3wna Cele programu edukacyjnego: stworzenie grupy wymiany do\u015bwiadcze\u0144 w zakresie niechirurgicznego leczenia kr\u00f3tkowzroczno\u015bci zaprezentowanie i szczeg\u00f3\u0142owe om\u00f3wienie epidemiologii, czynnik\u00f3w ryzyka, oraz strategii leczenia kr\u00f3tkowzroczno\u015bci u dzieci, tj. atropiny w r\u00f3\u017cnych st\u0119\u017ceniach, ortokeratologii i wieloogniskowych soczewek kontaktowych, cykliczne dostarczanie lekarzom okulistom wiedzy na temat najefektywniejszych metod korekcji kr\u00f3tkowzroczno\u015bci stosowanych zar\u00f3wno w Polsce jak i za [&hellip;]<\/p>","protected":false},"author":1,"featured_media":0,"parent":475,"menu_order":0,"comment_status":"closed","ping_status":"closed","template":"elementor_canvas","meta":[],"_links":{"self":[{"href":"https:\/\/okulistyka21.pl\/en\/wp-json\/wp\/v2\/pages\/498"}],"collection":[{"href":"https:\/\/okulistyka21.pl\/en\/wp-json\/wp\/v2\/pages"}],"about":[{"href":"https:\/\/okulistyka21.pl\/en\/wp-json\/wp\/v2\/types\/page"}],"author":[{"embeddable":true,"href":"https:\/\/okulistyka21.pl\/en\/wp-json\/wp\/v2\/users\/1"}],"replies":[{"embeddable":true,"href":"https:\/\/okulistyka21.pl\/en\/wp-json\/wp\/v2\/comments?post=498"}],"version-history":[{"count":7,"href":"https:\/\/okulistyka21.pl\/en\/wp-json\/wp\/v2\/pages\/498\/revisions"}],"predecessor-version":[{"id":1549,"href":"https:\/\/okulistyka21.pl\/en\/wp-json\/wp\/v2\/pages\/498\/revisions\/1549"}],"up":[{"embeddable":true,"href":"https:\/\/okulistyka21.pl\/en\/wp-json\/wp\/v2\/pages\/475"}],"wp:attachment":[{"href":"https:\/\/okulistyka21.pl\/en\/wp-json\/wp\/v2\/media?parent=498"}],"curies":[{"name":"wp","href":"https:\/\/api.w.org\/{rel}","templated":true}]}}