{"id":492,"date":"2021-07-07T13:47:16","date_gmt":"2021-07-07T11:47:16","guid":{"rendered":"https:\/\/okulistyka21.pl\/?page_id=492"},"modified":"2021-07-07T13:49:25","modified_gmt":"2021-07-07T11:49:25","slug":"presbiopia-nauka-dla-innowacyjnosci-innowacyjnosc-dla-nauki","status":"publish","type":"page","link":"https:\/\/okulistyka21.pl\/en\/projekty-fundacji\/presbiopia-nauka-dla-innowacyjnosci-innowacyjnosc-dla-nauki\/","title":{"rendered":"Presbyopia - science for innovation, innovation for science"},"content":{"rendered":"<div data-elementor-type=\"wp-page\" data-elementor-id=\"492\" class=\"elementor elementor-492\" data-elementor-settings=\"[]\">\n\t\t\t\t\t\t<div class=\"elementor-inner\">\n\t\t\t\t\t\t\t<div class=\"elementor-section-wrap\">\n\t\t\t\t\t\t\t<section class=\"elementor-section elementor-top-section elementor-element elementor-element-4f1f505c elementor-section-boxed elementor-section-height-default elementor-section-height-default\" data-id=\"4f1f505c\" data-element_type=\"section\" data-settings=\"{&quot;background_background&quot;:&quot;gradient&quot;}\">\n\t\t\t\t\t\t\t<div class=\"elementor-background-overlay\"><\/div>\n\t\t\t\t\t\t\t<div class=\"elementor-container elementor-column-gap-default\">\n\t\t\t\t\t\t\t<div class=\"elementor-row\">\n\t\t\t\t\t<div class=\"elementor-column elementor-col-100 elementor-top-column elementor-element elementor-element-73c37d57\" data-id=\"73c37d57\" data-element_type=\"column\">\n\t\t\t<div class=\"elementor-column-wrap elementor-element-populated\">\n\t\t\t\t\t\t\t<div class=\"elementor-widget-wrap\">\n\t\t\t\t\t\t<div class=\"elementor-element elementor-element-7d005258 elementor-widget elementor-widget-heading\" data-id=\"7d005258\" data-element_type=\"widget\" data-widget_type=\"heading.default\">\n\t\t\t\t<div class=\"elementor-widget-container\">\n\t\t\t<h1 class=\"elementor-heading-title elementor-size-default\">Presbyopia - science for innovation, innovation for science<\/h1>\t\t<\/div>\n\t\t\t\t<\/div>\n\t\t\t\t<div class=\"elementor-element elementor-element-d747884 elementor-icon-list--layout-inline elementor-align-center elementor-list-item-link-full_width elementor-widget elementor-widget-icon-list\" data-id=\"d747884\" data-element_type=\"widget\" data-widget_type=\"icon-list.default\">\n\t\t\t\t<div class=\"elementor-widget-container\">\n\t\t\t\t\t<ul class=\"elementor-icon-list-items elementor-inline-items\">\n\t\t\t\t\t\t\t<li class=\"elementor-icon-list-item elementor-inline-item\">\n\t\t\t\t\t<a href=\"https:\/\/okulistyka21.pl\/en\">\t\t\t\t\t\t<span class=\"elementor-icon-list-icon\">\n\t\t\t\t\t\t\t<i aria-hidden=\"true\" class=\"icon icon-home\"><\/i>\t\t\t\t\t\t<\/span>\n\t\t\t\t\t\t\t\t\t\t<span class=\"elementor-icon-list-text\">Homepage<\/span>\n\t\t\t\t\t\t\t\t\t\t\t<\/a>\n\t\t\t\t\t\t\t\t\t<\/li>\n\t\t\t\t\t\t\t\t<li class=\"elementor-icon-list-item elementor-inline-item\">\n\t\t\t\t\t\t\t\t\t\t\t<span class=\"elementor-icon-list-icon\">\n\t\t\t\t\t\t\t<i aria-hidden=\"true\" class=\"fas fa-chevron-right\"><\/i>\t\t\t\t\t\t<\/span>\n\t\t\t\t\t\t\t\t\t\t<span class=\"elementor-icon-list-text\">Presbyopia - science for innovation, innovation for science<\/span>\n\t\t\t\t\t\t\t\t\t<\/li>\n\t\t\t\t\t\t<\/ul>\n\t\t\t\t<\/div>\n\t\t\t\t<\/div>\n\t\t\t\t\t\t<\/div>\n\t\t\t\t\t<\/div>\n\t\t<\/div>\n\t\t\t\t\t\t\t\t<\/div>\n\t\t\t\t\t<\/div>\n\t\t<\/section>\n\t\t\t\t<section class=\"elementor-section elementor-top-section elementor-element elementor-element-75a7db14 elementor-section-boxed elementor-section-height-default elementor-section-height-default\" data-id=\"75a7db14\" data-element_type=\"section\">\n\t\t\t\t\t\t\t<div class=\"elementor-background-overlay\"><\/div>\n\t\t\t\t\t\t\t<div class=\"elementor-container elementor-column-gap-default\">\n\t\t\t\t\t\t\t<div class=\"elementor-row\">\n\t\t\t\t\t<div class=\"elementor-column elementor-col-100 elementor-top-column elementor-element elementor-element-252a11f5\" data-id=\"252a11f5\" data-element_type=\"column\">\n\t\t\t<div class=\"elementor-column-wrap elementor-element-populated\">\n\t\t\t\t\t\t\t<div class=\"elementor-widget-wrap\">\n\t\t\t\t\t\t<div class=\"elementor-element elementor-element-54d62dd0 elementor-widget elementor-widget-text-editor\" data-id=\"54d62dd0\" data-element_type=\"widget\" data-widget_type=\"text-editor.default\">\n\t\t\t\t<div class=\"elementor-widget-container\">\n\t\t\t\t\t\t\t\t<div class=\"elementor-text-editor elementor-clearfix\">\n\t\t\t\t\t<p><strong>\"PRESBYOPIA - science for innovation, innovation for science\".<\/strong><\/p><p>\u00a0<\/p><p>Presbyopia is one of the main areas of activity undertaken by the Foundation for Supporting the Development of Ophthalmology \"OKULISTYKA 21\". The aim of the Foundation's activities is to improve the quality, modernisation and comprehensiveness of presbyopia treatment methods, as well as to conduct scientific, educational and informational activities in this area.<\/p><p>\u00a0<\/p><p>The scale of the phenomenon is enormous, and in the face of data on the level of knowledge and awareness of the condition among the public - i.e. data indicating that\u00a0<strong>as many as 75% people in the world do not know what presbyopia is<\/strong>, the need to intensify scientific activities and research and development is highly justified.<\/p><p><strong>\u00a0<\/strong><\/p><p>Presbyopia is and is likely to remain a challenge in ophthalmology for a long time to come.\u00a0<strong>Presbyopia is currently a source of enormous expense and reduced quality of life<\/strong>. The incompletely understood process of its formation, the link between presbyopia and quality of life in modern society and, at the same time, its apparent correction, creates an important area of research and information exchange between scientists and industry.<\/p><p><strong>\u00a0<\/strong><\/p><p>The Foundation for the Advancement of Ophthalmology \"OKULISTYKA 21\", with the problem of presbyopia in mind\u00a0<strong>is implementing the project 'PRESBIOPIA - science for innovation, innovation for science' from 2 December 2019 to 1 December 2021. The project, subsidised with PLN 276,868.00 from the funds of the Ministry of Science and Higher Education within the DIALOG programme.<\/strong><\/p><p>\u00a0<\/p><p><strong>The project will implement the following activities:<\/strong><\/p><p>1.\u00a0<strong>Creation of a scientific portal on presbyopia<\/strong>\u00a0as a platform for cooperation and dialogue between the worlds of science and business in order to improve the effectiveness of science-business cooperation, promote good practice in innovation, initiate research on presbyopia and target growth in innovation processes and the commercialisation of research results, as well as to disseminate knowledge on the relationship between science, innovation and the socio-economic sphere;<\/p><p>\u00a0<\/p><p>2.\u00a0<strong>Organisation of Presbyopia Forums - economic and scientific meetings<\/strong>which will be aimed at exchanging information between the scientific and economic communities and improving products used on the market, improving the effectiveness of cooperation between science and the socio-economic environment, promoting good practice in innovation, as well as strengthening scientific and teaching staff, increasing the quality and competitiveness of scientific research, stimulating innovation and implementing mechanisms for cooperation between science and the economy.<\/p><p>\u00a0<\/p><p>3.\u00a0<strong>Development of examination standards for patients undergoing presbyopia correction<\/strong>\u00a0in terms of:<\/p><p>1) spectacle correction,<\/p><p>2) correction with contact lenses,<\/p><p>3) corneal surgery,<\/p><p>4. lens surgery<\/p><p><strong>Project website:\u00a0<a href=\"https:\/\/prezbiopia.pl\/\">www.prezbiopia.pl<\/a><\/strong><\/p><p>The aim of developing the standards will be to improve the effectiveness of cooperation between science and the socio-economic environment and to implement measures to promote good practice in innovation. The steps planned in the project will serve to develop and adapt modern anti-presbyopia solutions for people over 40.<\/p>\t\t\t\t\t<\/div>\n\t\t\t\t\t\t<\/div>\n\t\t\t\t<\/div>\n\t\t\t\t<div class=\"elementor-element elementor-element-0005c1c elementor-widget elementor-widget-image\" data-id=\"0005c1c\" data-element_type=\"widget\" data-widget_type=\"image.default\">\n\t\t\t\t<div class=\"elementor-widget-container\">\n\t\t\t\t\t\t\t\t<div class=\"elementor-image\">\n\t\t\t\t\t\t\t\t\t\t\t\t<img width=\"800\" height=\"138\" src=\"https:\/\/okulistyka21.pl\/wp-content\/uploads\/2021\/07\/Konferencja-Naukowa-7.png\" class=\"attachment-large size-large\" alt=\"\" loading=\"lazy\" srcset=\"https:\/\/okulistyka21.pl\/wp-content\/uploads\/2021\/07\/Konferencja-Naukowa-7.png 959w, https:\/\/okulistyka21.pl\/wp-content\/uploads\/2021\/07\/Konferencja-Naukowa-7-300x52.png 300w, https:\/\/okulistyka21.pl\/wp-content\/uploads\/2021\/07\/Konferencja-Naukowa-7-768x132.png 768w\" sizes=\"(max-width: 800px) 100vw, 800px\" \/>\t\t\t\t\t\t\t\t\t\t\t\t\t\t<\/div>\n\t\t\t\t\t\t<\/div>\n\t\t\t\t<\/div>\n\t\t\t\t\t\t<\/div>\n\t\t\t\t\t<\/div>\n\t\t<\/div>\n\t\t\t\t\t\t\t\t<\/div>\n\t\t\t\t\t<\/div>\n\t\t<\/section>\n\t\t\t\t\t\t<\/div>\n\t\t\t\t\t\t<\/div>\n\t\t\t\t\t<\/div>","protected":false},"excerpt":{"rendered":"<p>Strona g\u0142\u00f3wna &#8222;PRESBIOPIA &#8211; nauka dla innowacyjno\u015bci, innowacyjno\u015b\u0107 dla nauki&#8221; \u00a0 Presbiopia jest jednym z g\u0142\u00f3wnych kierunk\u00f3w dzia\u0142alno\u015bci podejmowanej przez Fundacj\u0119 Wspierania Rozwoju Okulistyki &#8222;OKULISTYKA 21&#8221;. Celem dzia\u0142a\u0144 Fundacji jest podnoszenie jako\u015bci, unowocze\u015bnianie i kompleksowo\u015b\u0107 metod leczenia presbiopii oraz prowadzenie dzia\u0142a\u0144 naukowych, edukacyjnych i informacyjnych w tym zakresie. \u00a0 Skala zjawiska jest ogromna, a w [&hellip;]<\/p>","protected":false},"author":1,"featured_media":0,"parent":475,"menu_order":0,"comment_status":"closed","ping_status":"closed","template":"elementor_canvas","meta":[],"_links":{"self":[{"href":"https:\/\/okulistyka21.pl\/en\/wp-json\/wp\/v2\/pages\/492"}],"collection":[{"href":"https:\/\/okulistyka21.pl\/en\/wp-json\/wp\/v2\/pages"}],"about":[{"href":"https:\/\/okulistyka21.pl\/en\/wp-json\/wp\/v2\/types\/page"}],"author":[{"embeddable":true,"href":"https:\/\/okulistyka21.pl\/en\/wp-json\/wp\/v2\/users\/1"}],"replies":[{"embeddable":true,"href":"https:\/\/okulistyka21.pl\/en\/wp-json\/wp\/v2\/comments?post=492"}],"version-history":[{"count":4,"href":"https:\/\/okulistyka21.pl\/en\/wp-json\/wp\/v2\/pages\/492\/revisions"}],"predecessor-version":[{"id":497,"href":"https:\/\/okulistyka21.pl\/en\/wp-json\/wp\/v2\/pages\/492\/revisions\/497"}],"up":[{"embeddable":true,"href":"https:\/\/okulistyka21.pl\/en\/wp-json\/wp\/v2\/pages\/475"}],"wp:attachment":[{"href":"https:\/\/okulistyka21.pl\/en\/wp-json\/wp\/v2\/media?parent=492"}],"curies":[{"name":"wp","href":"https:\/\/api.w.org\/{rel}","templated":true}]}}