{"id":477,"date":"2021-07-07T13:13:56","date_gmt":"2021-07-07T11:13:56","guid":{"rendered":"https:\/\/okulistyka21.pl\/?page_id=477"},"modified":"2021-07-26T15:05:12","modified_gmt":"2021-07-26T13:05:12","slug":"program-profilatyki-retinopatii-cukrzycowej-w-wojewodztwie-wielkopolskim","status":"publish","type":"page","link":"https:\/\/okulistyka21.pl\/en\/projekty-fundacji\/program-profilatyki-retinopatii-cukrzycowej-w-wojewodztwie-wielkopolskim\/","title":{"rendered":"Diabetic retinopathy prevention programme in Wielkopolskie Voivodship"},"content":{"rendered":"<div data-elementor-type=\"wp-page\" data-elementor-id=\"477\" class=\"elementor elementor-477\" data-elementor-settings=\"[]\">\n\t\t\t\t\t\t<div class=\"elementor-inner\">\n\t\t\t\t\t\t\t<div class=\"elementor-section-wrap\">\n\t\t\t\t\t\t\t<section class=\"elementor-section elementor-top-section elementor-element elementor-element-12c7f93c elementor-section-boxed elementor-section-height-default elementor-section-height-default\" data-id=\"12c7f93c\" data-element_type=\"section\" data-settings=\"{&quot;background_background&quot;:&quot;gradient&quot;}\">\n\t\t\t\t\t\t\t<div class=\"elementor-background-overlay\"><\/div>\n\t\t\t\t\t\t\t<div class=\"elementor-container elementor-column-gap-default\">\n\t\t\t\t\t\t\t<div class=\"elementor-row\">\n\t\t\t\t\t<div class=\"elementor-column elementor-col-100 elementor-top-column elementor-element elementor-element-b0251ea\" data-id=\"b0251ea\" data-element_type=\"column\">\n\t\t\t<div class=\"elementor-column-wrap elementor-element-populated\">\n\t\t\t\t\t\t\t<div class=\"elementor-widget-wrap\">\n\t\t\t\t\t\t<div class=\"elementor-element elementor-element-b50b7d8 elementor-widget elementor-widget-heading\" data-id=\"b50b7d8\" data-element_type=\"widget\" data-widget_type=\"heading.default\">\n\t\t\t\t<div class=\"elementor-widget-container\">\n\t\t\t<h1 class=\"elementor-heading-title elementor-size-default\">Diabetic retinopathy prevention programme in Wielkopolskie Voivodship<\/h1>\t\t<\/div>\n\t\t\t\t<\/div>\n\t\t\t\t<div class=\"elementor-element elementor-element-3549dbb8 elementor-icon-list--layout-inline elementor-align-center elementor-list-item-link-full_width elementor-widget elementor-widget-icon-list\" data-id=\"3549dbb8\" data-element_type=\"widget\" data-widget_type=\"icon-list.default\">\n\t\t\t\t<div class=\"elementor-widget-container\">\n\t\t\t\t\t<ul class=\"elementor-icon-list-items elementor-inline-items\">\n\t\t\t\t\t\t\t<li class=\"elementor-icon-list-item elementor-inline-item\">\n\t\t\t\t\t<a href=\"https:\/\/okulistyka21.pl\/en\">\t\t\t\t\t\t<span class=\"elementor-icon-list-icon\">\n\t\t\t\t\t\t\t<i aria-hidden=\"true\" class=\"icon icon-home\"><\/i>\t\t\t\t\t\t<\/span>\n\t\t\t\t\t\t\t\t\t\t<span class=\"elementor-icon-list-text\">Homepage<\/span>\n\t\t\t\t\t\t\t\t\t\t\t<\/a>\n\t\t\t\t\t\t\t\t\t<\/li>\n\t\t\t\t\t\t\t\t<li class=\"elementor-icon-list-item elementor-inline-item\">\n\t\t\t\t\t\t\t\t\t\t\t<span class=\"elementor-icon-list-icon\">\n\t\t\t\t\t\t\t<i aria-hidden=\"true\" class=\"fas fa-chevron-right\"><\/i>\t\t\t\t\t\t<\/span>\n\t\t\t\t\t\t\t\t\t\t<span class=\"elementor-icon-list-text\">Diabetic retinopathy prevention programme in Wielkopolskie Voivodship<\/span>\n\t\t\t\t\t\t\t\t\t<\/li>\n\t\t\t\t\t\t<\/ul>\n\t\t\t\t<\/div>\n\t\t\t\t<\/div>\n\t\t\t\t\t\t<\/div>\n\t\t\t\t\t<\/div>\n\t\t<\/div>\n\t\t\t\t\t\t\t\t<\/div>\n\t\t\t\t\t<\/div>\n\t\t<\/section>\n\t\t\t\t<section class=\"elementor-section elementor-top-section elementor-element elementor-element-16433e6 elementor-section-boxed elementor-section-height-default elementor-section-height-default\" data-id=\"16433e6\" data-element_type=\"section\">\n\t\t\t\t\t\t\t<div class=\"elementor-background-overlay\"><\/div>\n\t\t\t\t\t\t\t<div class=\"elementor-container elementor-column-gap-default\">\n\t\t\t\t\t\t\t<div class=\"elementor-row\">\n\t\t\t\t\t<div class=\"elementor-column elementor-col-100 elementor-top-column elementor-element elementor-element-50d5eeef\" data-id=\"50d5eeef\" data-element_type=\"column\">\n\t\t\t<div class=\"elementor-column-wrap elementor-element-populated\">\n\t\t\t\t\t\t\t<div class=\"elementor-widget-wrap\">\n\t\t\t\t\t\t<div class=\"elementor-element elementor-element-1057c8f7 elementor-widget elementor-widget-text-editor\" data-id=\"1057c8f7\" data-element_type=\"widget\" data-widget_type=\"text-editor.default\">\n\t\t\t\t<div class=\"elementor-widget-container\">\n\t\t\t\t\t\t\t\t<div class=\"elementor-text-editor elementor-clearfix\">\n\t\t\t\t\t<p><b>Diabetic retinopathy<\/b> is the most common cause of vision loss in people of working age. It appears in almost all patients with type 1 diabetes and 60% patients with type 2 diabetes within 10 years of diagnosis. Diabetic retinopathy remains asymptomatic for a long time, and late diagnosis or poor treatment leads to deterioration of vision, in extreme cases to loss of vision. However, if detected early and treated correctly, it can remain under control and allow patients to remain active and independent for a long time; in more than 90% cases, it is possible to preserve vision.<\/p><p>Data from the International Diabetes Federation (IDF) in 2015 indicate that:<\/p><ul><li><p>Worldwide, some 415 million adults suffer from diabetes.<\/p><\/li><li><p>By 2040, this figure is expected to rise to 642 million,<\/p><\/li><li><p>The proportion of people with type 2 diabetes is increasing in most countries,<\/p><\/li><li><p>75% adults with diabetes live in low- and middle-income countries,<\/p><\/li><li><p>The largest number of people with diabetes are between 40 and 59 years old,<\/p><\/li><li><p>1 of 2 people with diabetes is undiagnosed (46%).<\/p><\/li><\/ul><p>Based on the health needs maps made available by the Ministry of Health, we know that<b> there were 109,800 people with diabetes in Wielkopolskie Province at the end of 2014, placing Wielkopolskie in 4th place among the provinces with the highest prevalence of diabetes<\/b>.<\/p><p>Epidemiological data in the 2017 Diabetic Retinopathy Barometer report shows that 93 million diabetics worldwide have diabetic retinopathy meaning that 1 in 3 diabetics suffer from retinopathy.<\/p><p>According to NFZ data, there were 5 560 residents of the Wielkopolska voivodship diagnosed with diabetic retinopathy in 2014-2016. CO means that few patients receive treatment.<\/p><p><b>Foundation for the Advancement of Ophthalmology \"Ophthalmology21\"<\/b> in cooperation with Prof. Dr. Dorota Zozuli\u0144ska-Zi\u00f3\u0142kiewicz, Head of the <b>Department of Internal Medicine and Diabetology, K. Marcinkowski University of Medical Sciences, Pozna\u0144<\/b> as of october 2019, is implementing a project co-financed by EU funds entitled. \"DIABETIC RETINOPATHY PREVENTION PROGRAMME IN THE WIELKOPOLSKIE VOIVODESHIP\".<\/p><p>The main objective of the programme is: <b>an increase in the detection rate of diabetic retinopathy in people with diabetes in the Wielkopolska region by approximately 10% over the 3 years of the programme. <\/b>The programme involves the use of artificial intelligence to examine fundus images and diagnose abnormalities. Funduscam examinations take place in 15 Diabetes Clinics across the Wielkopolska region.<\/p><p>All interested diabetologists and Diabetes Clinics are welcome to collaborate and contact the Project Coordinator:<\/p><p><b>Szymon Wilkanowicz<\/b><\/p><p><b>Foundation for the Support of Ophthalmology Development \"OKULISTYKA 21\"<\/b><\/p><p><b>ul. Mickiewicza 24 lok 3B, 60-836 Pozna\u0144<\/b><\/p><p><b>tel. 512 359 821, s.wilkanowicz@okulistyka21.pl<\/b><\/p><p>Project website <a href=\"http:\/\/www.retinopatiacukrzycowa.pl\">www.retinopatiacukrzycowa.pl<\/a><\/p>\t\t\t\t\t<\/div>\n\t\t\t\t\t\t<\/div>\n\t\t\t\t<\/div>\n\t\t\t\t\t\t<\/div>\n\t\t\t\t\t<\/div>\n\t\t<\/div>\n\t\t\t\t\t\t\t\t<\/div>\n\t\t\t\t\t<\/div>\n\t\t<\/section>\n\t\t\t\t<section class=\"elementor-section elementor-top-section elementor-element elementor-element-1afc16ee elementor-section-boxed elementor-section-height-default elementor-section-height-default\" data-id=\"1afc16ee\" data-element_type=\"section\" data-settings=\"{&quot;background_background&quot;:&quot;classic&quot;}\">\n\t\t\t\t\t\t\t<div class=\"elementor-background-overlay\"><\/div>\n\t\t\t\t\t\t\t<div class=\"elementor-container elementor-column-gap-default\">\n\t\t\t\t\t\t\t<div class=\"elementor-row\">\n\t\t\t\t\t<div class=\"elementor-column elementor-col-100 elementor-top-column elementor-element elementor-element-cd5b5f0\" data-id=\"cd5b5f0\" data-element_type=\"column\">\n\t\t\t<div class=\"elementor-column-wrap elementor-element-populated\">\n\t\t\t\t\t\t\t<div class=\"elementor-widget-wrap\">\n\t\t\t\t\t\t<div class=\"elementor-element elementor-element-62e7f5a5 elementor-widget elementor-widget-text-editor\" data-id=\"62e7f5a5\" data-element_type=\"widget\" data-widget_type=\"text-editor.default\">\n\t\t\t\t<div class=\"elementor-widget-container\">\n\t\t\t\t\t\t\t\t<div class=\"elementor-text-editor elementor-clearfix\">\n\t\t\t\t\t<p>A report by G\u0142os Wielkopolski on the moment of signing the agreement with the Marshal's Office of the Wielkopolska Region.<\/p><p><a href=\"https:\/\/gloswielkopolski.pl\/cukrzyca-ponad-43-tysiace-chorych-w-wielkopolsce-dzieki-unijnemu-wsparciu-przejdzie-badania-dna-oka\/ar\/c14-14254059\" target=\"_blank\" rel=\"noopener\">https:\/\/gloswielkopolski.pl\/cukrzyca-ponad-43-tysiace-chorych-w-wielkopolsce-dzieki-unijnemu-wsparciu-przejdzie-badania-dna-oka\/ar\/c14-14254059<\/a><\/p><p>\u00a0<\/p><p>Telescope material on our project (beginning 3:52)<\/p><p><a href=\"https:\/\/poznan.tvp.pl\/43376164\/06072019-godz1830%20\">https:\/\/poznan.tvp.pl\/43376164\/06072019-godz1830<\/a><\/p><p>\u00a0<\/p><p>Super Express material<\/p><p><a href=\"https:\/\/www.se.pl\/poznan\/w-wielkopolsce-beda-wykrywac-retinopatie-cukrzycowa-aa-FuQ6-CCZ5-WESY.html\">https:\/\/www.se.pl\/poznan\/w-wielkopolsce-beda-wykrywac-retinopatie-cukrzycowa-aa-FuQ6-CCZ5-WESY.html<\/a><\/p><p>\u00a0<\/p><p>Bulletin of the Self-Government of the Wielkopolska Region<\/p><p><a href=\"https:\/\/www.umww.pl\/prawie-5-mln-zl-dofinansowania-z-wrpo-2014-na-badania-dna-oka-u-diabetykow\">https:\/\/www.umww.pl\/prawie-5-mln-zl-dofinansowania-z-wrpo-2014-na-badania-dna-oka-u-diabetykow<\/a><\/p>\t\t\t\t\t<\/div>\n\t\t\t\t\t\t<\/div>\n\t\t\t\t<\/div>\n\t\t\t\t\t\t<\/div>\n\t\t\t\t\t<\/div>\n\t\t<\/div>\n\t\t\t\t\t\t\t\t<\/div>\n\t\t\t\t\t<\/div>\n\t\t<\/section>\n\t\t\t\t<section class=\"elementor-section elementor-top-section elementor-element elementor-element-7b65e55 elementor-section-boxed elementor-section-height-default elementor-section-height-default\" data-id=\"7b65e55\" data-element_type=\"section\">\n\t\t\t\t\t\t<div class=\"elementor-container elementor-column-gap-default\">\n\t\t\t\t\t\t\t<div class=\"elementor-row\">\n\t\t\t\t\t<div class=\"elementor-column elementor-col-100 elementor-top-column elementor-element elementor-element-9e784f3\" data-id=\"9e784f3\" data-element_type=\"column\">\n\t\t\t<div class=\"elementor-column-wrap elementor-element-populated\">\n\t\t\t\t\t\t\t<div class=\"elementor-widget-wrap\">\n\t\t\t\t\t\t<div class=\"elementor-element elementor-element-dbc7aa7 elementor-widget elementor-widget-heading\" data-id=\"dbc7aa7\" data-element_type=\"widget\" data-widget_type=\"heading.default\">\n\t\t\t\t<div class=\"elementor-widget-container\">\n\t\t\t<h2 class=\"elementor-heading-title elementor-size-default\">Signing of the contract at the Marshal's Office of the Wielkopolska Region in Pozna\u0144\n<\/h2>\t\t<\/div>\n\t\t\t\t<\/div>\n\t\t\t\t<div class=\"elementor-element elementor-element-dea2b93 elementor-widget-divider--view-line elementor-widget elementor-widget-divider\" data-id=\"dea2b93\" data-element_type=\"widget\" data-widget_type=\"divider.default\">\n\t\t\t\t<div class=\"elementor-widget-container\">\n\t\t\t\t\t<div class=\"elementor-divider\">\n\t\t\t<span class=\"elementor-divider-separator\">\n\t\t\t\t\t\t<\/span>\n\t\t<\/div>\n\t\t\t\t<\/div>\n\t\t\t\t<\/div>\n\t\t\t\t\t\t<\/div>\n\t\t\t\t\t<\/div>\n\t\t<\/div>\n\t\t\t\t\t\t\t\t<\/div>\n\t\t\t\t\t<\/div>\n\t\t<\/section>\n\t\t\t\t<section class=\"elementor-section elementor-top-section elementor-element elementor-element-399400a elementor-section-boxed elementor-section-height-default elementor-section-height-default\" data-id=\"399400a\" data-element_type=\"section\">\n\t\t\t\t\t\t<div class=\"elementor-container elementor-column-gap-narrow\">\n\t\t\t\t\t\t\t<div class=\"elementor-row\">\n\t\t\t\t\t<div class=\"elementor-column elementor-col-25 elementor-top-column elementor-element elementor-element-f54fb4f\" data-id=\"f54fb4f\" data-element_type=\"column\">\n\t\t\t<div class=\"elementor-column-wrap elementor-element-populated\">\n\t\t\t\t\t\t\t<div class=\"elementor-widget-wrap\">\n\t\t\t\t\t\t<div class=\"elementor-element elementor-element-8fd727e elementor-widget elementor-widget-image\" data-id=\"8fd727e\" data-element_type=\"widget\" data-widget_type=\"image.default\">\n\t\t\t\t<div class=\"elementor-widget-container\">\n\t\t\t\t\t\t\t\t<div class=\"elementor-image\">\n\t\t\t\t\t\t\t\t\t\t\t\t<img width=\"800\" height=\"534\" src=\"https:\/\/okulistyka21.pl\/wp-content\/uploads\/2021\/07\/IMG_6153.jpg\" class=\"attachment-large size-large\" alt=\"\" loading=\"lazy\" srcset=\"https:\/\/okulistyka21.pl\/wp-content\/uploads\/2021\/07\/IMG_6153.jpg 800w, https:\/\/okulistyka21.pl\/wp-content\/uploads\/2021\/07\/IMG_6153-300x200.jpg 300w, https:\/\/okulistyka21.pl\/wp-content\/uploads\/2021\/07\/IMG_6153-768x513.jpg 768w\" sizes=\"(max-width: 800px) 100vw, 800px\" \/>\t\t\t\t\t\t\t\t\t\t\t\t\t\t<\/div>\n\t\t\t\t\t\t<\/div>\n\t\t\t\t<\/div>\n\t\t\t\t\t\t<\/div>\n\t\t\t\t\t<\/div>\n\t\t<\/div>\n\t\t\t\t<div class=\"elementor-column elementor-col-25 elementor-top-column elementor-element elementor-element-57039b3\" data-id=\"57039b3\" data-element_type=\"column\">\n\t\t\t<div class=\"elementor-column-wrap elementor-element-populated\">\n\t\t\t\t\t\t\t<div class=\"elementor-widget-wrap\">\n\t\t\t\t\t\t<div class=\"elementor-element elementor-element-8e8ef45 elementor-widget elementor-widget-image\" data-id=\"8e8ef45\" data-element_type=\"widget\" data-widget_type=\"image.default\">\n\t\t\t\t<div class=\"elementor-widget-container\">\n\t\t\t\t\t\t\t\t<div class=\"elementor-image\">\n\t\t\t\t\t\t\t\t\t\t\t\t<img width=\"800\" height=\"533\" src=\"https:\/\/okulistyka21.pl\/wp-content\/uploads\/2021\/07\/IMG_6156.jpg\" class=\"attachment-large size-large\" alt=\"\" loading=\"lazy\" srcset=\"https:\/\/okulistyka21.pl\/wp-content\/uploads\/2021\/07\/IMG_6156.jpg 800w, https:\/\/okulistyka21.pl\/wp-content\/uploads\/2021\/07\/IMG_6156-300x200.jpg 300w, https:\/\/okulistyka21.pl\/wp-content\/uploads\/2021\/07\/IMG_6156-768x512.jpg 768w\" sizes=\"(max-width: 800px) 100vw, 800px\" \/>\t\t\t\t\t\t\t\t\t\t\t\t\t\t<\/div>\n\t\t\t\t\t\t<\/div>\n\t\t\t\t<\/div>\n\t\t\t\t\t\t<\/div>\n\t\t\t\t\t<\/div>\n\t\t<\/div>\n\t\t\t\t<div class=\"elementor-column elementor-col-25 elementor-top-column elementor-element elementor-element-b415f22\" data-id=\"b415f22\" data-element_type=\"column\">\n\t\t\t<div class=\"elementor-column-wrap elementor-element-populated\">\n\t\t\t\t\t\t\t<div class=\"elementor-widget-wrap\">\n\t\t\t\t\t\t<div class=\"elementor-element elementor-element-8edf9ec elementor-widget elementor-widget-image\" data-id=\"8edf9ec\" data-element_type=\"widget\" data-widget_type=\"image.default\">\n\t\t\t\t<div class=\"elementor-widget-container\">\n\t\t\t\t\t\t\t\t<div class=\"elementor-image\">\n\t\t\t\t\t\t\t\t\t\t\t\t<img width=\"800\" height=\"533\" src=\"https:\/\/okulistyka21.pl\/wp-content\/uploads\/2021\/07\/IMG_6162.jpg\" class=\"attachment-large size-large\" alt=\"\" loading=\"lazy\" srcset=\"https:\/\/okulistyka21.pl\/wp-content\/uploads\/2021\/07\/IMG_6162.jpg 800w, https:\/\/okulistyka21.pl\/wp-content\/uploads\/2021\/07\/IMG_6162-300x200.jpg 300w, https:\/\/okulistyka21.pl\/wp-content\/uploads\/2021\/07\/IMG_6162-768x512.jpg 768w\" sizes=\"(max-width: 800px) 100vw, 800px\" \/>\t\t\t\t\t\t\t\t\t\t\t\t\t\t<\/div>\n\t\t\t\t\t\t<\/div>\n\t\t\t\t<\/div>\n\t\t\t\t\t\t<\/div>\n\t\t\t\t\t<\/div>\n\t\t<\/div>\n\t\t\t\t<div class=\"elementor-column elementor-col-25 elementor-top-column elementor-element elementor-element-ce770c5\" data-id=\"ce770c5\" data-element_type=\"column\">\n\t\t\t<div class=\"elementor-column-wrap elementor-element-populated\">\n\t\t\t\t\t\t\t<div class=\"elementor-widget-wrap\">\n\t\t\t\t\t\t<div class=\"elementor-element elementor-element-4f92295 elementor-widget elementor-widget-image\" data-id=\"4f92295\" data-element_type=\"widget\" data-widget_type=\"image.default\">\n\t\t\t\t<div class=\"elementor-widget-container\">\n\t\t\t\t\t\t\t\t<div class=\"elementor-image\">\n\t\t\t\t\t\t\t\t\t\t\t\t<img width=\"800\" height=\"533\" src=\"https:\/\/okulistyka21.pl\/wp-content\/uploads\/2021\/07\/IMG_6169.jpg\" class=\"attachment-large size-large\" alt=\"\" loading=\"lazy\" srcset=\"https:\/\/okulistyka21.pl\/wp-content\/uploads\/2021\/07\/IMG_6169.jpg 800w, https:\/\/okulistyka21.pl\/wp-content\/uploads\/2021\/07\/IMG_6169-300x200.jpg 300w, https:\/\/okulistyka21.pl\/wp-content\/uploads\/2021\/07\/IMG_6169-768x512.jpg 768w\" sizes=\"(max-width: 800px) 100vw, 800px\" \/>\t\t\t\t\t\t\t\t\t\t\t\t\t\t<\/div>\n\t\t\t\t\t\t<\/div>\n\t\t\t\t<\/div>\n\t\t\t\t\t\t<\/div>\n\t\t\t\t\t<\/div>\n\t\t<\/div>\n\t\t\t\t\t\t\t\t<\/div>\n\t\t\t\t\t<\/div>\n\t\t<\/section>\n\t\t\t\t\t\t<\/div>\n\t\t\t\t\t\t<\/div>\n\t\t\t\t\t<\/div>","protected":false},"excerpt":{"rendered":"<p>Strona g\u0142\u00f3wna Retinopatia cukrzycowa jest najcz\u0119stsz\u0105 przyczyn\u0105 utraty widzenia u os\u00f3b w wieku produkcyjnym. Pojawia si\u0119 u prawie wszystkich pacjent\u00f3w z cukrzyc\u0105 typu 1 i 60% pacjent\u00f3w z cukrzyc\u0105 typu 2 w ci\u0105gu 10 lat od rozpoznania choroby. Retinopatia cukrzycowa d\u0142ugo pozostaje bezobjawowa, a p\u00f3\u017ano rozpoznana lub \u017ale leczona doprowadza do pogorszenia widzenia, w skrajnych [&hellip;]<\/p>","protected":false},"author":1,"featured_media":0,"parent":475,"menu_order":0,"comment_status":"closed","ping_status":"closed","template":"elementor_canvas","meta":[],"_links":{"self":[{"href":"https:\/\/okulistyka21.pl\/en\/wp-json\/wp\/v2\/pages\/477"}],"collection":[{"href":"https:\/\/okulistyka21.pl\/en\/wp-json\/wp\/v2\/pages"}],"about":[{"href":"https:\/\/okulistyka21.pl\/en\/wp-json\/wp\/v2\/types\/page"}],"author":[{"embeddable":true,"href":"https:\/\/okulistyka21.pl\/en\/wp-json\/wp\/v2\/users\/1"}],"replies":[{"embeddable":true,"href":"https:\/\/okulistyka21.pl\/en\/wp-json\/wp\/v2\/comments?post=477"}],"version-history":[{"count":11,"href":"https:\/\/okulistyka21.pl\/en\/wp-json\/wp\/v2\/pages\/477\/revisions"}],"predecessor-version":[{"id":1427,"href":"https:\/\/okulistyka21.pl\/en\/wp-json\/wp\/v2\/pages\/477\/revisions\/1427"}],"up":[{"embeddable":true,"href":"https:\/\/okulistyka21.pl\/en\/wp-json\/wp\/v2\/pages\/475"}],"wp:attachment":[{"href":"https:\/\/okulistyka21.pl\/en\/wp-json\/wp\/v2\/media?parent=477"}],"curies":[{"name":"wp","href":"https:\/\/api.w.org\/{rel}","templated":true}]}}