{"id":440,"date":"2021-07-07T12:52:58","date_gmt":"2021-07-07T10:52:58","guid":{"rendered":"https:\/\/okulistyka21.pl\/?page_id=440"},"modified":"2025-06-10T12:30:28","modified_gmt":"2025-06-10T10:30:28","slug":"okulistyka-dziecieca","status":"publish","type":"page","link":"https:\/\/okulistyka21.pl\/en\/edukacja\/okulistyka-dziecieca\/","title":{"rendered":"Paediatric ophthalmology"},"content":{"rendered":"<div data-elementor-type=\"wp-page\" data-elementor-id=\"440\" class=\"elementor elementor-440\" data-elementor-settings=\"[]\">\n\t\t\t\t\t\t<div class=\"elementor-inner\">\n\t\t\t\t\t\t\t<div class=\"elementor-section-wrap\">\n\t\t\t\t\t\t\t<section class=\"elementor-section elementor-top-section elementor-element elementor-element-44de7b72 elementor-section-boxed elementor-section-height-default elementor-section-height-default\" data-id=\"44de7b72\" data-element_type=\"section\" data-settings=\"{&quot;background_background&quot;:&quot;gradient&quot;}\">\n\t\t\t\t\t\t\t<div class=\"elementor-background-overlay\"><\/div>\n\t\t\t\t\t\t\t<div class=\"elementor-container elementor-column-gap-default\">\n\t\t\t\t\t\t\t<div class=\"elementor-row\">\n\t\t\t\t\t<div class=\"elementor-column elementor-col-100 elementor-top-column elementor-element elementor-element-70415a0e\" data-id=\"70415a0e\" data-element_type=\"column\">\n\t\t\t<div class=\"elementor-column-wrap elementor-element-populated\">\n\t\t\t\t\t\t\t<div class=\"elementor-widget-wrap\">\n\t\t\t\t\t\t<div class=\"elementor-element elementor-element-34c16390 elementor-widget elementor-widget-heading\" data-id=\"34c16390\" data-element_type=\"widget\" data-widget_type=\"heading.default\">\n\t\t\t\t<div class=\"elementor-widget-container\">\n\t\t\t<h1 class=\"elementor-heading-title elementor-size-default\">Paediatric ophthalmology<\/h1>\t\t<\/div>\n\t\t\t\t<\/div>\n\t\t\t\t<div class=\"elementor-element elementor-element-36befa94 elementor-icon-list--layout-inline elementor-align-center elementor-list-item-link-full_width elementor-widget elementor-widget-icon-list\" data-id=\"36befa94\" data-element_type=\"widget\" data-widget_type=\"icon-list.default\">\n\t\t\t\t<div class=\"elementor-widget-container\">\n\t\t\t\t\t<ul class=\"elementor-icon-list-items elementor-inline-items\">\n\t\t\t\t\t\t\t<li class=\"elementor-icon-list-item elementor-inline-item\">\n\t\t\t\t\t<a href=\"https:\/\/okulistyka21.pl\/en\">\t\t\t\t\t\t<span class=\"elementor-icon-list-icon\">\n\t\t\t\t\t\t\t<i aria-hidden=\"true\" class=\"icon icon-home\"><\/i>\t\t\t\t\t\t<\/span>\n\t\t\t\t\t\t\t\t\t\t<span class=\"elementor-icon-list-text\">Homepage<\/span>\n\t\t\t\t\t\t\t\t\t\t\t<\/a>\n\t\t\t\t\t\t\t\t\t<\/li>\n\t\t\t\t\t\t\t\t<li class=\"elementor-icon-list-item elementor-inline-item\">\n\t\t\t\t\t\t\t\t\t\t\t<span class=\"elementor-icon-list-icon\">\n\t\t\t\t\t\t\t<i aria-hidden=\"true\" class=\"fas fa-chevron-right\"><\/i>\t\t\t\t\t\t<\/span>\n\t\t\t\t\t\t\t\t\t\t<span class=\"elementor-icon-list-text\">Paediatric ophthalmology<\/span>\n\t\t\t\t\t\t\t\t\t<\/li>\n\t\t\t\t\t\t<\/ul>\n\t\t\t\t<\/div>\n\t\t\t\t<\/div>\n\t\t\t\t\t\t<\/div>\n\t\t\t\t\t<\/div>\n\t\t<\/div>\n\t\t\t\t\t\t\t\t<\/div>\n\t\t\t\t\t<\/div>\n\t\t<\/section>\n\t\t\t\t<section class=\"elementor-section elementor-top-section elementor-element elementor-element-ba3eec1 elementor-section-boxed elementor-section-height-default elementor-section-height-default\" data-id=\"ba3eec1\" data-element_type=\"section\">\n\t\t\t\t\t\t<div class=\"elementor-container elementor-column-gap-default\">\n\t\t\t\t\t\t\t<div class=\"elementor-row\">\n\t\t\t\t\t<div class=\"elementor-column elementor-col-100 elementor-top-column elementor-element elementor-element-a51ccb7\" data-id=\"a51ccb7\" data-element_type=\"column\">\n\t\t\t<div class=\"elementor-column-wrap elementor-element-populated\">\n\t\t\t\t\t\t\t<div class=\"elementor-widget-wrap\">\n\t\t\t\t\t\t<div class=\"elementor-element elementor-element-1331de0 elementor-grid-3 elementor-grid-tablet-2 elementor-grid-mobile-1 elementor-posts--thumbnail-top elementor-card-shadow-yes elementor-posts__hover-gradient elementor-widget elementor-widget-posts\" data-id=\"1331de0\" data-element_type=\"widget\" data-settings=\"{&quot;cards_columns&quot;:&quot;3&quot;,&quot;cards_columns_tablet&quot;:&quot;2&quot;,&quot;cards_columns_mobile&quot;:&quot;1&quot;,&quot;cards_row_gap&quot;:{&quot;unit&quot;:&quot;px&quot;,&quot;size&quot;:35,&quot;sizes&quot;:[]}}\" data-widget_type=\"posts.cards\">\n\t\t\t\t<div class=\"elementor-widget-container\">\n\t\t\t\t\t<div class=\"elementor-posts-container elementor-posts elementor-posts--skin-cards elementor-grid\">\n\t\t\t\t<article class=\"elementor-post elementor-grid-item post-2640 post type-post status-publish format-standard has-post-thumbnail hentry category-edukacja\">\n\t\t\t<div class=\"elementor-post__card\">\n\t\t\t\t<a class=\"elementor-post__thumbnail__link\" href=\"https:\/\/okulistyka21.pl\/en\/2025\/06\/10\/zadbaj-o-wzrok-swojego-dziecka-bezplatne-badania-okulistyczne-w-poznanskich-zlobkach\/\" >\n\t\t\t<div class=\"elementor-post__thumbnail\"><img width=\"768\" height=\"512\" src=\"https:\/\/okulistyka21.pl\/wp-content\/uploads\/2025\/06\/zlobek-768x512.jpg\" class=\"attachment-medium_large size-medium_large\" alt=\"\" loading=\"lazy\" srcset=\"https:\/\/okulistyka21.pl\/wp-content\/uploads\/2025\/06\/zlobek-768x512.jpg 768w, https:\/\/okulistyka21.pl\/wp-content\/uploads\/2025\/06\/zlobek-300x200.jpg 300w, https:\/\/okulistyka21.pl\/wp-content\/uploads\/2025\/06\/zlobek-1024x683.jpg 1024w, https:\/\/okulistyka21.pl\/wp-content\/uploads\/2025\/06\/zlobek-18x12.jpg 18w, https:\/\/okulistyka21.pl\/wp-content\/uploads\/2025\/06\/zlobek.jpg 1200w\" sizes=\"(max-width: 768px) 100vw, 768px\" \/><\/div>\n\t\t<\/a>\n\t\t\t\t<div class=\"elementor-post__badge\">Education<\/div>\n\t\t\t\t<div class=\"elementor-post__text\">\n\t\t\t\t<h3 class=\"elementor-post__title\">\n\t\t\t<a href=\"https:\/\/okulistyka21.pl\/en\/2025\/06\/10\/zadbaj-o-wzrok-swojego-dziecka-bezplatne-badania-okulistyczne-w-poznanskich-zlobkach\/\" >\n\t\t\t\tZadbaj o wzrok swojego dziecka \u2013 bezp\u0142atne badania okulistyczne w pozna\u0144skich \u017c\u0142obkach\t\t\t<\/a>\n\t\t<\/h3>\n\t\t\t\t<div class=\"elementor-post__excerpt\">\n\t\t\t<p>We encourage you to review the activity report of our Foundation, summarizing the key activities of 2024:<\/p>\n\t\t<\/div>\n\t\t\t\t\t<a class=\"elementor-post__read-more\" href=\"https:\/\/okulistyka21.pl\/en\/2025\/06\/10\/zadbaj-o-wzrok-swojego-dziecka-bezplatne-badania-okulistyczne-w-poznanskich-zlobkach\/\" >\n\t\t\t\tRead more \"\t\t\t<\/a>\n\t\t\t\t<\/div>\n\t\t\t\t<div class=\"elementor-post__meta-data\">\n\t\t\t\t\t<span class=\"elementor-post-date\">\n\t\t\t10 June 2025\t\t<\/span>\n\t\t\t\t<span class=\"elementor-post-avatar\">\n\t\t\tNo Comments\t\t<\/span>\n\t\t\t\t<\/div>\n\t\t\t\t\t<\/div>\n\t\t<\/article>\n\t\t\t\t<article class=\"elementor-post elementor-grid-item post-2618 post type-post status-publish format-standard has-post-thumbnail hentry category-edukacja\">\n\t\t\t<div class=\"elementor-post__card\">\n\t\t\t\t<a class=\"elementor-post__thumbnail__link\" href=\"https:\/\/okulistyka21.pl\/en\/2025\/06\/10\/wzrok-pod-kontrola-przesiewowe-badania-okulistyczne-dla-uczniow-poznanskich-szkol-podstawowych\/\" >\n\t\t\t<div class=\"elementor-post__thumbnail\"><img width=\"768\" height=\"430\" src=\"https:\/\/okulistyka21.pl\/wp-content\/uploads\/2025\/06\/przedszkole-768x430.jpg\" class=\"attachment-medium_large size-medium_large\" alt=\"\" loading=\"lazy\" srcset=\"https:\/\/okulistyka21.pl\/wp-content\/uploads\/2025\/06\/przedszkole-768x430.jpg 768w, https:\/\/okulistyka21.pl\/wp-content\/uploads\/2025\/06\/przedszkole-300x168.jpg 300w, https:\/\/okulistyka21.pl\/wp-content\/uploads\/2025\/06\/przedszkole-1024x573.jpg 1024w, https:\/\/okulistyka21.pl\/wp-content\/uploads\/2025\/06\/przedszkole-18x10.jpg 18w, https:\/\/okulistyka21.pl\/wp-content\/uploads\/2025\/06\/przedszkole.jpg 1200w\" sizes=\"(max-width: 768px) 100vw, 768px\" \/><\/div>\n\t\t<\/a>\n\t\t\t\t<div class=\"elementor-post__badge\">Education<\/div>\n\t\t\t\t<div class=\"elementor-post__text\">\n\t\t\t\t<h3 class=\"elementor-post__title\">\n\t\t\t<a href=\"https:\/\/okulistyka21.pl\/en\/2025\/06\/10\/wzrok-pod-kontrola-przesiewowe-badania-okulistyczne-dla-uczniow-poznanskich-szkol-podstawowych\/\" >\n\t\t\t\tWzrok pod kontrol\u0105 \u2013 przesiewowe badania okulistyczne dla uczni\u00f3w pozna\u0144skich szk\u00f3\u0142 podstawowych\t\t\t<\/a>\n\t\t<\/h3>\n\t\t\t\t<div class=\"elementor-post__excerpt\">\n\t\t\t<p>We encourage you to review the activity report of our Foundation, summarizing the key activities of 2024:<\/p>\n\t\t<\/div>\n\t\t\t\t\t<a class=\"elementor-post__read-more\" href=\"https:\/\/okulistyka21.pl\/en\/2025\/06\/10\/wzrok-pod-kontrola-przesiewowe-badania-okulistyczne-dla-uczniow-poznanskich-szkol-podstawowych\/\" >\n\t\t\t\tRead more \"\t\t\t<\/a>\n\t\t\t\t<\/div>\n\t\t\t\t<div class=\"elementor-post__meta-data\">\n\t\t\t\t\t<span class=\"elementor-post-date\">\n\t\t\t10 June 2025\t\t<\/span>\n\t\t\t\t<span class=\"elementor-post-avatar\">\n\t\t\tNo Comments\t\t<\/span>\n\t\t\t\t<\/div>\n\t\t\t\t\t<\/div>\n\t\t<\/article>\n\t\t\t\t<\/div>\n\t\t\t\t<\/div>\n\t\t\t\t<\/div>\n\t\t\t\t\t\t<\/div>\n\t\t\t\t\t<\/div>\n\t\t<\/div>\n\t\t\t\t\t\t\t\t<\/div>\n\t\t\t\t\t<\/div>\n\t\t<\/section>\n\t\t\t\t<section class=\"elementor-section elementor-top-section elementor-element elementor-element-62c00221 elementor-section-boxed elementor-section-height-default elementor-section-height-default\" data-id=\"62c00221\" data-element_type=\"section\">\n\t\t\t\t\t\t\t<div class=\"elementor-background-overlay\"><\/div>\n\t\t\t\t\t\t\t<div class=\"elementor-container elementor-column-gap-default\">\n\t\t\t\t\t\t\t<div class=\"elementor-row\">\n\t\t\t\t\t<div class=\"elementor-column elementor-col-100 elementor-top-column elementor-element elementor-element-7c0f6c6e\" data-id=\"7c0f6c6e\" data-element_type=\"column\">\n\t\t\t<div class=\"elementor-column-wrap elementor-element-populated\">\n\t\t\t\t\t\t\t<div class=\"elementor-widget-wrap\">\n\t\t\t\t\t\t<div class=\"elementor-element elementor-element-68b44b01 elementor-widget elementor-widget-text-editor\" data-id=\"68b44b01\" data-element_type=\"widget\" data-widget_type=\"text-editor.default\">\n\t\t\t\t<div class=\"elementor-widget-container\">\n\t\t\t\t\t\t\t\t<div class=\"elementor-text-editor elementor-clearfix\">\n\t\t\t\t\t<p><strong>Management of lacrimal duct obstruction in children<\/strong><\/p><p>Prof. A. Grzybowski, MD, PhD, Magdalena Gaca-Wysocka, MD<\/p><p>\u00a0<\/p><p>Partial or complete lacrimal duct obstruction is one of the more common ophthalmic diseases of neonatal and infant age. The main symptoms of tear duct obstruction include lacrimation and the presence of a mucopurulent discharge in the conjunctival sac. Congenital lacrimal duct obstruction with stenosis running through the nasolacrimal duct in the area of Hasner's valve is most common. (1,2,3 ). It occurs in 5-20% neonates (3). Symptoms of congenital lacrimal duct obstruction appear soon after birth or, more commonly, after a few weeks of life. As the child grows and increased tear production occurs, the symptoms of the condition may worsen and sometimes resolve by spontaneous obstruction. Congenital tear duct obstruction can occur unilaterally or bilaterally, but is far more common unilaterally.<\/p><p><a href=\"https:\/\/okulistyka21.pl\/wp-content\/uploads\/2021\/07\/Poste\u0328powanie-w-niedroz\u0307nos\u0301ci-dro\u0301g-lzowych-u-dzieci-002.pdf\" target=\"_blank\" rel=\"noopener\">full text<\/a><\/p>\t\t\t\t\t<\/div>\n\t\t\t\t\t\t<\/div>\n\t\t\t\t<\/div>\n\t\t\t\t\t\t<\/div>\n\t\t\t\t\t<\/div>\n\t\t<\/div>\n\t\t\t\t\t\t\t\t<\/div>\n\t\t\t\t\t<\/div>\n\t\t<\/section>\n\t\t\t\t<section class=\"elementor-section elementor-top-section elementor-element elementor-element-5f5f62ba elementor-section-boxed elementor-section-height-default elementor-section-height-default\" data-id=\"5f5f62ba\" data-element_type=\"section\" data-settings=\"{&quot;background_background&quot;:&quot;classic&quot;}\">\n\t\t\t\t\t\t\t<div class=\"elementor-background-overlay\"><\/div>\n\t\t\t\t\t\t\t<div class=\"elementor-container elementor-column-gap-default\">\n\t\t\t\t\t\t\t<div class=\"elementor-row\">\n\t\t\t\t\t<div class=\"elementor-column elementor-col-100 elementor-top-column elementor-element elementor-element-63877f61\" data-id=\"63877f61\" data-element_type=\"column\">\n\t\t\t<div class=\"elementor-column-wrap elementor-element-populated\">\n\t\t\t\t\t\t\t<div class=\"elementor-widget-wrap\">\n\t\t\t\t\t\t<div class=\"elementor-element elementor-element-56685a8b elementor-widget elementor-widget-text-editor\" data-id=\"56685a8b\" data-element_type=\"widget\" data-widget_type=\"text-editor.default\">\n\t\t\t\t<div class=\"elementor-widget-container\">\n\t\t\t\t\t\t\t\t<div class=\"elementor-text-editor elementor-clearfix\">\n\t\t\t\t\t<p>More articles on myopia: <a href=\"http:\/\/www.miopia.pl\">www.miopia.pl<\/a><\/p>\t\t\t\t\t<\/div>\n\t\t\t\t\t\t<\/div>\n\t\t\t\t<\/div>\n\t\t\t\t\t\t<\/div>\n\t\t\t\t\t<\/div>\n\t\t<\/div>\n\t\t\t\t\t\t\t\t<\/div>\n\t\t\t\t\t<\/div>\n\t\t<\/section>\n\t\t\t\t<section class=\"elementor-section elementor-top-section elementor-element elementor-element-5468bcf4 elementor-section-boxed elementor-section-height-default elementor-section-height-default\" data-id=\"5468bcf4\" data-element_type=\"section\">\n\t\t\t\t\t\t\t<div class=\"elementor-background-overlay\"><\/div>\n\t\t\t\t\t\t\t<div class=\"elementor-container elementor-column-gap-default\">\n\t\t\t\t\t\t\t<div class=\"elementor-row\">\n\t\t\t\t\t<div class=\"elementor-column elementor-col-100 elementor-top-column elementor-element elementor-element-5ae4833e\" data-id=\"5ae4833e\" data-element_type=\"column\">\n\t\t\t<div class=\"elementor-column-wrap elementor-element-populated\">\n\t\t\t\t\t\t\t<div class=\"elementor-widget-wrap\">\n\t\t\t\t\t\t<div class=\"elementor-element elementor-element-780308c4 elementor-widget elementor-widget-text-editor\" data-id=\"780308c4\" data-element_type=\"widget\" data-widget_type=\"text-editor.default\">\n\t\t\t\t<div class=\"elementor-widget-container\">\n\t\t\t\t\t\t\t\t<div class=\"elementor-text-editor elementor-clearfix\">\n\t\t\t\t\t<p>Antibiotic treatment is not necessary in most children with conjunctivitis<\/p><p><a href=\"http:\/\/leksykon.com.pl\/leczenie-antybiotykami-nie-jest-konieczne-u-wiekszosci-dzieci-z-zapaleniem-spojowek-105719-artykul.html\">http:\/\/leksykon.com.pl\/leczenie-antybiotykami-nie-jest-konieczne-u-wiekszosci-dzieci-z-zapaleniem-spojowek-105719-artykul.html#<\/a><\/p>\t\t\t\t\t<\/div>\n\t\t\t\t\t\t<\/div>\n\t\t\t\t<\/div>\n\t\t\t\t\t\t<\/div>\n\t\t\t\t\t<\/div>\n\t\t<\/div>\n\t\t\t\t\t\t\t\t<\/div>\n\t\t\t\t\t<\/div>\n\t\t<\/section>\n\t\t\t\t\t\t<\/div>\n\t\t\t\t\t\t<\/div>\n\t\t\t\t\t<\/div>","protected":false},"excerpt":{"rendered":"<p>Strona g\u0142\u00f3wna Post\u0119powanie w niedro\u017cno\u015bci dr\u00f3g \u0142zowych u dzieci prof. nadzw. dr hab. med. A. Grzybowski, dr med. Magdalena Gaca-Wysocka \u00a0 Cz\u0119\u015bciowa lub ca\u0142kowita niedro\u017cno\u015b\u0107 dr\u00f3g \u0142zowych jest jedn\u0105 z cz\u0119\u015bciej wyst\u0119puj\u0105cych chor\u00f3b okulistycznych wieku noworodkowego i niemowl\u0119cego. Do g\u0142\u00f3wnych objaw\u00f3w niedro\u017cno\u015bci dr\u00f3g \u0142zowych nale\u017c\u0105 \u0142zawienie i obecno\u015b\u0107 \u015bluzowo-ropnej wydzieliny w worku spoj\u00f3wkowym. Najcz\u0119\u015bciej wyst\u0119puje [&hellip;]<\/p>","protected":false},"author":1,"featured_media":0,"parent":269,"menu_order":0,"comment_status":"closed","ping_status":"closed","template":"elementor_canvas","meta":[],"_links":{"self":[{"href":"https:\/\/okulistyka21.pl\/en\/wp-json\/wp\/v2\/pages\/440"}],"collection":[{"href":"https:\/\/okulistyka21.pl\/en\/wp-json\/wp\/v2\/pages"}],"about":[{"href":"https:\/\/okulistyka21.pl\/en\/wp-json\/wp\/v2\/types\/page"}],"author":[{"embeddable":true,"href":"https:\/\/okulistyka21.pl\/en\/wp-json\/wp\/v2\/users\/1"}],"replies":[{"embeddable":true,"href":"https:\/\/okulistyka21.pl\/en\/wp-json\/wp\/v2\/comments?post=440"}],"version-history":[{"count":16,"href":"https:\/\/okulistyka21.pl\/en\/wp-json\/wp\/v2\/pages\/440\/revisions"}],"predecessor-version":[{"id":2639,"href":"https:\/\/okulistyka21.pl\/en\/wp-json\/wp\/v2\/pages\/440\/revisions\/2639"}],"up":[{"embeddable":true,"href":"https:\/\/okulistyka21.pl\/en\/wp-json\/wp\/v2\/pages\/269"}],"wp:attachment":[{"href":"https:\/\/okulistyka21.pl\/en\/wp-json\/wp\/v2\/media?parent=440"}],"curies":[{"name":"wp","href":"https:\/\/api.w.org\/{rel}","templated":true}]}}