{"id":354,"date":"2021-07-07T10:09:37","date_gmt":"2021-07-07T08:09:37","guid":{"rendered":"https:\/\/okulistyka21.pl\/?page_id=354"},"modified":"2021-07-27T09:59:18","modified_gmt":"2021-07-27T07:59:18","slug":"krotkowzrocznosc","status":"publish","type":"page","link":"https:\/\/okulistyka21.pl\/en\/edukacja\/krotkowzrocznosc\/","title":{"rendered":"Short-sightedness"},"content":{"rendered":"<div data-elementor-type=\"wp-page\" data-elementor-id=\"354\" class=\"elementor elementor-354\" data-elementor-settings=\"[]\">\n\t\t\t\t\t\t<div class=\"elementor-inner\">\n\t\t\t\t\t\t\t<div class=\"elementor-section-wrap\">\n\t\t\t\t\t\t\t<section class=\"elementor-section elementor-top-section elementor-element elementor-element-5ecbbbd3 elementor-section-boxed elementor-section-height-default elementor-section-height-default\" data-id=\"5ecbbbd3\" data-element_type=\"section\" data-settings=\"{&quot;background_background&quot;:&quot;gradient&quot;}\">\n\t\t\t\t\t\t\t<div class=\"elementor-background-overlay\"><\/div>\n\t\t\t\t\t\t\t<div class=\"elementor-container elementor-column-gap-default\">\n\t\t\t\t\t\t\t<div class=\"elementor-row\">\n\t\t\t\t\t<div class=\"elementor-column elementor-col-100 elementor-top-column elementor-element elementor-element-1bde790a\" data-id=\"1bde790a\" data-element_type=\"column\">\n\t\t\t<div class=\"elementor-column-wrap elementor-element-populated\">\n\t\t\t\t\t\t\t<div class=\"elementor-widget-wrap\">\n\t\t\t\t\t\t<div class=\"elementor-element elementor-element-3114444a elementor-widget elementor-widget-heading\" data-id=\"3114444a\" data-element_type=\"widget\" data-widget_type=\"heading.default\">\n\t\t\t\t<div class=\"elementor-widget-container\">\n\t\t\t<h1 class=\"elementor-heading-title elementor-size-default\">Short-sightedness<\/h1>\t\t<\/div>\n\t\t\t\t<\/div>\n\t\t\t\t<div class=\"elementor-element elementor-element-156e7647 elementor-icon-list--layout-inline elementor-align-center elementor-list-item-link-full_width elementor-widget elementor-widget-icon-list\" data-id=\"156e7647\" data-element_type=\"widget\" data-widget_type=\"icon-list.default\">\n\t\t\t\t<div class=\"elementor-widget-container\">\n\t\t\t\t\t<ul class=\"elementor-icon-list-items elementor-inline-items\">\n\t\t\t\t\t\t\t<li class=\"elementor-icon-list-item elementor-inline-item\">\n\t\t\t\t\t<a href=\"https:\/\/okulistyka21.pl\/en\">\t\t\t\t\t\t<span class=\"elementor-icon-list-icon\">\n\t\t\t\t\t\t\t<i aria-hidden=\"true\" class=\"icon icon-home\"><\/i>\t\t\t\t\t\t<\/span>\n\t\t\t\t\t\t\t\t\t\t<span class=\"elementor-icon-list-text\">Homepage<\/span>\n\t\t\t\t\t\t\t\t\t\t\t<\/a>\n\t\t\t\t\t\t\t\t\t<\/li>\n\t\t\t\t\t\t\t\t<li class=\"elementor-icon-list-item elementor-inline-item\">\n\t\t\t\t\t\t\t\t\t\t\t<span class=\"elementor-icon-list-icon\">\n\t\t\t\t\t\t\t<i aria-hidden=\"true\" class=\"fas fa-chevron-right\"><\/i>\t\t\t\t\t\t<\/span>\n\t\t\t\t\t\t\t\t\t\t<span class=\"elementor-icon-list-text\">Short-sightedness<\/span>\n\t\t\t\t\t\t\t\t\t<\/li>\n\t\t\t\t\t\t<\/ul>\n\t\t\t\t<\/div>\n\t\t\t\t<\/div>\n\t\t\t\t\t\t<\/div>\n\t\t\t\t\t<\/div>\n\t\t<\/div>\n\t\t\t\t\t\t\t\t<\/div>\n\t\t\t\t\t<\/div>\n\t\t<\/section>\n\t\t\t\t<section class=\"elementor-section elementor-top-section elementor-element elementor-element-7e0293d2 elementor-section-boxed elementor-section-height-default elementor-section-height-default\" data-id=\"7e0293d2\" data-element_type=\"section\">\n\t\t\t\t\t\t\t<div class=\"elementor-background-overlay\"><\/div>\n\t\t\t\t\t\t\t<div class=\"elementor-container elementor-column-gap-default\">\n\t\t\t\t\t\t\t<div class=\"elementor-row\">\n\t\t\t\t\t<div class=\"elementor-column elementor-col-100 elementor-top-column elementor-element elementor-element-642cb0c5\" data-id=\"642cb0c5\" data-element_type=\"column\">\n\t\t\t<div class=\"elementor-column-wrap elementor-element-populated\">\n\t\t\t\t\t\t\t<div class=\"elementor-widget-wrap\">\n\t\t\t\t\t\t<div class=\"elementor-element elementor-element-3512c93c elementor-widget elementor-widget-text-editor\" data-id=\"3512c93c\" data-element_type=\"widget\" data-widget_type=\"text-editor.default\">\n\t\t\t\t<div class=\"elementor-widget-container\">\n\t\t\t\t\t\t\t\t<div class=\"elementor-text-editor elementor-clearfix\">\n\t\t\t\t\t<p>At present, myopia is already reaching epidemic proportions worldwide, with 1.6 billion people already affected, and it is estimated that by 2050, half of the world's population will have this defect,\" says Professor A. Grzybowski, MD, winner of the American Academy of Ophthalmology's Lifetime Achievement Award.<\/p><p>We invite you to read an interview on myopia:<\/p><p><a href=\"https:\/\/www.termedia.pl\/okulistyka\/Prof-A-Grzybowski-Niechirurgiczne-metody-leczenia-krotkowzrocznosci,29029.html\">https:\/\/www.termedia.pl\/okulistyka\/Prof-A-Grzybowski-Niechirurgiczne-metody-leczenia-krotkowzrocznosci,29029.html<\/a><\/p>\t\t\t\t\t<\/div>\n\t\t\t\t\t\t<\/div>\n\t\t\t\t<\/div>\n\t\t\t\t\t\t<\/div>\n\t\t\t\t\t<\/div>\n\t\t<\/div>\n\t\t\t\t\t\t\t\t<\/div>\n\t\t\t\t\t<\/div>\n\t\t<\/section>\n\t\t\t\t<section class=\"elementor-section elementor-top-section elementor-element elementor-element-8411386 elementor-section-boxed elementor-section-height-default elementor-section-height-default\" data-id=\"8411386\" data-element_type=\"section\" data-settings=\"{&quot;background_background&quot;:&quot;classic&quot;}\">\n\t\t\t\t\t\t\t<div class=\"elementor-background-overlay\"><\/div>\n\t\t\t\t\t\t\t<div class=\"elementor-container elementor-column-gap-default\">\n\t\t\t\t\t\t\t<div class=\"elementor-row\">\n\t\t\t\t\t<div class=\"elementor-column elementor-col-100 elementor-top-column elementor-element elementor-element-f9fa5a4\" data-id=\"f9fa5a4\" data-element_type=\"column\">\n\t\t\t<div class=\"elementor-column-wrap elementor-element-populated\">\n\t\t\t\t\t\t\t<div class=\"elementor-widget-wrap\">\n\t\t\t\t\t\t<div class=\"elementor-element elementor-element-a19c13b elementor-widget elementor-widget-text-editor\" data-id=\"a19c13b\" data-element_type=\"widget\" data-widget_type=\"text-editor.default\">\n\t\t\t\t<div class=\"elementor-widget-container\">\n\t\t\t\t\t\t\t\t<div class=\"elementor-text-editor elementor-clearfix\">\n\t\t\t\t\t<p>We invite you to read the educational material at <a href=\"http:\/\/www.miopia.pl\">www.miopia.pl<\/a><\/p>\t\t\t\t\t<\/div>\n\t\t\t\t\t\t<\/div>\n\t\t\t\t<\/div>\n\t\t\t\t\t\t<\/div>\n\t\t\t\t\t<\/div>\n\t\t<\/div>\n\t\t\t\t\t\t\t\t<\/div>\n\t\t\t\t\t<\/div>\n\t\t<\/section>\n\t\t\t\t<section class=\"elementor-section elementor-top-section elementor-element elementor-element-66a02f8 elementor-section-boxed elementor-section-height-default elementor-section-height-default\" data-id=\"66a02f8\" data-element_type=\"section\">\n\t\t\t\t\t\t\t<div class=\"elementor-background-overlay\"><\/div>\n\t\t\t\t\t\t\t<div class=\"elementor-container elementor-column-gap-default\">\n\t\t\t\t\t\t\t<div class=\"elementor-row\">\n\t\t\t\t\t<div class=\"elementor-column elementor-col-100 elementor-top-column elementor-element elementor-element-3528862\" data-id=\"3528862\" data-element_type=\"column\">\n\t\t\t<div class=\"elementor-column-wrap elementor-element-populated\">\n\t\t\t\t\t\t\t<div class=\"elementor-widget-wrap\">\n\t\t\t\t\t\t<div class=\"elementor-element elementor-element-a1a749e elementor-widget elementor-widget-text-editor\" data-id=\"a1a749e\" data-element_type=\"widget\" data-widget_type=\"text-editor.default\">\n\t\t\t\t<div class=\"elementor-widget-container\">\n\t\t\t\t\t\t\t\t<div class=\"elementor-text-editor elementor-clearfix\">\n\t\t\t\t\t<p><strong>Information for parents on how to stop the progression of myopia\u00a0 \u00a0<\/strong><\/p><p>Nearsightedness is a visual impairment that involves the deterioration of long-distance visual acuity while maintaining good near acuity. It is caused by the excessive elongation of the eyeball, as a result of which light rays are focused in front of the retina and not on it, resulting in a blurred image. It is corrected with biconvex, so-called 'minus' glasses, which 'shift' the image formation onto the retina.<\/p><p>Authors: Maria Szwajkowska, M.D., Prof. Andrzej Grzybowski, Ph.<\/p><p><strong><a href=\"https:\/\/okulistyka21.pl\/wp-content\/uploads\/2021\/07\/Artykul-Informacja-dla-rodzicow-nt.-mozliwosci-zahamowania-postepu-krotkowzrocznosci.pdf\" target=\"_blank\" rel=\"noopener\">full text<\/a><\/strong><\/p>\t\t\t\t\t<\/div>\n\t\t\t\t\t\t<\/div>\n\t\t\t\t<\/div>\n\t\t\t\t\t\t<\/div>\n\t\t\t\t\t<\/div>\n\t\t<\/div>\n\t\t\t\t\t\t\t\t<\/div>\n\t\t\t\t\t<\/div>\n\t\t<\/section>\n\t\t\t\t<section class=\"elementor-section elementor-top-section elementor-element elementor-element-27ed6bd elementor-section-boxed elementor-section-height-default elementor-section-height-default\" data-id=\"27ed6bd\" data-element_type=\"section\" data-settings=\"{&quot;background_background&quot;:&quot;classic&quot;}\">\n\t\t\t\t\t\t\t<div class=\"elementor-background-overlay\"><\/div>\n\t\t\t\t\t\t\t<div class=\"elementor-container elementor-column-gap-default\">\n\t\t\t\t\t\t\t<div class=\"elementor-row\">\n\t\t\t\t\t<div class=\"elementor-column elementor-col-100 elementor-top-column elementor-element elementor-element-59e29bd\" data-id=\"59e29bd\" data-element_type=\"column\">\n\t\t\t<div class=\"elementor-column-wrap elementor-element-populated\">\n\t\t\t\t\t\t\t<div class=\"elementor-widget-wrap\">\n\t\t\t\t\t\t<div class=\"elementor-element elementor-element-a191b3b elementor-widget elementor-widget-text-editor\" data-id=\"a191b3b\" data-element_type=\"widget\" data-widget_type=\"text-editor.default\">\n\t\t\t\t<div class=\"elementor-widget-container\">\n\t\t\t\t\t\t\t\t<div class=\"elementor-text-editor elementor-clearfix\">\n\t\t\t\t\t<p><strong>CHILDREN AND SMARTPHONES<\/strong><\/p><p>\u00a0<\/p><p>Radesky J.S.MD et al,\u00a0<em>Mobile and Interactive Media Use by Young Children: The Good, the Bad<\/em>,\u00a0<em>and the Unknown<\/em>\u00a0Published online December 29, 2014 Pediatrics Vol. 135 No. 1 January 1, 2015<\/p><p><a href=\"https:\/\/pediatrics.aappublications.org\/content\/135\/1\/1.long\">https:\/\/pediatrics.aappublications.org\/content\/135\/1\/1.long<\/a><\/p><p>\u00a0<\/p><p>Kemp C.,\u00a0<em>Babies as young as 6 months using mobile media,\u00a0<\/em>Published By American Academy of Pediatrics: April 25, 2015<\/p><div class=\"field-label\"><em>The study shows that the majority of 2-year-olds use mobile devices, with some spending more than an hour a day in front of a screen.\u00a0<\/em><\/div><div class=\"field-label\"><a href=\"http:\/\/aapnews.aappublications.org\/content\/early\/2015\/04\/25\/aapnews.20150425-3.extract\">http:\/\/aapnews.aappublications.org\/content\/early\/2015\/04\/25\/aapnews.20150425-3.extract<\/a><\/div><div><em>Healthy Digital Media Use Habits for Babies, Toddlers &amp; Preschoolers.\u00a0<\/em>From www.healthychildren.org (American Academy of Pediatrics),\u00a0<\/div><div><a href=\"https:\/\/www.healthychildren.org\/English\/family-life\/Media\/Pages\/Healthy-Digital-Media-Use-Habits-for-Babies-Toddlers-Preschoolers.aspx\">https:\/\/www.healthychildren.org\/English\/family-life\/Media\/Pages\/Healthy-Digital-Media-Use-Habits-for-Babies-Toddlers-Preschoolers.aspx<\/a><\/div>\t\t\t\t\t<\/div>\n\t\t\t\t\t\t<\/div>\n\t\t\t\t<\/div>\n\t\t\t\t\t\t<\/div>\n\t\t\t\t\t<\/div>\n\t\t<\/div>\n\t\t\t\t\t\t\t\t<\/div>\n\t\t\t\t\t<\/div>\n\t\t<\/section>\n\t\t\t\t<section class=\"elementor-section elementor-top-section elementor-element elementor-element-9738f0e elementor-section-boxed elementor-section-height-default elementor-section-height-default\" data-id=\"9738f0e\" data-element_type=\"section\">\n\t\t\t\t\t\t\t<div class=\"elementor-background-overlay\"><\/div>\n\t\t\t\t\t\t\t<div class=\"elementor-container elementor-column-gap-default\">\n\t\t\t\t\t\t\t<div class=\"elementor-row\">\n\t\t\t\t\t<div class=\"elementor-column elementor-col-100 elementor-top-column elementor-element elementor-element-e190f05\" data-id=\"e190f05\" data-element_type=\"column\">\n\t\t\t<div class=\"elementor-column-wrap elementor-element-populated\">\n\t\t\t\t\t\t\t<div class=\"elementor-widget-wrap\">\n\t\t\t\t\t\t<div class=\"elementor-element elementor-element-bb60bd9 elementor-widget elementor-widget-text-editor\" data-id=\"bb60bd9\" data-element_type=\"widget\" data-widget_type=\"text-editor.default\">\n\t\t\t\t<div class=\"elementor-widget-container\">\n\t\t\t\t\t\t\t\t<div class=\"elementor-text-editor elementor-clearfix\">\n\t\t\t\t\t<p>1. Low-Dose Atropine for Kids with Myopia<\/p><p>A promising therapy for children with myopia.<\/p><p><a href=\"https:\/\/www.aao.org\/eye-health\/news\/low-dose-atropine-kids-with-myopia\">https:\/\/www.aao.org\/eye-health\/news\/low-dose-atropine-kids-with-myopia<\/a><\/p><p>\u00a0<\/p><p>Is too much screen time harming children's vision? The American Academy of Ophthalmology helps parents separate the facts from fiction.<\/p><p><a href=\"https:\/\/www.sciencedaily.com\/releases\/2018\/08\/180806162718.htm\" target=\"_blank\" rel=\"noopener\">https:\/\/www.sciencedaily.com\/releases\/2018\/08\/180806162718.htm<\/a><\/p><p>3 Are Computer Glasses Worth It?<br \/><a href=\"https:\/\/www.aao.org\/eye-health\/tips-prevention\/are-computer-glasses-worth-it\" target=\"_blank\" rel=\"noopener\">https:\/\/www.aao.org\/eye-health\/tips-prevention\/are-computer-glasses-worth-it<\/a><\/p><p>4 Should You Be Worried About Blue Light?<br \/><a href=\"https:\/\/www.aao.org\/eye-health\/tips-prevention\/should-you-be-worried-about-blue-light\" target=\"_blank\" rel=\"noopener\">https:\/\/www.aao.org\/eye-health\/tips-prevention\/should-you-be-worried-about-blue-light<\/a><\/p><p>5 Can Vitamins Protect Against Blue Light Damage?<br \/><a href=\"https:\/\/www.aao.org\/eye-health\/news\/can-vitamins-protect-against-blue-light-damage\" target=\"_blank\" rel=\"noopener\">https:\/\/www.aao.org\/eye-health\/news\/can-vitamins-protect-against-blue-light-damage<\/a><\/p>\t\t\t\t\t<\/div>\n\t\t\t\t\t\t<\/div>\n\t\t\t\t<\/div>\n\t\t\t\t\t\t<\/div>\n\t\t\t\t\t<\/div>\n\t\t<\/div>\n\t\t\t\t\t\t\t\t<\/div>\n\t\t\t\t\t<\/div>\n\t\t<\/section>\n\t\t\t\t\t\t<\/div>\n\t\t\t\t\t\t<\/div>\n\t\t\t\t\t<\/div>","protected":false},"excerpt":{"rendered":"<p>Strona g\u0142\u00f3wna W chwili obecnej kr\u00f3tkowzroczno\u015b\u0107 na \u015bwiecie osi\u0105ga ju\u017c rozmiary epidemii, dotkni\u0119tych ni\u0105 jest ju\u017c 1,6 mld ludzi, a szacuje si\u0119, \u017ce do 2050 roku po\u0142owa ludzko\u015bci na ziemi b\u0119dzie mia\u0142a t\u0119 wad\u0119 &#8211;\u00a0m\u00f3wi prof. nadzw. dr hab. med. A. Grzybowski, laureat nagrody Ameryka\u0144skiej Akademii Okulistycznej za ca\u0142okszta\u0142t osi\u0105gni\u0119\u0107 naukowych. Zapraszamy do zapoznania\u00a0 si\u0119 [&hellip;]<\/p>","protected":false},"author":1,"featured_media":0,"parent":269,"menu_order":0,"comment_status":"closed","ping_status":"closed","template":"elementor_canvas","meta":[],"_links":{"self":[{"href":"https:\/\/okulistyka21.pl\/en\/wp-json\/wp\/v2\/pages\/354"}],"collection":[{"href":"https:\/\/okulistyka21.pl\/en\/wp-json\/wp\/v2\/pages"}],"about":[{"href":"https:\/\/okulistyka21.pl\/en\/wp-json\/wp\/v2\/types\/page"}],"author":[{"embeddable":true,"href":"https:\/\/okulistyka21.pl\/en\/wp-json\/wp\/v2\/users\/1"}],"replies":[{"embeddable":true,"href":"https:\/\/okulistyka21.pl\/en\/wp-json\/wp\/v2\/comments?post=354"}],"version-history":[{"count":43,"href":"https:\/\/okulistyka21.pl\/en\/wp-json\/wp\/v2\/pages\/354\/revisions"}],"predecessor-version":[{"id":1497,"href":"https:\/\/okulistyka21.pl\/en\/wp-json\/wp\/v2\/pages\/354\/revisions\/1497"}],"up":[{"embeddable":true,"href":"https:\/\/okulistyka21.pl\/en\/wp-json\/wp\/v2\/pages\/269"}],"wp:attachment":[{"href":"https:\/\/okulistyka21.pl\/en\/wp-json\/wp\/v2\/media?parent=354"}],"curies":[{"name":"wp","href":"https:\/\/api.w.org\/{rel}","templated":true}]}}