{"id":349,"date":"2021-07-07T10:08:11","date_gmt":"2021-07-07T08:08:11","guid":{"rendered":"https:\/\/okulistyka21.pl\/?page_id=349"},"modified":"2021-07-07T10:08:46","modified_gmt":"2021-07-07T08:08:46","slug":"presbiopia","status":"publish","type":"page","link":"https:\/\/okulistyka21.pl\/en\/edukacja\/presbiopia\/","title":{"rendered":"Presbyopia"},"content":{"rendered":"<div data-elementor-type=\"wp-page\" data-elementor-id=\"349\" class=\"elementor elementor-349\" data-elementor-settings=\"[]\">\n\t\t\t\t\t\t<div class=\"elementor-inner\">\n\t\t\t\t\t\t\t<div class=\"elementor-section-wrap\">\n\t\t\t\t\t\t\t<section class=\"elementor-section elementor-top-section elementor-element elementor-element-7bad5142 elementor-section-boxed elementor-section-height-default elementor-section-height-default\" data-id=\"7bad5142\" data-element_type=\"section\" data-settings=\"{&quot;background_background&quot;:&quot;gradient&quot;}\">\n\t\t\t\t\t\t\t<div class=\"elementor-background-overlay\"><\/div>\n\t\t\t\t\t\t\t<div class=\"elementor-container elementor-column-gap-default\">\n\t\t\t\t\t\t\t<div class=\"elementor-row\">\n\t\t\t\t\t<div class=\"elementor-column elementor-col-100 elementor-top-column elementor-element elementor-element-619f6235\" data-id=\"619f6235\" data-element_type=\"column\">\n\t\t\t<div class=\"elementor-column-wrap elementor-element-populated\">\n\t\t\t\t\t\t\t<div class=\"elementor-widget-wrap\">\n\t\t\t\t\t\t<div class=\"elementor-element elementor-element-4be713c7 elementor-widget elementor-widget-heading\" data-id=\"4be713c7\" data-element_type=\"widget\" data-widget_type=\"heading.default\">\n\t\t\t\t<div class=\"elementor-widget-container\">\n\t\t\t<h1 class=\"elementor-heading-title elementor-size-default\">Presbyopia<\/h1>\t\t<\/div>\n\t\t\t\t<\/div>\n\t\t\t\t<div class=\"elementor-element elementor-element-5ea19842 elementor-icon-list--layout-inline elementor-align-center elementor-list-item-link-full_width elementor-widget elementor-widget-icon-list\" data-id=\"5ea19842\" data-element_type=\"widget\" data-widget_type=\"icon-list.default\">\n\t\t\t\t<div class=\"elementor-widget-container\">\n\t\t\t\t\t<ul class=\"elementor-icon-list-items elementor-inline-items\">\n\t\t\t\t\t\t\t<li class=\"elementor-icon-list-item elementor-inline-item\">\n\t\t\t\t\t<a href=\"https:\/\/okulistyka21.pl\/en\">\t\t\t\t\t\t<span class=\"elementor-icon-list-icon\">\n\t\t\t\t\t\t\t<i aria-hidden=\"true\" class=\"icon icon-home\"><\/i>\t\t\t\t\t\t<\/span>\n\t\t\t\t\t\t\t\t\t\t<span class=\"elementor-icon-list-text\">Homepage<\/span>\n\t\t\t\t\t\t\t\t\t\t\t<\/a>\n\t\t\t\t\t\t\t\t\t<\/li>\n\t\t\t\t\t\t\t\t<li class=\"elementor-icon-list-item elementor-inline-item\">\n\t\t\t\t\t\t\t\t\t\t\t<span class=\"elementor-icon-list-icon\">\n\t\t\t\t\t\t\t<i aria-hidden=\"true\" class=\"fas fa-chevron-right\"><\/i>\t\t\t\t\t\t<\/span>\n\t\t\t\t\t\t\t\t\t\t<span class=\"elementor-icon-list-text\">Presbyopia<\/span>\n\t\t\t\t\t\t\t\t\t<\/li>\n\t\t\t\t\t\t<\/ul>\n\t\t\t\t<\/div>\n\t\t\t\t<\/div>\n\t\t\t\t\t\t<\/div>\n\t\t\t\t\t<\/div>\n\t\t<\/div>\n\t\t\t\t\t\t\t\t<\/div>\n\t\t\t\t\t<\/div>\n\t\t<\/section>\n\t\t\t\t<section class=\"elementor-section elementor-top-section elementor-element elementor-element-7f3805c5 elementor-section-boxed elementor-section-height-default elementor-section-height-default\" data-id=\"7f3805c5\" data-element_type=\"section\">\n\t\t\t\t\t\t\t<div class=\"elementor-background-overlay\"><\/div>\n\t\t\t\t\t\t\t<div class=\"elementor-container elementor-column-gap-default\">\n\t\t\t\t\t\t\t<div class=\"elementor-row\">\n\t\t\t\t\t<div class=\"elementor-column elementor-col-100 elementor-top-column elementor-element elementor-element-3996f2b7\" data-id=\"3996f2b7\" data-element_type=\"column\">\n\t\t\t<div class=\"elementor-column-wrap elementor-element-populated\">\n\t\t\t\t\t\t\t<div class=\"elementor-widget-wrap\">\n\t\t\t\t\t\t<div class=\"elementor-element elementor-element-28f7ceaf elementor-widget elementor-widget-text-editor\" data-id=\"28f7ceaf\" data-element_type=\"widget\" data-widget_type=\"text-editor.default\">\n\t\t\t\t<div class=\"elementor-widget-container\">\n\t\t\t\t\t\t\t\t<div class=\"elementor-text-editor elementor-clearfix\">\n\t\t\t\t\t<p><strong>Presbyopia<\/strong>\u00a0(otherwise\u00a0<strong>presbyopia<\/strong>) is neither a refractive defect nor a pathological change - it is the result of our body's natural ageing process. As we age, the lens of the eye increases in volume and loses elasticity, resulting in a decrease in the ability of the eye to adjust to seeing objects from different distances. The mechanism that allows us to see objects at close distances is called accommodation, and it decreases with age. Consequently, a person with presbyopia moves objects away from themselves to see better, but over time this is not enough.<\/p><p><strong>Presbyopia affects most people over the age of 45.<\/strong><\/p><p>In 2012, 1.7 billion people worldwide suffered from presbyopia. By 2020, it is estimated to be 2.1 billion people.<\/p><p>\u00a0<\/p><p><strong>Symptoms<\/strong><\/p><p>The first symptoms\u00a0<strong>presbyopia<\/strong>\u00a0can be, for example, pushing back text so that it is readable, headaches and eye fatigue. You will notice problems with your visual acuity when doing things such as texting or reading the newspaper. Sometimes\u00a0<strong>presbyopia<\/strong>\u00a0is accompanied by diplopia - double vision of objects, in this case caused by a malfunction of the outer eye muscles. Activities that were previously intuitive and obvious to us suddenly become troublesome.<\/p><p>\u00a0<\/p><p><strong>Correction methods<\/strong><\/p><p>It is very important that once you have been diagnosed with the symptoms of presbyopia, you go to an ophthalmologist or optometrist who will help you choose the corrective method that is right for you. Presbyopia can be corrected with:<\/p><ol><li>Progressive spectacles<\/li><li>Multifocal contact lenses<\/li><li>Laser refractive surgery procedure<\/li><li>Intraocular lens implantations<\/li><\/ol><p>\u00a0<\/p><p><strong>For more information, please visit\u00a0<a href=\"http:\/\/www.prezbiopia.pl\/\">www.prezbiopia.pl<\/a><\/strong><\/p>\t\t\t\t\t<\/div>\n\t\t\t\t\t\t<\/div>\n\t\t\t\t<\/div>\n\t\t\t\t\t\t<\/div>\n\t\t\t\t\t<\/div>\n\t\t<\/div>\n\t\t\t\t\t\t\t\t<\/div>\n\t\t\t\t\t<\/div>\n\t\t<\/section>\n\t\t\t\t\t\t<\/div>\n\t\t\t\t\t\t<\/div>\n\t\t\t\t\t<\/div>","protected":false},"excerpt":{"rendered":"<p>Strona g\u0142\u00f3wna Presbiopia\u00a0(inaczej\u00a0starczowzroczno\u015b\u0107) nie jest wad\u0105 refrakcji ani patologiczn\u0105 zmian\u0105 \u2013 jest to skutek naturalnego procesu starzenia si\u0119 naszego organizmu. Soczewka oka wraz z\u00a0wiekiem zwi\u0119ksza swoja obj\u0119to\u015b\u0107, traci elastyczno\u015b\u0107, co powoduje \u017ce\u00a0maleje zdolno\u015b\u0107 dostosowywania si\u0119 oka do\u00a0ogl\u0105dania obiekt\u00f3w z\u00a0r\u00f3\u017cnych odleg\u0142o\u015bci. Mechanizm pozwalaj\u0105cy na widzenie przedmiot\u00f3w z\u00a0bliskich odleg\u0142o\u015bci nazywany jest akomodacj\u0105, zmniejsza si\u0119 ona wraz z [&hellip;]<\/p>","protected":false},"author":1,"featured_media":0,"parent":269,"menu_order":0,"comment_status":"closed","ping_status":"closed","template":"elementor_canvas","meta":[],"_links":{"self":[{"href":"https:\/\/okulistyka21.pl\/en\/wp-json\/wp\/v2\/pages\/349"}],"collection":[{"href":"https:\/\/okulistyka21.pl\/en\/wp-json\/wp\/v2\/pages"}],"about":[{"href":"https:\/\/okulistyka21.pl\/en\/wp-json\/wp\/v2\/types\/page"}],"author":[{"embeddable":true,"href":"https:\/\/okulistyka21.pl\/en\/wp-json\/wp\/v2\/users\/1"}],"replies":[{"embeddable":true,"href":"https:\/\/okulistyka21.pl\/en\/wp-json\/wp\/v2\/comments?post=349"}],"version-history":[{"count":5,"href":"https:\/\/okulistyka21.pl\/en\/wp-json\/wp\/v2\/pages\/349\/revisions"}],"predecessor-version":[{"id":1510,"href":"https:\/\/okulistyka21.pl\/en\/wp-json\/wp\/v2\/pages\/349\/revisions\/1510"}],"up":[{"embeddable":true,"href":"https:\/\/okulistyka21.pl\/en\/wp-json\/wp\/v2\/pages\/269"}],"wp:attachment":[{"href":"https:\/\/okulistyka21.pl\/en\/wp-json\/wp\/v2\/media?parent=349"}],"curies":[{"name":"wp","href":"https:\/\/api.w.org\/{rel}","templated":true}]}}