{"id":1907,"date":"2022-04-21T08:36:30","date_gmt":"2022-04-21T06:36:30","guid":{"rendered":"https:\/\/okulistyka21.pl\/?page_id=1907"},"modified":"2022-04-21T08:36:30","modified_gmt":"2022-04-21T06:36:30","slug":"zgoda-na-przetwarzanie-danych","status":"publish","type":"page","link":"https:\/\/okulistyka21.pl\/en\/zgoda-na-przetwarzanie-danych\/","title":{"rendered":"Zgoda na przetwarzanie danych"},"content":{"rendered":"<div data-elementor-type=\"wp-page\" data-elementor-id=\"1907\" class=\"elementor elementor-1907\" data-elementor-settings=\"[]\">\n\t\t\t\t\t\t<div class=\"elementor-inner\">\n\t\t\t\t\t\t\t<div class=\"elementor-section-wrap\">\n\t\t\t\t\t\t\t<section class=\"elementor-section elementor-top-section elementor-element elementor-element-8655827 elementor-section-boxed elementor-section-height-default elementor-section-height-default\" data-id=\"8655827\" data-element_type=\"section\">\n\t\t\t\t\t\t<div class=\"elementor-container elementor-column-gap-default\">\n\t\t\t\t\t\t\t<div class=\"elementor-row\">\n\t\t\t\t\t<div class=\"elementor-column elementor-col-100 elementor-top-column elementor-element elementor-element-07860ac\" data-id=\"07860ac\" data-element_type=\"column\">\n\t\t\t<div class=\"elementor-column-wrap elementor-element-populated\">\n\t\t\t\t\t\t\t<div class=\"elementor-widget-wrap\">\n\t\t\t\t\t\t<section class=\"elementor-section elementor-inner-section elementor-element elementor-element-5a97fbb elementor-section-boxed elementor-section-height-default elementor-section-height-default\" data-id=\"5a97fbb\" data-element_type=\"section\">\n\t\t\t\t\t\t<div class=\"elementor-container elementor-column-gap-default\">\n\t\t\t\t\t\t\t<div class=\"elementor-row\">\n\t\t\t\t\t<div class=\"elementor-column elementor-col-100 elementor-inner-column elementor-element elementor-element-dab1190\" data-id=\"dab1190\" data-element_type=\"column\">\n\t\t\t<div class=\"elementor-column-wrap elementor-element-populated\">\n\t\t\t\t\t\t\t<div class=\"elementor-widget-wrap\">\n\t\t\t\t\t\t<div class=\"elementor-element elementor-element-4b0b3b9 elementor-widget elementor-widget-text-editor\" data-id=\"4b0b3b9\" data-element_type=\"widget\" data-widget_type=\"text-editor.default\">\n\t\t\t\t<div class=\"elementor-widget-container\">\n\t\t\t\t\t\t\t\t<div class=\"elementor-text-editor elementor-clearfix\">\n\t\t\t\t\t<p><strong>Bez tej zgody nie b\u0119dziemy mogli wys\u0142a\u0107 Ci odpowiedzi.<\/strong><br \/>Administratorem danych osobowych jest Fundacja Wspierania Rozwoju Okulistyki \u201eOkulistyka 21\u201d w celu uzyskania odpowiedzi na zadane pytanie .<\/p><h2>INFORMACJE O ADMINISTRATORZE DANYCH<\/h2><p>Administratorem danych osobowych jest Fundacja Wspierania Rozwoju Okulistyki \u201eOkulistyka 21\u201d z siedzib\u0105 w Poznaniu, przy ul. Adama Mickiewicza 24 lok. 3B, z kt\u00f3rym mo\u017cna skontaktowa\u0107 si\u0119 poprzez adres e-mail :\u00a0<a href=\"mailto:biuro@okulistyka21.pl\">biuro@okulistyka21.pl<\/a><\/p><p>We wszystkich sprawach dotycz\u0105cych przetwarzania danych osobowych oraz korzystania z praw zwi\u0105zanych z przetwarzaniem danych mo\u017cesz kontaktowa\u0107 si\u0119 bezpo\u015brednio z Inspektorem Ochrony Danych, poprzez:<\/p><p>adres e-mail:\u00a0<a href=\"mailto:biuro@okulistyka21.pl\">biuro@okulistyka21.pl<\/a>\u00a0lub<\/p><p>pisemnie na adres: Fundacja Wspierania Rozwoju Okulistyki \u201eOkulistyka 21\u201d z siedzib\u0105 w Poznaniu, przy ul. Adama Mickiewicza 24 lok. 3B<\/p><p>Twoje dane osobowe przetwarzane b\u0119d\u0105 w celu przekazania zadanego przez Ciebie pytania lekarzowi\/specjali\u015bcie i udzielenia na nie odpowiedzi. Podstaw\u0105 prawn\u0105 przetwarzania Twoich danych jest wyra\u017cona przez Ciebie zgoda (zgodnie z art. 9. ust. 2 lit. b RODO)<br \/>Twoje dane osobowe mog\u0105 by\u0107 przekazywane przez Fundacj\u0119 Wspierania Rozwoju Okulistyki \u201eOkulistyka 21\u201d podmiotom z ni\u0105 wsp\u00f3\u0142pracuj\u0105cym (odbiorcom), w szczeg\u00f3lno\u015bci dostawcom us\u0142ug IT.<br \/>Twoje dane osobowe b\u0119d\u0105 przechowywane przez okres niezb\u0119dny do realizacji celu, jednak nie d\u0142u\u017cej ni\u017c do momentu wycofania zgody. Zgod\u0119 mo\u017cna wycofa\u0107 poprzez biuro@okulistyka21.pl<\/p><p>Przys\u0142uguj\u0105 Ci prawa zwi\u0105zane z przetwarzaniem danych osobowych:<\/p><ul><li>prawo do wycofania zgody,<\/li><li>prawo dost\u0119pu do tre\u015bci swoich danych,<\/li><li>prawo do sprostowania danych osobowych<\/li><li>prawo do usuni\u0119cia danych osobowych lub ograniczenia przetwarzania,<\/li><\/ul><p>Przys\u0142uguje Ci prawo do wniesienia skargi do Prezesa Urz\u0119du Ochrony Danych Osobowych.<br \/>Podanie danych osobowych jest dobrowolne, lecz niezb\u0119dne w celu udzielenia odpowiedzi na przes\u0142an\u0105 przez Ciebie wiadomo\u015b\u0107\/zapytanie.<\/p>\t\t\t\t\t<\/div>\n\t\t\t\t\t\t<\/div>\n\t\t\t\t<\/div>\n\t\t\t\t\t\t<\/div>\n\t\t\t\t\t<\/div>\n\t\t<\/div>\n\t\t\t\t\t\t\t\t<\/div>\n\t\t\t\t\t<\/div>\n\t\t<\/section>\n\t\t\t\t\t\t<\/div>\n\t\t\t\t\t<\/div>\n\t\t<\/div>\n\t\t\t\t\t\t\t\t<\/div>\n\t\t\t\t\t<\/div>\n\t\t<\/section>\n\t\t\t\t\t\t<\/div>\n\t\t\t\t\t\t<\/div>\n\t\t\t\t\t<\/div>","protected":false},"excerpt":{"rendered":"<p>Bez tej zgody nie b\u0119dziemy mogli wys\u0142a\u0107 Ci odpowiedzi. Administratorem danych osobowych jest Fundacja Wspierania Rozwoju Okulistyki \u201eOkulistyka 21\u201d w celu uzyskania odpowiedzi na zadane pytanie . INFORMACJE O ADMINISTRATORZE DANYCH Administratorem danych osobowych jest Fundacja Wspierania Rozwoju Okulistyki \u201eOkulistyka 21\u201d z siedzib\u0105 w Poznaniu, przy ul. Adama Mickiewicza 24 lok. 3B, z kt\u00f3rym mo\u017cna [&hellip;]<\/p>","protected":false},"author":1,"featured_media":0,"parent":0,"menu_order":0,"comment_status":"closed","ping_status":"closed","template":"elementor_canvas","meta":[],"_links":{"self":[{"href":"https:\/\/okulistyka21.pl\/en\/wp-json\/wp\/v2\/pages\/1907"}],"collection":[{"href":"https:\/\/okulistyka21.pl\/en\/wp-json\/wp\/v2\/pages"}],"about":[{"href":"https:\/\/okulistyka21.pl\/en\/wp-json\/wp\/v2\/types\/page"}],"author":[{"embeddable":true,"href":"https:\/\/okulistyka21.pl\/en\/wp-json\/wp\/v2\/users\/1"}],"replies":[{"embeddable":true,"href":"https:\/\/okulistyka21.pl\/en\/wp-json\/wp\/v2\/comments?post=1907"}],"version-history":[{"count":1,"href":"https:\/\/okulistyka21.pl\/en\/wp-json\/wp\/v2\/pages\/1907\/revisions"}],"predecessor-version":[{"id":1908,"href":"https:\/\/okulistyka21.pl\/en\/wp-json\/wp\/v2\/pages\/1907\/revisions\/1908"}],"wp:attachment":[{"href":"https:\/\/okulistyka21.pl\/en\/wp-json\/wp\/v2\/media?parent=1907"}],"curies":[{"name":"wp","href":"https:\/\/api.w.org\/{rel}","templated":true}]}}