{"id":1286,"date":"2021-07-15T08:08:53","date_gmt":"2021-07-15T06:08:53","guid":{"rendered":"https:\/\/okulistyka21.pl\/?page_id=1286"},"modified":"2026-02-10T11:56:02","modified_gmt":"2026-02-10T10:56:02","slug":"aktualnosci","status":"publish","type":"page","link":"https:\/\/okulistyka21.pl\/en\/aktualnosci\/","title":{"rendered":"News"},"content":{"rendered":"<div data-elementor-type=\"wp-page\" data-elementor-id=\"1286\" class=\"elementor elementor-1286\" data-elementor-settings=\"[]\">\n\t\t\t\t\t\t<div class=\"elementor-inner\">\n\t\t\t\t\t\t\t<div class=\"elementor-section-wrap\">\n\t\t\t\t\t\t\t<section class=\"elementor-section elementor-top-section elementor-element elementor-element-046bd1c elementor-section-boxed elementor-section-height-default elementor-section-height-default\" data-id=\"046bd1c\" data-element_type=\"section\" data-settings=\"{&quot;background_background&quot;:&quot;gradient&quot;}\">\n\t\t\t\t\t\t\t<div class=\"elementor-background-overlay\"><\/div>\n\t\t\t\t\t\t\t<div class=\"elementor-container elementor-column-gap-default\">\n\t\t\t\t\t\t\t<div class=\"elementor-row\">\n\t\t\t\t\t<div class=\"elementor-column elementor-col-100 elementor-top-column elementor-element elementor-element-9c5dcd6\" data-id=\"9c5dcd6\" data-element_type=\"column\">\n\t\t\t<div class=\"elementor-column-wrap elementor-element-populated\">\n\t\t\t\t\t\t\t<div class=\"elementor-widget-wrap\">\n\t\t\t\t\t\t<div class=\"elementor-element elementor-element-00bf093 elementor-widget elementor-widget-heading\" data-id=\"00bf093\" data-element_type=\"widget\" data-widget_type=\"heading.default\">\n\t\t\t\t<div class=\"elementor-widget-container\">\n\t\t\t<h1 class=\"elementor-heading-title elementor-size-default\">News<\/h1>\t\t<\/div>\n\t\t\t\t<\/div>\n\t\t\t\t<div class=\"elementor-element elementor-element-434df9b elementor-icon-list--layout-inline elementor-align-center elementor-list-item-link-full_width elementor-widget elementor-widget-icon-list\" data-id=\"434df9b\" data-element_type=\"widget\" data-widget_type=\"icon-list.default\">\n\t\t\t\t<div class=\"elementor-widget-container\">\n\t\t\t\t\t<ul class=\"elementor-icon-list-items elementor-inline-items\">\n\t\t\t\t\t\t\t<li class=\"elementor-icon-list-item elementor-inline-item\">\n\t\t\t\t\t<a href=\"https:\/\/okulistyka21.pl\/en\">\t\t\t\t\t\t<span class=\"elementor-icon-list-icon\">\n\t\t\t\t\t\t\t<i aria-hidden=\"true\" class=\"icon icon-home\"><\/i>\t\t\t\t\t\t<\/span>\n\t\t\t\t\t\t\t\t\t\t<span class=\"elementor-icon-list-text\">Homepage<\/span>\n\t\t\t\t\t\t\t\t\t\t\t<\/a>\n\t\t\t\t\t\t\t\t\t<\/li>\n\t\t\t\t\t\t\t\t<li class=\"elementor-icon-list-item elementor-inline-item\">\n\t\t\t\t\t\t\t\t\t\t\t<span class=\"elementor-icon-list-icon\">\n\t\t\t\t\t\t\t<i aria-hidden=\"true\" class=\"fas fa-chevron-right\"><\/i>\t\t\t\t\t\t<\/span>\n\t\t\t\t\t\t\t\t\t\t<span class=\"elementor-icon-list-text\">News<\/span>\n\t\t\t\t\t\t\t\t\t<\/li>\n\t\t\t\t\t\t<\/ul>\n\t\t\t\t<\/div>\n\t\t\t\t<\/div>\n\t\t\t\t\t\t<\/div>\n\t\t\t\t\t<\/div>\n\t\t<\/div>\n\t\t\t\t\t\t\t\t<\/div>\n\t\t\t\t\t<\/div>\n\t\t<\/section>\n\t\t\t\t<section class=\"elementor-section elementor-top-section elementor-element elementor-element-e17e681 elementor-section-boxed elementor-section-height-default elementor-section-height-default\" data-id=\"e17e681\" data-element_type=\"section\">\n\t\t\t\t\t\t<div class=\"elementor-container elementor-column-gap-default\">\n\t\t\t\t\t\t\t<div class=\"elementor-row\">\n\t\t\t\t\t<div class=\"elementor-column elementor-col-50 elementor-top-column elementor-element elementor-element-d02133c\" data-id=\"d02133c\" data-element_type=\"column\">\n\t\t\t<div class=\"elementor-column-wrap elementor-element-populated\">\n\t\t\t\t\t\t\t<div class=\"elementor-widget-wrap\">\n\t\t\t\t\t\t<div class=\"elementor-element elementor-element-0e24818 elementor-grid-1 elementor-grid-tablet-2 elementor-grid-mobile-1 elementor-posts--thumbnail-top elementor-card-shadow-yes elementor-posts__hover-gradient elementor-widget elementor-widget-posts\" data-id=\"0e24818\" data-element_type=\"widget\" data-settings=\"{&quot;cards_columns&quot;:&quot;1&quot;,&quot;cards_columns_tablet&quot;:&quot;2&quot;,&quot;cards_columns_mobile&quot;:&quot;1&quot;,&quot;cards_row_gap&quot;:{&quot;unit&quot;:&quot;px&quot;,&quot;size&quot;:35,&quot;sizes&quot;:[]}}\" data-widget_type=\"posts.cards\">\n\t\t\t\t<div class=\"elementor-widget-container\">\n\t\t\t\t\t<div class=\"elementor-posts-container elementor-posts elementor-posts--skin-cards elementor-grid\">\n\t\t\t\t<article class=\"elementor-post elementor-grid-item post-2640 post type-post status-publish format-standard has-post-thumbnail hentry category-edukacja\">\n\t\t\t<div class=\"elementor-post__card\">\n\t\t\t\t<a class=\"elementor-post__thumbnail__link\" href=\"https:\/\/okulistyka21.pl\/en\/2025\/06\/10\/zadbaj-o-wzrok-swojego-dziecka-bezplatne-badania-okulistyczne-w-poznanskich-zlobkach\/\" >\n\t\t\t<div class=\"elementor-post__thumbnail\"><img width=\"768\" height=\"512\" src=\"https:\/\/okulistyka21.pl\/wp-content\/uploads\/2025\/06\/zlobek-768x512.jpg\" class=\"attachment-medium_large size-medium_large\" alt=\"\" loading=\"lazy\" srcset=\"https:\/\/okulistyka21.pl\/wp-content\/uploads\/2025\/06\/zlobek-768x512.jpg 768w, https:\/\/okulistyka21.pl\/wp-content\/uploads\/2025\/06\/zlobek-300x200.jpg 300w, https:\/\/okulistyka21.pl\/wp-content\/uploads\/2025\/06\/zlobek-1024x683.jpg 1024w, https:\/\/okulistyka21.pl\/wp-content\/uploads\/2025\/06\/zlobek-18x12.jpg 18w, https:\/\/okulistyka21.pl\/wp-content\/uploads\/2025\/06\/zlobek.jpg 1200w\" sizes=\"(max-width: 768px) 100vw, 768px\" \/><\/div>\n\t\t<\/a>\n\t\t\t\t<div class=\"elementor-post__badge\">Education<\/div>\n\t\t\t\t<div class=\"elementor-post__text\">\n\t\t\t\t<h3 class=\"elementor-post__title\">\n\t\t\t<a href=\"https:\/\/okulistyka21.pl\/en\/2025\/06\/10\/zadbaj-o-wzrok-swojego-dziecka-bezplatne-badania-okulistyczne-w-poznanskich-zlobkach\/\" >\n\t\t\t\tZadbaj o wzrok swojego dziecka \u2013 bezp\u0142atne badania okulistyczne w pozna\u0144skich \u017c\u0142obkach\t\t\t<\/a>\n\t\t<\/h3>\n\t\t\t\t<div class=\"elementor-post__excerpt\">\n\t\t\t<p>We encourage you to review the activity report of our Foundation, summarizing the key activities of 2024:<\/p>\n\t\t<\/div>\n\t\t\t\t\t<a class=\"elementor-post__read-more\" href=\"https:\/\/okulistyka21.pl\/en\/2025\/06\/10\/zadbaj-o-wzrok-swojego-dziecka-bezplatne-badania-okulistyczne-w-poznanskich-zlobkach\/\" >\n\t\t\t\tRead more \"\t\t\t<\/a>\n\t\t\t\t<\/div>\n\t\t\t\t<div class=\"elementor-post__meta-data\">\n\t\t\t\t\t<span class=\"elementor-post-date\">\n\t\t\t10 June 2025\t\t<\/span>\n\t\t\t\t<span class=\"elementor-post-avatar\">\n\t\t\tNo Comments\t\t<\/span>\n\t\t\t\t<\/div>\n\t\t\t\t\t<\/div>\n\t\t<\/article>\n\t\t\t\t<article class=\"elementor-post elementor-grid-item post-2618 post type-post status-publish format-standard has-post-thumbnail hentry category-edukacja\">\n\t\t\t<div class=\"elementor-post__card\">\n\t\t\t\t<a class=\"elementor-post__thumbnail__link\" href=\"https:\/\/okulistyka21.pl\/en\/2025\/06\/10\/wzrok-pod-kontrola-przesiewowe-badania-okulistyczne-dla-uczniow-poznanskich-szkol-podstawowych\/\" >\n\t\t\t<div class=\"elementor-post__thumbnail\"><img width=\"768\" height=\"430\" src=\"https:\/\/okulistyka21.pl\/wp-content\/uploads\/2025\/06\/przedszkole-768x430.jpg\" class=\"attachment-medium_large size-medium_large\" alt=\"\" loading=\"lazy\" srcset=\"https:\/\/okulistyka21.pl\/wp-content\/uploads\/2025\/06\/przedszkole-768x430.jpg 768w, https:\/\/okulistyka21.pl\/wp-content\/uploads\/2025\/06\/przedszkole-300x168.jpg 300w, https:\/\/okulistyka21.pl\/wp-content\/uploads\/2025\/06\/przedszkole-1024x573.jpg 1024w, https:\/\/okulistyka21.pl\/wp-content\/uploads\/2025\/06\/przedszkole-18x10.jpg 18w, https:\/\/okulistyka21.pl\/wp-content\/uploads\/2025\/06\/przedszkole.jpg 1200w\" sizes=\"(max-width: 768px) 100vw, 768px\" \/><\/div>\n\t\t<\/a>\n\t\t\t\t<div class=\"elementor-post__badge\">Education<\/div>\n\t\t\t\t<div class=\"elementor-post__text\">\n\t\t\t\t<h3 class=\"elementor-post__title\">\n\t\t\t<a href=\"https:\/\/okulistyka21.pl\/en\/2025\/06\/10\/wzrok-pod-kontrola-przesiewowe-badania-okulistyczne-dla-uczniow-poznanskich-szkol-podstawowych\/\" >\n\t\t\t\tWzrok pod kontrol\u0105 \u2013 przesiewowe badania okulistyczne dla uczni\u00f3w pozna\u0144skich szk\u00f3\u0142 podstawowych\t\t\t<\/a>\n\t\t<\/h3>\n\t\t\t\t<div class=\"elementor-post__excerpt\">\n\t\t\t<p>We encourage you to review the activity report of our Foundation, summarizing the key activities of 2024:<\/p>\n\t\t<\/div>\n\t\t\t\t\t<a class=\"elementor-post__read-more\" href=\"https:\/\/okulistyka21.pl\/en\/2025\/06\/10\/wzrok-pod-kontrola-przesiewowe-badania-okulistyczne-dla-uczniow-poznanskich-szkol-podstawowych\/\" >\n\t\t\t\tRead more \"\t\t\t<\/a>\n\t\t\t\t<\/div>\n\t\t\t\t<div class=\"elementor-post__meta-data\">\n\t\t\t\t\t<span class=\"elementor-post-date\">\n\t\t\t10 June 2025\t\t<\/span>\n\t\t\t\t<span class=\"elementor-post-avatar\">\n\t\t\tNo Comments\t\t<\/span>\n\t\t\t\t<\/div>\n\t\t\t\t\t<\/div>\n\t\t<\/article>\n\t\t\t\t<article class=\"elementor-post elementor-grid-item post-2502 post type-post status-publish format-standard has-post-thumbnail hentry category-osiagniecia\">\n\t\t\t<div class=\"elementor-post__card\">\n\t\t\t\t<a class=\"elementor-post__thumbnail__link\" href=\"https:\/\/okulistyka21.pl\/en\/2025\/02\/07\/podsumowanie-okulistyka21-2024\/\" >\n\t\t\t<div class=\"elementor-post__thumbnail\"><img width=\"768\" height=\"768\" src=\"https:\/\/okulistyka21.pl\/wp-content\/uploads\/2025\/02\/Blue-Artsy-Collage-LinkedIn-Post-768x768.png\" class=\"attachment-medium_large size-medium_large\" alt=\"Blue Artsy Collage LinkedIn Post\" loading=\"lazy\" srcset=\"https:\/\/okulistyka21.pl\/wp-content\/uploads\/2025\/02\/Blue-Artsy-Collage-LinkedIn-Post-768x768.png 768w, https:\/\/okulistyka21.pl\/wp-content\/uploads\/2025\/02\/Blue-Artsy-Collage-LinkedIn-Post-300x300.png 300w, https:\/\/okulistyka21.pl\/wp-content\/uploads\/2025\/02\/Blue-Artsy-Collage-LinkedIn-Post-1024x1024.png 1024w, https:\/\/okulistyka21.pl\/wp-content\/uploads\/2025\/02\/Blue-Artsy-Collage-LinkedIn-Post-150x150.png 150w, https:\/\/okulistyka21.pl\/wp-content\/uploads\/2025\/02\/Blue-Artsy-Collage-LinkedIn-Post-12x12.png 12w, https:\/\/okulistyka21.pl\/wp-content\/uploads\/2025\/02\/Blue-Artsy-Collage-LinkedIn-Post.png 1200w\" sizes=\"(max-width: 768px) 100vw, 768px\" \/><\/div>\n\t\t<\/a>\n\t\t\t\t<div class=\"elementor-post__badge\">Osi\u0105gni\u0119cia<\/div>\n\t\t\t\t<div class=\"elementor-post__text\">\n\t\t\t\t<h3 class=\"elementor-post__title\">\n\t\t\t<a href=\"https:\/\/okulistyka21.pl\/en\/2025\/02\/07\/podsumowanie-okulistyka21-2024\/\" >\n\t\t\t\tSummary report O21 2024\t\t\t<\/a>\n\t\t<\/h3>\n\t\t\t\t<div class=\"elementor-post__excerpt\">\n\t\t\t<p>We encourage you to review the activity report of our Foundation, summarizing the key activities of 2024:<\/p>\n\t\t<\/div>\n\t\t\t\t\t<a class=\"elementor-post__read-more\" href=\"https:\/\/okulistyka21.pl\/en\/2025\/02\/07\/podsumowanie-okulistyka21-2024\/\" >\n\t\t\t\tRead more \"\t\t\t<\/a>\n\t\t\t\t<\/div>\n\t\t\t\t<div class=\"elementor-post__meta-data\">\n\t\t\t\t\t<span class=\"elementor-post-date\">\n\t\t\t7 February 2025\t\t<\/span>\n\t\t\t\t<span class=\"elementor-post-avatar\">\n\t\t\tNo Comments\t\t<\/span>\n\t\t\t\t<\/div>\n\t\t\t\t\t<\/div>\n\t\t<\/article>\n\t\t\t\t<article class=\"elementor-post elementor-grid-item post-2253 post type-post status-publish format-standard has-post-thumbnail hentry category-nagrody-i-wyroznienia tag-okulistyka21-ophthalmology21-fundacjaokulistyka21-expertscape-com-pic-ranking-ophthalmology-worldranking\">\n\t\t\t<div class=\"elementor-post__card\">\n\t\t\t\t<a class=\"elementor-post__thumbnail__link\" href=\"https:\/\/okulistyka21.pl\/en\/2023\/01\/10\/swiatowy-ranking-wiedzy-okulistycznej-2022-2\/\" >\n\t\t\t<div class=\"elementor-post__thumbnail\"><img width=\"768\" height=\"644\" src=\"https:\/\/okulistyka21.pl\/wp-content\/uploads\/2023\/01\/EXPERT-SCAPE-2-768x644.png\" class=\"attachment-medium_large size-medium_large\" alt=\"\" loading=\"lazy\" srcset=\"https:\/\/okulistyka21.pl\/wp-content\/uploads\/2023\/01\/EXPERT-SCAPE-2-768x644.png 768w, https:\/\/okulistyka21.pl\/wp-content\/uploads\/2023\/01\/EXPERT-SCAPE-2-300x251.png 300w, https:\/\/okulistyka21.pl\/wp-content\/uploads\/2023\/01\/EXPERT-SCAPE-2-14x12.png 14w, https:\/\/okulistyka21.pl\/wp-content\/uploads\/2023\/01\/EXPERT-SCAPE-2.png 940w\" sizes=\"(max-width: 768px) 100vw, 768px\" \/><\/div>\n\t\t<\/a>\n\t\t\t\t<div class=\"elementor-post__badge\">Prizes and awards<\/div>\n\t\t\t\t<div class=\"elementor-post__text\">\n\t\t\t\t<h3 class=\"elementor-post__title\">\n\t\t\t<a href=\"https:\/\/okulistyka21.pl\/en\/2023\/01\/10\/swiatowy-ranking-wiedzy-okulistycznej-2022-2\/\" >\n\t\t\t\tWorld ophthalmic knowledge ranking 2022\t\t\t<\/a>\n\t\t<\/h3>\n\t\t\t\t<div class=\"elementor-post__excerpt\">\n\t\t\t<p>The international website expertscape.com has recognised the substantive publications of Professor Andrzej Grzybowski by placing him at the top of its global ranking of specialists in intraocular diseases. Endophthalmitis: Poznan -<\/p>\n\t\t<\/div>\n\t\t\t\t\t<a class=\"elementor-post__read-more\" href=\"https:\/\/okulistyka21.pl\/en\/2023\/01\/10\/swiatowy-ranking-wiedzy-okulistycznej-2022-2\/\" >\n\t\t\t\tRead more \"\t\t\t<\/a>\n\t\t\t\t<\/div>\n\t\t\t\t<div class=\"elementor-post__meta-data\">\n\t\t\t\t\t<span class=\"elementor-post-date\">\n\t\t\t10 January 2023\t\t<\/span>\n\t\t\t\t<span class=\"elementor-post-avatar\">\n\t\t\tNo Comments\t\t<\/span>\n\t\t\t\t<\/div>\n\t\t\t\t\t<\/div>\n\t\t<\/article>\n\t\t\t\t<article class=\"elementor-post elementor-grid-item post-2215 post type-post status-publish format-standard has-post-thumbnail hentry category-nagrody-i-wyroznienia\">\n\t\t\t<div class=\"elementor-post__card\">\n\t\t\t\t<a class=\"elementor-post__thumbnail__link\" href=\"https:\/\/okulistyka21.pl\/en\/2023\/01\/09\/profesor-andrzej-grzybowski-prezydentem-elektem-ever-the-european-vision-eye-research-association\/\" >\n\t\t\t<div class=\"elementor-post__thumbnail\"><img width=\"768\" height=\"644\" src=\"https:\/\/okulistyka21.pl\/wp-content\/uploads\/2023\/01\/EVER-_Profesor-Prezydentem-Elektem-4-768x644.png\" class=\"attachment-medium_large size-medium_large\" alt=\"\" loading=\"lazy\" srcset=\"https:\/\/okulistyka21.pl\/wp-content\/uploads\/2023\/01\/EVER-_Profesor-Prezydentem-Elektem-4-768x644.png 768w, https:\/\/okulistyka21.pl\/wp-content\/uploads\/2023\/01\/EVER-_Profesor-Prezydentem-Elektem-4-300x251.png 300w, https:\/\/okulistyka21.pl\/wp-content\/uploads\/2023\/01\/EVER-_Profesor-Prezydentem-Elektem-4-14x12.png 14w, https:\/\/okulistyka21.pl\/wp-content\/uploads\/2023\/01\/EVER-_Profesor-Prezydentem-Elektem-4.png 940w\" sizes=\"(max-width: 768px) 100vw, 768px\" \/><\/div>\n\t\t<\/a>\n\t\t\t\t<div class=\"elementor-post__badge\">Prizes and awards<\/div>\n\t\t\t\t<div class=\"elementor-post__text\">\n\t\t\t\t<h3 class=\"elementor-post__title\">\n\t\t\t<a href=\"https:\/\/okulistyka21.pl\/en\/2023\/01\/09\/profesor-andrzej-grzybowski-prezydentem-elektem-ever-the-european-vision-eye-research-association\/\" >\n\t\t\t\tProfessor Andrzej Grzybowski President Elect of EVER The European Vision &amp; Eye Research Association\t\t\t<\/a>\n\t\t<\/h3>\n\t\t\t\t<div class=\"elementor-post__excerpt\">\n\t\t\t<p>We are proud to announce that Prof. Andrzej Grzybowski, MD, PhD - Head of the Department of Ophthalmology at the Faculty of Medicine of the University of Warmia and Mazury in Olsztyn, President of the Foundation for the Support of the<\/p>\n\t\t<\/div>\n\t\t\t\t\t<a class=\"elementor-post__read-more\" href=\"https:\/\/okulistyka21.pl\/en\/2023\/01\/09\/profesor-andrzej-grzybowski-prezydentem-elektem-ever-the-european-vision-eye-research-association\/\" >\n\t\t\t\tRead more \"\t\t\t<\/a>\n\t\t\t\t<\/div>\n\t\t\t\t<div class=\"elementor-post__meta-data\">\n\t\t\t\t\t<span class=\"elementor-post-date\">\n\t\t\t9 January 2023\t\t<\/span>\n\t\t\t\t<span class=\"elementor-post-avatar\">\n\t\t\tNo Comments\t\t<\/span>\n\t\t\t\t<\/div>\n\t\t\t\t\t<\/div>\n\t\t<\/article>\n\t\t\t\t<article class=\"elementor-post elementor-grid-item post-2190 post type-post status-publish format-standard has-post-thumbnail hentry category-bez-kategorii\">\n\t\t\t<div class=\"elementor-post__card\">\n\t\t\t\t<a class=\"elementor-post__thumbnail__link\" href=\"https:\/\/okulistyka21.pl\/en\/2023\/01\/03\/miedzynarodowy-konkurs-plastyczny-miradas-art-contest-2023\/\" >\n\t\t\t<div class=\"elementor-post__thumbnail\"><img width=\"768\" height=\"644\" src=\"https:\/\/okulistyka21.pl\/wp-content\/uploads\/2023\/01\/Miradas-03-768x644.png\" class=\"attachment-medium_large size-medium_large\" alt=\"\" loading=\"lazy\" srcset=\"https:\/\/okulistyka21.pl\/wp-content\/uploads\/2023\/01\/Miradas-03-768x644.png 768w, https:\/\/okulistyka21.pl\/wp-content\/uploads\/2023\/01\/Miradas-03-300x251.png 300w, https:\/\/okulistyka21.pl\/wp-content\/uploads\/2023\/01\/Miradas-03-14x12.png 14w, https:\/\/okulistyka21.pl\/wp-content\/uploads\/2023\/01\/Miradas-03.png 940w\" sizes=\"(max-width: 768px) 100vw, 768px\" \/><\/div>\n\t\t<\/a>\n\t\t\t\t<div class=\"elementor-post__badge\">Uncategorized<\/div>\n\t\t\t\t<div class=\"elementor-post__text\">\n\t\t\t\t<h3 class=\"elementor-post__title\">\n\t\t\t<a href=\"https:\/\/okulistyka21.pl\/en\/2023\/01\/03\/miedzynarodowy-konkurs-plastyczny-miradas-art-contest-2023\/\" >\n\t\t\t\tInternational art competition \"MIRADAS INTERNATIONAL ART CONTEST 2023\" (ATTENTION!!! Change of deadline for submission of works)\t\t\t<\/a>\n\t\t<\/h3>\n\t\t\t\t<div class=\"elementor-post__excerpt\">\n\t\t\t<p>Prof. Andrzej Grzybowski, M.D., Head of the Department of Ophthalmology, University of Warmia and Mazury, Head of the Institute of Ophthalmic Research, was invited to join the committee in the prestigious Miradas International competition<\/p>\n\t\t<\/div>\n\t\t\t\t\t<a class=\"elementor-post__read-more\" href=\"https:\/\/okulistyka21.pl\/en\/2023\/01\/03\/miedzynarodowy-konkurs-plastyczny-miradas-art-contest-2023\/\" >\n\t\t\t\tRead more \"\t\t\t<\/a>\n\t\t\t\t<\/div>\n\t\t\t\t<div class=\"elementor-post__meta-data\">\n\t\t\t\t\t<span class=\"elementor-post-date\">\n\t\t\t3 January 2023\t\t<\/span>\n\t\t\t\t<span class=\"elementor-post-avatar\">\n\t\t\tNo Comments\t\t<\/span>\n\t\t\t\t<\/div>\n\t\t\t\t\t<\/div>\n\t\t<\/article>\n\t\t\t\t<\/div>\n\t\t\t\t<\/div>\n\t\t\t\t<\/div>\n\t\t\t\t\t\t<\/div>\n\t\t\t\t\t<\/div>\n\t\t<\/div>\n\t\t\t\t<div class=\"elementor-column elementor-col-50 elementor-top-column elementor-element elementor-element-97d81b4\" data-id=\"97d81b4\" data-element_type=\"column\">\n\t\t\t<div class=\"elementor-column-wrap elementor-element-populated\">\n\t\t\t\t\t\t\t<div class=\"elementor-widget-wrap\">\n\t\t\t\t\t\t<div class=\"elementor-element elementor-element-ae7bd84 elementor-search-form--skin-minimal elementor-widget elementor-widget-search-form\" data-id=\"ae7bd84\" data-element_type=\"widget\" data-settings=\"{&quot;skin&quot;:&quot;minimal&quot;}\" data-widget_type=\"search-form.default\">\n\t\t\t\t<div class=\"elementor-widget-container\">\n\t\t\t\t\t<form class=\"elementor-search-form\" role=\"search\" action=\"https:\/\/okulistyka21.pl\/en\" method=\"get\" data-trp-original-action=\"https:\/\/okulistyka21.pl\/en\">\n\t\t\t\t\t\t\t\t\t<div class=\"elementor-search-form__container\">\n\t\t\t\t\t\t\t\t\t<div class=\"elementor-search-form__icon\">\n\t\t\t\t\t\t<i aria-hidden=\"true\" class=\"fas fa-search\"><\/i>\t\t\t\t\t\t<span class=\"elementor-screen-only\">Search<\/span>\n\t\t\t\t\t<\/div>\n\t\t\t\t\t\t\t\t<input placeholder=\"Search engine...\" class=\"elementor-search-form__input\" type=\"search\" name=\"s\" title=\"Search\" value=\"\">\n\t\t\t\t\t\t\t\t\t\t\t\t\t\t\t<\/div>\n\t\t<input type=\"hidden\" name=\"trp-form-language\" value=\"en\"\/><\/form>\n\t\t\t\t<\/div>\n\t\t\t\t<\/div>\n\t\t\t\t<div class=\"elementor-element elementor-element-f143606 elementor-widget elementor-widget-wp-widget-categories\" data-id=\"f143606\" data-element_type=\"widget\" data-widget_type=\"wp-widget-categories.default\">\n\t\t\t\t<div class=\"elementor-widget-container\">\n\t\t\t<h5>Categories<\/h5>\n\t\t\t<ul>\n\t\t\t\t\t<li class=\"cat-item cat-item-1\"><a href=\"https:\/\/okulistyka21.pl\/en\/category\/bez-kategorii\/\">Uncategorized<\/a> (2)\n<\/li>\n\t<li class=\"cat-item cat-item-33\"><a href=\"https:\/\/okulistyka21.pl\/en\/category\/edukacja\/\">Education<\/a> (2)\n<\/li>\n\t<li class=\"cat-item cat-item-12\"><a href=\"https:\/\/okulistyka21.pl\/en\/category\/konferencje\/\">Conferences<\/a> (1)\n<\/li>\n\t<li class=\"cat-item cat-item-9\"><a href=\"https:\/\/okulistyka21.pl\/en\/category\/krotkowzrocznosc\/\">Short-sightedness<\/a> (3)\n<\/li>\n\t<li class=\"cat-item cat-item-11\"><a href=\"https:\/\/okulistyka21.pl\/en\/category\/nagrody-i-wyroznienia\/\">Prizes and awards<\/a> (6)\n<\/li>\n\t<li class=\"cat-item cat-item-14\"><a href=\"https:\/\/okulistyka21.pl\/en\/category\/news\/\">News<\/a> (2)\n<\/li>\n\t<li class=\"cat-item cat-item-32\"><a href=\"https:\/\/okulistyka21.pl\/en\/category\/osiagniecia\/\">Osi\u0105gni\u0119cia<\/a> (1)\n<\/li>\n\t<li class=\"cat-item cat-item-15\"><a href=\"https:\/\/okulistyka21.pl\/en\/category\/pomoc-dla-ukrainy\/\">Aid to Ukraine<\/a> (5)\n<\/li>\n\t<li class=\"cat-item cat-item-13\"><a href=\"https:\/\/okulistyka21.pl\/en\/category\/publikacje\/\">Publications<\/a> (1)\n<\/li>\n\t<li class=\"cat-item cat-item-10\"><a href=\"https:\/\/okulistyka21.pl\/en\/category\/retinopatia-cukrzycowa\/\">Diabetic retinopathy<\/a> (1)\n<\/li>\n\t\t\t<\/ul>\n\n\t\t\t\t\t<\/div>\n\t\t\t\t<\/div>\n\t\t\t\t\t\t<\/div>\n\t\t\t\t\t<\/div>\n\t\t<\/div>\n\t\t\t\t\t\t\t\t<\/div>\n\t\t\t\t\t<\/div>\n\t\t<\/section>\n\t\t\t\t\t\t<\/div>\n\t\t\t\t\t\t<\/div>\n\t\t\t\t\t<\/div>","protected":false},"excerpt":{"rendered":"<p>Homepage<\/p>","protected":false},"author":1,"featured_media":0,"parent":0,"menu_order":0,"comment_status":"closed","ping_status":"closed","template":"elementor_canvas","meta":[],"_links":{"self":[{"href":"https:\/\/okulistyka21.pl\/en\/wp-json\/wp\/v2\/pages\/1286"}],"collection":[{"href":"https:\/\/okulistyka21.pl\/en\/wp-json\/wp\/v2\/pages"}],"about":[{"href":"https:\/\/okulistyka21.pl\/en\/wp-json\/wp\/v2\/types\/page"}],"author":[{"embeddable":true,"href":"https:\/\/okulistyka21.pl\/en\/wp-json\/wp\/v2\/users\/1"}],"replies":[{"embeddable":true,"href":"https:\/\/okulistyka21.pl\/en\/wp-json\/wp\/v2\/comments?post=1286"}],"version-history":[{"count":16,"href":"https:\/\/okulistyka21.pl\/en\/wp-json\/wp\/v2\/pages\/1286\/revisions"}],"predecessor-version":[{"id":2659,"href":"https:\/\/okulistyka21.pl\/en\/wp-json\/wp\/v2\/pages\/1286\/revisions\/2659"}],"wp:attachment":[{"href":"https:\/\/okulistyka21.pl\/en\/wp-json\/wp\/v2\/media?parent=1286"}],"curies":[{"name":"wp","href":"https:\/\/api.w.org\/{rel}","templated":true}]}}