{"id":1118,"date":"2021-07-08T15:59:40","date_gmt":"2021-07-08T13:59:40","guid":{"rendered":"https:\/\/okulistyka21.pl\/?page_id=1118"},"modified":"2021-07-08T16:01:13","modified_gmt":"2021-07-08T14:01:13","slug":"zastosowanie-nanoczasteczkowych-kropli-do-oczu-2017","status":"publish","type":"page","link":"https:\/\/okulistyka21.pl\/en\/konferencje-zrealizowane\/zastosowanie-nanoczasteczkowych-kropli-do-oczu-2017\/","title":{"rendered":"Application of nanoparticle eye drops 2017"},"content":{"rendered":"<div data-elementor-type=\"wp-page\" data-elementor-id=\"1118\" class=\"elementor elementor-1118\" data-elementor-settings=\"[]\">\n\t\t\t\t\t\t<div class=\"elementor-inner\">\n\t\t\t\t\t\t\t<div class=\"elementor-section-wrap\">\n\t\t\t\t\t\t\t<section class=\"elementor-section elementor-top-section elementor-element elementor-element-1d855234 elementor-section-boxed elementor-section-height-default elementor-section-height-default\" data-id=\"1d855234\" data-element_type=\"section\" data-settings=\"{&quot;background_background&quot;:&quot;gradient&quot;}\">\n\t\t\t\t\t\t\t<div class=\"elementor-background-overlay\"><\/div>\n\t\t\t\t\t\t\t<div class=\"elementor-container elementor-column-gap-default\">\n\t\t\t\t\t\t\t<div class=\"elementor-row\">\n\t\t\t\t\t<div class=\"elementor-column elementor-col-100 elementor-top-column elementor-element elementor-element-7b080175\" data-id=\"7b080175\" data-element_type=\"column\">\n\t\t\t<div class=\"elementor-column-wrap elementor-element-populated\">\n\t\t\t\t\t\t\t<div class=\"elementor-widget-wrap\">\n\t\t\t\t\t\t<div class=\"elementor-element elementor-element-67e000b1 elementor-widget elementor-widget-heading\" data-id=\"67e000b1\" data-element_type=\"widget\" data-widget_type=\"heading.default\">\n\t\t\t\t<div class=\"elementor-widget-container\">\n\t\t\t<h1 class=\"elementor-heading-title elementor-size-default\">Application of nanoparticle eye drops 2017<\/h1>\t\t<\/div>\n\t\t\t\t<\/div>\n\t\t\t\t<div class=\"elementor-element elementor-element-1fb09d05 elementor-icon-list--layout-inline elementor-align-center elementor-list-item-link-full_width elementor-widget elementor-widget-icon-list\" data-id=\"1fb09d05\" data-element_type=\"widget\" data-widget_type=\"icon-list.default\">\n\t\t\t\t<div class=\"elementor-widget-container\">\n\t\t\t\t\t<ul class=\"elementor-icon-list-items elementor-inline-items\">\n\t\t\t\t\t\t\t<li class=\"elementor-icon-list-item elementor-inline-item\">\n\t\t\t\t\t<a href=\"https:\/\/okulistyka21.pl\/en\">\t\t\t\t\t\t<span class=\"elementor-icon-list-icon\">\n\t\t\t\t\t\t\t<i aria-hidden=\"true\" class=\"icon icon-home\"><\/i>\t\t\t\t\t\t<\/span>\n\t\t\t\t\t\t\t\t\t\t<span class=\"elementor-icon-list-text\">Homepage<\/span>\n\t\t\t\t\t\t\t\t\t\t\t<\/a>\n\t\t\t\t\t\t\t\t\t<\/li>\n\t\t\t\t\t\t\t\t<li class=\"elementor-icon-list-item elementor-inline-item\">\n\t\t\t\t\t\t\t\t\t\t\t<span class=\"elementor-icon-list-icon\">\n\t\t\t\t\t\t\t<i aria-hidden=\"true\" class=\"fas fa-chevron-right\"><\/i>\t\t\t\t\t\t<\/span>\n\t\t\t\t\t\t\t\t\t\t<span class=\"elementor-icon-list-text\">Application of nanoparticle eye drops 2017<\/span>\n\t\t\t\t\t\t\t\t\t<\/li>\n\t\t\t\t\t\t<\/ul>\n\t\t\t\t<\/div>\n\t\t\t\t<\/div>\n\t\t\t\t\t\t<\/div>\n\t\t\t\t\t<\/div>\n\t\t<\/div>\n\t\t\t\t\t\t\t\t<\/div>\n\t\t\t\t\t<\/div>\n\t\t<\/section>\n\t\t\t\t<section class=\"elementor-section elementor-top-section elementor-element elementor-element-4482c5a5 elementor-section-boxed elementor-section-height-default elementor-section-height-default\" data-id=\"4482c5a5\" data-element_type=\"section\">\n\t\t\t\t\t\t\t<div class=\"elementor-background-overlay\"><\/div>\n\t\t\t\t\t\t\t<div class=\"elementor-container elementor-column-gap-default\">\n\t\t\t\t\t\t\t<div class=\"elementor-row\">\n\t\t\t\t\t<div class=\"elementor-column elementor-col-100 elementor-top-column elementor-element elementor-element-f6171af\" data-id=\"f6171af\" data-element_type=\"column\">\n\t\t\t<div class=\"elementor-column-wrap elementor-element-populated\">\n\t\t\t\t\t\t\t<div class=\"elementor-widget-wrap\">\n\t\t\t\t\t\t<div class=\"elementor-element elementor-element-68e52ef6 elementor-widget elementor-widget-text-editor\" data-id=\"68e52ef6\" data-element_type=\"widget\" data-widget_type=\"text-editor.default\">\n\t\t\t\t<div class=\"elementor-widget-container\">\n\t\t\t\t\t\t\t\t<div class=\"elementor-text-editor elementor-clearfix\">\n\t\t\t\t\t<p align=\"center\"><strong>CONFERENCE: 'Application of nanoparticle eye drops - Polish-Icelandic knowledge exchange. Issues of pharmacology in ophthalmology\".\u00a0<\/strong><\/p><p><strong>Date: 21.09.2017<\/strong><\/p><p><strong><a href=\"https:\/\/okulistyka21.pl\/wp-content\/uploads\/2021\/07\/PLAN-KONFERENCJI-NANOKROPLE-2017.pdf\" target=\"_blank\" rel=\"noopener\">NANODROPS CONFERENCE PLAN 2017<\/a><\/strong><\/p><p><strong>Conference organiser\/programme leader:\u00a0<\/strong>Foundation for the Support of Ophthalmology Development \"OKULISTYKA 21\"<\/p><p><strong>Programme partner:\u00a0<\/strong>H\u00e1sk\u00f3li \u00cdslands, Department of Ophthalmology, University of Iceland<\/p><p><strong>Sponsor:\u00a0<\/strong>Polpharma pharmaceutical plant SA<\/p><p>PRELEGISTS<\/p><p>Prof. dr hab. n. med. Andrzej Grzybowski<\/p><p>Head of the Ophthalmology Department of the Multispecialist City Hospital in Pozna\u0144,<br \/>Head of Department of Ophthalmology, University of Warmia and Mazury, Olsztyn<br \/>Editor-in-Chief, Archives of the History and Philosophy of Medicine<br \/>Editor-in-Chief of Historia Ophthalmologica Internationalis Head of the Historical Centre of the General Medical Council<\/p><p>Prof. Dr. med. Marta Misiuk-Hoj\u0142o<\/p><p>Medical University of Wroc\u0142aw Department of Ophthalmology<\/p><ul><li>Head of Department of Ophthalmology<\/li><li>Editor-in-Chief of the \"Ophthalmic Review\"<\/li><\/ul><p>Prof. dr hab. n. farm. Ma\u0142gorzata Sznitowska<\/p><ul><li>Head of Department of Applied Pharmacy Gdansk Medical University<\/li><li>National consultant for industrial pharmacy, expert in drug formulation technology<\/li><\/ul><p>Prof. Dr. med. Robert Bucki<\/p><p>Head of the Independent Laboratory of Microbiological and Nanobiomedical Techniques, Medical University of Bialystok<\/p><p>Dr Karolina Kazmierczak, MD<\/p><ul><li>Assistant Professor at the Department of Eye Diseases, University Hospital No. 1 in Bydgoszcz, Nicolaus Copernicus University in Toru\u0144, Poland<\/li><li>Main surgical activities: vitreoretinal surgery, cataract surgery<\/li><li>Additional involvement in the work of the Clinic: neuro-ophthalmology, electrophysiological studies<\/li><\/ul><p>Dr n. med. Piotr Kanclerz<\/p><p>Department of Ophthalmology, Medical University of Gda\u0144sk<\/p><p>Einar Stef\u00e1nsson MD PhD<\/p><ul><li>Dean of the Faculty of Medicine at the University of Iceland and Head of the Department of Ophthalmology<\/li><li>Lead member of the expert team of scientists who authored the innovative nanoparticle eye drop formula<\/li><li>Author of more than 170 international publications<\/li><li>The Professor's H-index is 40<\/li><\/ul><p>Thorsteinn Loftsson PhD<\/p><p>received his MSc in Pharmacy from the University of Copenhagen (Denmark) and his MSc and PhD in Pharmaceutical Chemistry from the University of Kansas (USA). He is Professor of Physical Pharmacy at the University of Iceland, Faculty of Pharmacy. His main research interest is the pharmaceutical applications of cyclodextrins. Dr Thorsteinn has authored or co-authored more than 250 articles in peer-reviewed journals, two books, 20 book chapters and holds 20 patents and pending patents. Dr Thorsteinn is included in Thomson Reuters lists of frequently cited scientists and the world's most influential scientific minds (2014 and 2015). He is a reviewer for the International Journal of Pharmaceutics and an editor for four other international peer-reviewed scientific journals.<\/p><p>Margaret Mimier<\/p><ul><li>Department of Ophthalmology, Wroclaw Medical University<\/li><\/ul>\t\t\t\t\t<\/div>\n\t\t\t\t\t\t<\/div>\n\t\t\t\t<\/div>\n\t\t\t\t\t\t<\/div>\n\t\t\t\t\t<\/div>\n\t\t<\/div>\n\t\t\t\t\t\t\t\t<\/div>\n\t\t\t\t\t<\/div>\n\t\t<\/section>\n\t\t\t\t\t\t<\/div>\n\t\t\t\t\t\t<\/div>\n\t\t\t\t\t<\/div>","protected":false},"excerpt":{"rendered":"<p>Strona g\u0142\u00f3wna KONFERENCJA:\u00a0&#8222;Zastosowanie nanocz\u0105steczkowych kropli do oczu \u2013 polsko-islandzka wymiana wiedzy. Zagadnienia farmakologii w okulistyce&#8221;\u00a0 Data: 21.09.2017 PLAN KONFERENCJI NANOKROPLE 2017 Organizator konferencji\/Lider programu:\u00a0Fundacja\u00a0Wspierania Rozwoju Okulistyki &#8222;OKULISTYKA 21&#8221; Partner Programu:\u00a0H\u00e1sk\u00f3li \u00cdslands, Department of Ophthalmology, University of Iceland Sponsor:\u00a0Zak\u0142ady farmaceutyczne Polpharma SA PRELEGENCI Prof. dr hab. n. med. Andrzej Grzybowski Ordynator Oddzia\u0142u Okulistycznego Wielospecjalistycznego Szpitala Miejskiego [&hellip;]<\/p>","protected":false},"author":1,"featured_media":0,"parent":925,"menu_order":0,"comment_status":"closed","ping_status":"closed","template":"elementor_canvas","meta":[],"_links":{"self":[{"href":"https:\/\/okulistyka21.pl\/en\/wp-json\/wp\/v2\/pages\/1118"}],"collection":[{"href":"https:\/\/okulistyka21.pl\/en\/wp-json\/wp\/v2\/pages"}],"about":[{"href":"https:\/\/okulistyka21.pl\/en\/wp-json\/wp\/v2\/types\/page"}],"author":[{"embeddable":true,"href":"https:\/\/okulistyka21.pl\/en\/wp-json\/wp\/v2\/users\/1"}],"replies":[{"embeddable":true,"href":"https:\/\/okulistyka21.pl\/en\/wp-json\/wp\/v2\/comments?post=1118"}],"version-history":[{"count":4,"href":"https:\/\/okulistyka21.pl\/en\/wp-json\/wp\/v2\/pages\/1118\/revisions"}],"predecessor-version":[{"id":1123,"href":"https:\/\/okulistyka21.pl\/en\/wp-json\/wp\/v2\/pages\/1118\/revisions\/1123"}],"up":[{"embeddable":true,"href":"https:\/\/okulistyka21.pl\/en\/wp-json\/wp\/v2\/pages\/925"}],"wp:attachment":[{"href":"https:\/\/okulistyka21.pl\/en\/wp-json\/wp\/v2\/media?parent=1118"}],"curies":[{"name":"wp","href":"https:\/\/api.w.org\/{rel}","templated":true}]}}