{"id":1101,"date":"2021-07-08T15:55:36","date_gmt":"2021-07-08T13:55:36","guid":{"rendered":"https:\/\/okulistyka21.pl\/?page_id=1101"},"modified":"2021-07-08T15:56:46","modified_gmt":"2021-07-08T13:56:46","slug":"polski-komitet-naukowy","status":"publish","type":"page","link":"https:\/\/okulistyka21.pl\/en\/komitet-naukowy\/polski-komitet-naukowy\/","title":{"rendered":"Polish Scientific Committee"},"content":{"rendered":"<div data-elementor-type=\"wp-page\" data-elementor-id=\"1101\" class=\"elementor elementor-1101\" data-elementor-settings=\"[]\">\n\t\t\t\t\t\t<div class=\"elementor-inner\">\n\t\t\t\t\t\t\t<div class=\"elementor-section-wrap\">\n\t\t\t\t\t\t\t<section class=\"elementor-section elementor-top-section elementor-element elementor-element-717af06 elementor-section-boxed elementor-section-height-default elementor-section-height-default\" data-id=\"717af06\" data-element_type=\"section\" data-settings=\"{&quot;background_background&quot;:&quot;gradient&quot;}\">\n\t\t\t\t\t\t\t<div class=\"elementor-background-overlay\"><\/div>\n\t\t\t\t\t\t\t<div class=\"elementor-container elementor-column-gap-default\">\n\t\t\t\t\t\t\t<div class=\"elementor-row\">\n\t\t\t\t\t<div class=\"elementor-column elementor-col-100 elementor-top-column elementor-element elementor-element-ed5c86d\" data-id=\"ed5c86d\" data-element_type=\"column\">\n\t\t\t<div class=\"elementor-column-wrap elementor-element-populated\">\n\t\t\t\t\t\t\t<div class=\"elementor-widget-wrap\">\n\t\t\t\t\t\t<div class=\"elementor-element elementor-element-92ad041 elementor-widget elementor-widget-heading\" data-id=\"92ad041\" data-element_type=\"widget\" data-widget_type=\"heading.default\">\n\t\t\t\t<div class=\"elementor-widget-container\">\n\t\t\t<h1 class=\"elementor-heading-title elementor-size-default\">Polish Scientific Committee<\/h1>\t\t<\/div>\n\t\t\t\t<\/div>\n\t\t\t\t<div class=\"elementor-element elementor-element-0b0e28e elementor-icon-list--layout-inline elementor-align-center elementor-list-item-link-full_width elementor-widget elementor-widget-icon-list\" data-id=\"0b0e28e\" data-element_type=\"widget\" data-widget_type=\"icon-list.default\">\n\t\t\t\t<div class=\"elementor-widget-container\">\n\t\t\t\t\t<ul class=\"elementor-icon-list-items elementor-inline-items\">\n\t\t\t\t\t\t\t<li class=\"elementor-icon-list-item elementor-inline-item\">\n\t\t\t\t\t<a href=\"https:\/\/okulistyka21.pl\/en\">\t\t\t\t\t\t<span class=\"elementor-icon-list-icon\">\n\t\t\t\t\t\t\t<i aria-hidden=\"true\" class=\"icon icon-home\"><\/i>\t\t\t\t\t\t<\/span>\n\t\t\t\t\t\t\t\t\t\t<span class=\"elementor-icon-list-text\">Homepage<\/span>\n\t\t\t\t\t\t\t\t\t\t\t<\/a>\n\t\t\t\t\t\t\t\t\t<\/li>\n\t\t\t\t\t\t\t\t<li class=\"elementor-icon-list-item elementor-inline-item\">\n\t\t\t\t\t\t\t\t\t\t\t<span class=\"elementor-icon-list-icon\">\n\t\t\t\t\t\t\t<i aria-hidden=\"true\" class=\"fas fa-chevron-right\"><\/i>\t\t\t\t\t\t<\/span>\n\t\t\t\t\t\t\t\t\t\t<span class=\"elementor-icon-list-text\">Polish Scientific Committee<\/span>\n\t\t\t\t\t\t\t\t\t<\/li>\n\t\t\t\t\t\t<\/ul>\n\t\t\t\t<\/div>\n\t\t\t\t<\/div>\n\t\t\t\t\t\t<\/div>\n\t\t\t\t\t<\/div>\n\t\t<\/div>\n\t\t\t\t\t\t\t\t<\/div>\n\t\t\t\t\t<\/div>\n\t\t<\/section>\n\t\t\t\t<section class=\"elementor-section elementor-top-section elementor-element elementor-element-fa727ec elementor-section-boxed elementor-section-height-default elementor-section-height-default\" data-id=\"fa727ec\" data-element_type=\"section\">\n\t\t\t\t\t\t\t<div class=\"elementor-background-overlay\"><\/div>\n\t\t\t\t\t\t\t<div class=\"elementor-container elementor-column-gap-default\">\n\t\t\t\t\t\t\t<div class=\"elementor-row\">\n\t\t\t\t\t<div class=\"elementor-column elementor-col-100 elementor-top-column elementor-element elementor-element-80db8f9\" data-id=\"80db8f9\" data-element_type=\"column\">\n\t\t\t<div class=\"elementor-column-wrap elementor-element-populated\">\n\t\t\t\t\t\t\t<div class=\"elementor-widget-wrap\">\n\t\t\t\t\t\t<div class=\"elementor-element elementor-element-125b7d8 elementor-widget elementor-widget-image\" data-id=\"125b7d8\" data-element_type=\"widget\" data-widget_type=\"image.default\">\n\t\t\t\t<div class=\"elementor-widget-container\">\n\t\t\t\t\t\t\t\t<div class=\"elementor-image\">\n\t\t\t\t\t\t\t\t\t\t\t\t<img width=\"800\" height=\"759\" src=\"https:\/\/okulistyka21.pl\/wp-content\/uploads\/2021\/07\/logo_presbiopia.png\" class=\"attachment-large size-large\" alt=\"\" loading=\"lazy\" srcset=\"https:\/\/okulistyka21.pl\/wp-content\/uploads\/2021\/07\/logo_presbiopia.png 829w, https:\/\/okulistyka21.pl\/wp-content\/uploads\/2021\/07\/logo_presbiopia-300x284.png 300w, https:\/\/okulistyka21.pl\/wp-content\/uploads\/2021\/07\/logo_presbiopia-768x728.png 768w\" sizes=\"(max-width: 800px) 100vw, 800px\" \/>\t\t\t\t\t\t\t\t\t\t\t\t\t\t<\/div>\n\t\t\t\t\t\t<\/div>\n\t\t\t\t<\/div>\n\t\t\t\t<div class=\"elementor-element elementor-element-5077fa5 elementor-widget elementor-widget-text-editor\" data-id=\"5077fa5\" data-element_type=\"widget\" data-widget_type=\"text-editor.default\">\n\t\t\t\t<div class=\"elementor-widget-container\">\n\t\t\t\t\t\t\t\t<div class=\"elementor-text-editor elementor-clearfix\">\n\t\t\t\t\t<div><strong>POLISH PRESBIOPIA 21 CLUB<\/strong><\/div><div>POLISH SCIENTIFIC COMMITTEE\u00a0<\/div><div>\u00a0<\/div><div><strong>Chair:\u00a0<\/strong><\/div><div>Prof. Dr. med. Andrzej Grzybowski<\/div><div>\u00a0<\/div><div>Dr n. med. Marek \u0106wirko\u00a0\u00a0<br \/>Prof. Dr. med. Iwona Grabska-Liberek<br \/>Prof. Dr. Bart\u0142omiej Ka\u0142u\u017cny, M.D.<br \/>Dr n. med. Pawel Klonowski<br \/>Prof. Dr. med. Ewa Mrukwa-Kominek<br \/>Dr n. Maria Muzyka-Wo\u017aniak<br \/>Prof. Dr. med. Robert Rejdak<br \/>Prof. Dr. med. Marek R\u0119kas<br \/>Dr n. med. Mariusz Spyra<br \/>Prof. dr hab. n. med. Jerzy Szaflik<br \/>Prof. Zbigniew Zag\u00f3rski, MD, PhD<\/div>\t\t\t\t\t<\/div>\n\t\t\t\t\t\t<\/div>\n\t\t\t\t<\/div>\n\t\t\t\t\t\t<\/div>\n\t\t\t\t\t<\/div>\n\t\t<\/div>\n\t\t\t\t\t\t\t\t<\/div>\n\t\t\t\t\t<\/div>\n\t\t<\/section>\n\t\t\t\t\t\t<\/div>\n\t\t\t\t\t\t<\/div>\n\t\t\t\t\t<\/div>","protected":false},"excerpt":{"rendered":"<p>Strona g\u0142\u00f3wna POLSKI KLUB PRESBIOPIA 21POLSKI KOMITET NAUKOWY\u00a0\u00a0Przewodnicz\u0105cy:\u00a0Prof. dr hab. med. Andrzej Grzybowski\u00a0Dr n. med. Marek \u0106wirko\u00a0\u00a0Prof. dr hab. n. med. Iwona Grabska-LiberekProf. dr hab. n. med. Bart\u0142omiej Ka\u0142u\u017cnyDr n. med. Pawe\u0142 KlonowskiProf. dr hab. n. med. Ewa Mrukwa-KominekDr n. med. Maria Muzyka-Wo\u017aniakProf. dr hab. n. med. Robert RejdakProf. dr hab. n. med. Marek R\u0119kasDr [&hellip;]<\/p>","protected":false},"author":1,"featured_media":0,"parent":1099,"menu_order":0,"comment_status":"closed","ping_status":"closed","template":"elementor_canvas","meta":[],"_links":{"self":[{"href":"https:\/\/okulistyka21.pl\/en\/wp-json\/wp\/v2\/pages\/1101"}],"collection":[{"href":"https:\/\/okulistyka21.pl\/en\/wp-json\/wp\/v2\/pages"}],"about":[{"href":"https:\/\/okulistyka21.pl\/en\/wp-json\/wp\/v2\/types\/page"}],"author":[{"embeddable":true,"href":"https:\/\/okulistyka21.pl\/en\/wp-json\/wp\/v2\/users\/1"}],"replies":[{"embeddable":true,"href":"https:\/\/okulistyka21.pl\/en\/wp-json\/wp\/v2\/comments?post=1101"}],"version-history":[{"count":4,"href":"https:\/\/okulistyka21.pl\/en\/wp-json\/wp\/v2\/pages\/1101\/revisions"}],"predecessor-version":[{"id":1106,"href":"https:\/\/okulistyka21.pl\/en\/wp-json\/wp\/v2\/pages\/1101\/revisions\/1106"}],"up":[{"embeddable":true,"href":"https:\/\/okulistyka21.pl\/en\/wp-json\/wp\/v2\/pages\/1099"}],"wp:attachment":[{"href":"https:\/\/okulistyka21.pl\/en\/wp-json\/wp\/v2\/media?parent=1101"}],"curies":[{"name":"wp","href":"https:\/\/api.w.org\/{rel}","templated":true}]}}