{"id":1081,"date":"2021-07-08T15:51:04","date_gmt":"2021-07-08T13:51:04","guid":{"rendered":"https:\/\/okulistyka21.pl\/?page_id=1081"},"modified":"2021-07-08T15:51:39","modified_gmt":"2021-07-08T13:51:39","slug":"optovision-2019","status":"publish","type":"page","link":"https:\/\/okulistyka21.pl\/en\/konferencje-zrealizowane\/optovision-2019\/","title":{"rendered":"OptoVision 2019"},"content":{"rendered":"<div data-elementor-type=\"wp-page\" data-elementor-id=\"1081\" class=\"elementor elementor-1081\" data-elementor-settings=\"[]\">\n\t\t\t\t\t\t<div class=\"elementor-inner\">\n\t\t\t\t\t\t\t<div class=\"elementor-section-wrap\">\n\t\t\t\t\t\t\t<section class=\"elementor-section elementor-top-section elementor-element elementor-element-8bba7e8 elementor-section-boxed elementor-section-height-default elementor-section-height-default\" data-id=\"8bba7e8\" data-element_type=\"section\" data-settings=\"{&quot;background_background&quot;:&quot;gradient&quot;}\">\n\t\t\t\t\t\t\t<div class=\"elementor-background-overlay\"><\/div>\n\t\t\t\t\t\t\t<div class=\"elementor-container elementor-column-gap-default\">\n\t\t\t\t\t\t\t<div class=\"elementor-row\">\n\t\t\t\t\t<div class=\"elementor-column elementor-col-100 elementor-top-column elementor-element elementor-element-e7e764a\" data-id=\"e7e764a\" data-element_type=\"column\">\n\t\t\t<div class=\"elementor-column-wrap elementor-element-populated\">\n\t\t\t\t\t\t\t<div class=\"elementor-widget-wrap\">\n\t\t\t\t\t\t<div class=\"elementor-element elementor-element-20eb809 elementor-widget elementor-widget-heading\" data-id=\"20eb809\" data-element_type=\"widget\" data-widget_type=\"heading.default\">\n\t\t\t\t<div class=\"elementor-widget-container\">\n\t\t\t<h1 class=\"elementor-heading-title elementor-size-default\">OptoVision 2019<\/h1>\t\t<\/div>\n\t\t\t\t<\/div>\n\t\t\t\t<div class=\"elementor-element elementor-element-11d985a elementor-icon-list--layout-inline elementor-align-center elementor-list-item-link-full_width elementor-widget elementor-widget-icon-list\" data-id=\"11d985a\" data-element_type=\"widget\" data-widget_type=\"icon-list.default\">\n\t\t\t\t<div class=\"elementor-widget-container\">\n\t\t\t\t\t<ul class=\"elementor-icon-list-items elementor-inline-items\">\n\t\t\t\t\t\t\t<li class=\"elementor-icon-list-item elementor-inline-item\">\n\t\t\t\t\t<a href=\"https:\/\/okulistyka21.pl\/en\">\t\t\t\t\t\t<span class=\"elementor-icon-list-icon\">\n\t\t\t\t\t\t\t<i aria-hidden=\"true\" class=\"icon icon-home\"><\/i>\t\t\t\t\t\t<\/span>\n\t\t\t\t\t\t\t\t\t\t<span class=\"elementor-icon-list-text\">Homepage<\/span>\n\t\t\t\t\t\t\t\t\t\t\t<\/a>\n\t\t\t\t\t\t\t\t\t<\/li>\n\t\t\t\t\t\t\t\t<li class=\"elementor-icon-list-item elementor-inline-item\">\n\t\t\t\t\t\t\t\t\t\t\t<span class=\"elementor-icon-list-icon\">\n\t\t\t\t\t\t\t<i aria-hidden=\"true\" class=\"fas fa-chevron-right\"><\/i>\t\t\t\t\t\t<\/span>\n\t\t\t\t\t\t\t\t\t\t<span class=\"elementor-icon-list-text\">OptoVision 2019<\/span>\n\t\t\t\t\t\t\t\t\t<\/li>\n\t\t\t\t\t\t<\/ul>\n\t\t\t\t<\/div>\n\t\t\t\t<\/div>\n\t\t\t\t\t\t<\/div>\n\t\t\t\t\t<\/div>\n\t\t<\/div>\n\t\t\t\t\t\t\t\t<\/div>\n\t\t\t\t\t<\/div>\n\t\t<\/section>\n\t\t\t\t<section class=\"elementor-section elementor-top-section elementor-element elementor-element-b9172f4 elementor-section-boxed elementor-section-height-default elementor-section-height-default\" data-id=\"b9172f4\" data-element_type=\"section\">\n\t\t\t\t\t\t\t<div class=\"elementor-background-overlay\"><\/div>\n\t\t\t\t\t\t\t<div class=\"elementor-container elementor-column-gap-default\">\n\t\t\t\t\t\t\t<div class=\"elementor-row\">\n\t\t\t\t\t<div class=\"elementor-column elementor-col-100 elementor-top-column elementor-element elementor-element-944c7ad\" data-id=\"944c7ad\" data-element_type=\"column\">\n\t\t\t<div class=\"elementor-column-wrap elementor-element-populated\">\n\t\t\t\t\t\t\t<div class=\"elementor-widget-wrap\">\n\t\t\t\t\t\t<div class=\"elementor-element elementor-element-0932dc4 elementor-widget elementor-widget-text-editor\" data-id=\"0932dc4\" data-element_type=\"widget\" data-widget_type=\"text-editor.default\">\n\t\t\t\t<div class=\"elementor-widget-container\">\n\t\t\t\t\t\t\t\t<div class=\"elementor-text-editor elementor-clearfix\">\n\t\t\t\t\t<p>Educational meeting for optometrists from all over Poland held on 22 November 2019 in \u0141\u00f3d\u017a, Poland. Co-hosted by Vision Express and the OKULISTYKA 21 Foundation for Supporting the Development of Ophthalmology.&nbsp;<\/p>\n<p><\/p>\n<p>PROGRAMME<\/p>\n<p><\/p>\n<p>&nbsp; 9.00 &#8211; 10.30&nbsp;&nbsp;<strong>Orthokeratology principle and practice<\/strong>&nbsp;- Dr Helen Duan<\/p>\n<p>10.30 &#8211; 11.45&nbsp;&nbsp;<strong>How mulifocal contact lenses work&nbsp;<\/strong>- Wojciech Kida - Cooper Vision&nbsp;<strong><br><\/strong><\/p>\n<p>11.45 &#8211; 13.00&nbsp;&nbsp;<strong>Patients' adaptation to the change of optical correction - practical aspects&nbsp;<\/strong>- Andrzej Piotrowski, M.Sc.<\/p>\n<p><\/p>\n<p><strong>&nbsp; &nbsp; &nbsp; &nbsp; &nbsp; &nbsp; SESSION I - Ophthalmologists for optometrists<\/strong><\/p>\n<p>&nbsp;Presidium of the session: - Prof. Dr. med. Roman Go\u015b<br>&nbsp;&nbsp;&nbsp;&nbsp;&nbsp;&nbsp;&nbsp;&nbsp;&nbsp;&nbsp;&nbsp;&nbsp;&nbsp;&nbsp;&nbsp;&nbsp;&nbsp;&nbsp;&nbsp;&nbsp;&nbsp;&nbsp;&nbsp;&nbsp; - Prof. Dr. med. Marta Misiuk-Hoj\u0142o<strong><br><\/strong>&nbsp;&nbsp;&nbsp;&nbsp;&nbsp;&nbsp;&nbsp;&nbsp;&nbsp;&nbsp;&nbsp;&nbsp;&nbsp;&nbsp;&nbsp;&nbsp;&nbsp;&nbsp;&nbsp;&nbsp;&nbsp;&nbsp;&nbsp;&nbsp; - Micha\u0142 Szymon Nowak, MD, PhD<\/p>\n<p>13.10 &#8211; 13.35&nbsp;<strong>Diagnostic methods for retinal diseases and practical cases<\/strong>&nbsp;- Prof. Dr. med. Marta Misiuk-Hoj\u0142o<strong><br><\/strong><\/p>\n<p>13.35 &#8211; 14.00&nbsp;<strong>Glaucoma diagnosis and treatment<\/strong>&nbsp;- Micha\u0142 Szymon Nowak, MD, PhD<\/p>\n<p>14.00 - 14.10 Discussion<\/p>\n<p>14.10 - 14.40 Lunch<\/p>\n<p>14.10 - 14.40 Lunch<\/p>\n<p><\/p>\n<p><strong>&nbsp; &nbsp; &nbsp; &nbsp; &nbsp; SESSION II - Dry eye<br><\/strong>Presidium of the session: - Prof. zw. dr hab. med. Andrzej Grzybowski<br>&nbsp;&nbsp;&nbsp;&nbsp;&nbsp;&nbsp;&nbsp;&nbsp;&nbsp;&nbsp;&nbsp;&nbsp;&nbsp;&nbsp;&nbsp;&nbsp;&nbsp;&nbsp;&nbsp;&nbsp;&nbsp;&nbsp;&nbsp;&nbsp; - dr n. med. Anna Ambroziak<br>&nbsp;&nbsp;&nbsp;&nbsp;&nbsp;&nbsp;&nbsp;&nbsp;&nbsp;&nbsp;&nbsp;&nbsp;&nbsp;&nbsp;&nbsp;&nbsp;&nbsp;&nbsp;&nbsp;&nbsp;&nbsp;&nbsp;&nbsp;&nbsp; - Wojciech Warcho\u0142, MD, PhD<\/p>\n<p>14.40 &#8211; 15.05&nbsp;<strong>Diagnosis and treatment of dry eye syndrome according to international standards in 2019.<\/strong>&nbsp;- Prof. zw. dr hab. med. Andrzej Grzybowski<strong><br><\/strong><\/p>\n<p>15.05 &#8211; 15.25&nbsp;<strong>Diagnosis and treatment of Meibomian gland insufficiency<\/strong>&nbsp;- dr n. med. Anna Ambroziak<\/p>\n<p>15.25 - 15.35 Discussion<\/p>\n<p><\/p>\n<p><strong>&nbsp; &nbsp; &nbsp; &nbsp; &nbsp;SESSION III - Optometry in practice&nbsp;<\/strong>(session co-organised with the Polish Society of Optometry and Optics)<\/p>\n<p>Presidium of the session: - Prof. Dr. Bart\u0142omiej Ka\u0142u\u017cny, M.D.<br>&nbsp;&nbsp;&nbsp;&nbsp;&nbsp;&nbsp;&nbsp;&nbsp;&nbsp;&nbsp;&nbsp;&nbsp;&nbsp;&nbsp;&nbsp;&nbsp;&nbsp;&nbsp;&nbsp;&nbsp;&nbsp;&nbsp;&nbsp;&nbsp; - Magdalena Widlicka-Asejczyk, Ph.<br>&nbsp;&nbsp;&nbsp;&nbsp;&nbsp;&nbsp;&nbsp;&nbsp;&nbsp;&nbsp;&nbsp;&nbsp;&nbsp;&nbsp;&nbsp;&nbsp;&nbsp;&nbsp;&nbsp;&nbsp;&nbsp;&nbsp;&nbsp;&nbsp; - Dr Wojciech Lis<\/p>\n<p>15.35 &#8211; 16.05&nbsp;<strong>Diagnosis and correction of astigmatism<\/strong>&nbsp;- Prof. Dr. med. Bart\u0142omiej Ka\u0142u\u017cny<strong><br><\/strong><\/p>\n<p>16.05 &#8211; 16.25&nbsp;<strong>Accommodative disorders in young people<\/strong>&nbsp;- Dr. Monika Borwinska<\/p>\n<p>16.25 &#8211; 16.50&nbsp;<strong>Accommodative testing methods<\/strong>&nbsp;- Jacek Zabel MA (Member of the PTOO)<\/p>\n<p>16.50 - 17.00 Discussion<\/p>\n<p>17.00 - 17.30 Coffee break<\/p>\n<p><\/p>\n<p><strong>&nbsp; &nbsp; &nbsp; &nbsp; &nbsp;SESSION IV - Contactology&nbsp;<\/strong>(session co-organised with the Polish Lens Association)<br>Session Bureau: - Dr Marek Skorupski<br>&nbsp;&nbsp;&nbsp;&nbsp;&nbsp;&nbsp;&nbsp;&nbsp;&nbsp;&nbsp;&nbsp;&nbsp;&nbsp;&nbsp;&nbsp;&nbsp;&nbsp;&nbsp;&nbsp;&nbsp;&nbsp;&nbsp;&nbsp;&nbsp; - dr n. biol. Robert Grabowski<br>&nbsp;&nbsp;&nbsp;&nbsp;&nbsp;&nbsp;&nbsp;&nbsp;&nbsp;&nbsp;&nbsp;&nbsp;&nbsp;&nbsp;&nbsp;&nbsp;&nbsp;&nbsp;&nbsp;&nbsp;&nbsp;&nbsp;&nbsp;&nbsp; - MA Bartosz Tomczak<\/p>\n<p>17.30 &#8211; 18.00<strong>&nbsp;Non-presbyopic use of multifocal contact lenses&nbsp;<\/strong>- MA Bartosz Tomczak<\/p>\n<p>18.00 - 18.30&nbsp;<strong>How to achieve success in multifocal lens application<\/strong>&nbsp;- Alcon sponsor Tomasz Sulinski<\/p>\n<p>18.30 &#8211; 18.40&nbsp;<strong>Vision Express in Poland<\/strong>&nbsp;- dr n. biol. Robert Grabowski<\/p>\n<p>18.40 - 18.50 Discussion<\/p>\t\t\t\t\t<\/div>\n\t\t\t\t\t\t<\/div>\n\t\t\t\t<\/div>\n\t\t\t\t\t\t<\/div>\n\t\t\t\t\t<\/div>\n\t\t<\/div>\n\t\t\t\t\t\t\t\t<\/div>\n\t\t\t\t\t<\/div>\n\t\t<\/section>\n\t\t\t\t\t\t<\/div>\n\t\t\t\t\t\t<\/div>\n\t\t\t\t\t<\/div>","protected":false},"excerpt":{"rendered":"<p>Strona g\u0142\u00f3wna Spotkanie edukacyjne dla optometryst\u00f3w z ca\u0142ej Polski kt\u00f3re odby\u0142o si\u0119 22 listopada 2019 roku w \u0141odzi. Wsp\u00f3\u0142tworzone przez Vision Express oraz Fundacje Wspierania Rozwoju Okulistyki OKULISTYKA 21.&nbsp; PROGRAM &nbsp; 9.00 &#8211; 10.30&nbsp;&nbsp;Orthokeratology principle and practice&nbsp;\u2013 Dr Helen Duan 10.30 &#8211; 11.45&nbsp;&nbsp;Jak dzia\u0142aj\u0105 mulifokalne soczewki kontaktowe&nbsp;&#8211; Wojciech Kida &#8211; Cooper Vision&nbsp; 11.45 &#8211; 13.00&nbsp;&nbsp;Adaptacja [&hellip;]<\/p>","protected":false},"author":1,"featured_media":0,"parent":925,"menu_order":0,"comment_status":"closed","ping_status":"closed","template":"elementor_canvas","meta":[],"_links":{"self":[{"href":"https:\/\/okulistyka21.pl\/en\/wp-json\/wp\/v2\/pages\/1081"}],"collection":[{"href":"https:\/\/okulistyka21.pl\/en\/wp-json\/wp\/v2\/pages"}],"about":[{"href":"https:\/\/okulistyka21.pl\/en\/wp-json\/wp\/v2\/types\/page"}],"author":[{"embeddable":true,"href":"https:\/\/okulistyka21.pl\/en\/wp-json\/wp\/v2\/users\/1"}],"replies":[{"embeddable":true,"href":"https:\/\/okulistyka21.pl\/en\/wp-json\/wp\/v2\/comments?post=1081"}],"version-history":[{"count":4,"href":"https:\/\/okulistyka21.pl\/en\/wp-json\/wp\/v2\/pages\/1081\/revisions"}],"predecessor-version":[{"id":1085,"href":"https:\/\/okulistyka21.pl\/en\/wp-json\/wp\/v2\/pages\/1081\/revisions\/1085"}],"up":[{"embeddable":true,"href":"https:\/\/okulistyka21.pl\/en\/wp-json\/wp\/v2\/pages\/925"}],"wp:attachment":[{"href":"https:\/\/okulistyka21.pl\/en\/wp-json\/wp\/v2\/media?parent=1081"}],"curies":[{"name":"wp","href":"https:\/\/api.w.org\/{rel}","templated":true}]}}