{"id":1074,"date":"2021-07-08T15:48:15","date_gmt":"2021-07-08T13:48:15","guid":{"rendered":"https:\/\/okulistyka21.pl\/?page_id=1074"},"modified":"2021-07-08T15:50:29","modified_gmt":"2021-07-08T13:50:29","slug":"presbiopia-2017","status":"publish","type":"page","link":"https:\/\/okulistyka21.pl\/en\/konferencje-zrealizowane\/presbiopia-2017\/","title":{"rendered":"Presbyopia 2017"},"content":{"rendered":"<div data-elementor-type=\"wp-page\" data-elementor-id=\"1074\" class=\"elementor elementor-1074\" data-elementor-settings=\"[]\">\n\t\t\t\t\t\t<div class=\"elementor-inner\">\n\t\t\t\t\t\t\t<div class=\"elementor-section-wrap\">\n\t\t\t\t\t\t\t<section class=\"elementor-section elementor-top-section elementor-element elementor-element-611204f9 elementor-section-boxed elementor-section-height-default elementor-section-height-default\" data-id=\"611204f9\" data-element_type=\"section\" data-settings=\"{&quot;background_background&quot;:&quot;gradient&quot;}\">\n\t\t\t\t\t\t\t<div class=\"elementor-background-overlay\"><\/div>\n\t\t\t\t\t\t\t<div class=\"elementor-container elementor-column-gap-default\">\n\t\t\t\t\t\t\t<div class=\"elementor-row\">\n\t\t\t\t\t<div class=\"elementor-column elementor-col-100 elementor-top-column elementor-element elementor-element-45dc2e17\" data-id=\"45dc2e17\" data-element_type=\"column\">\n\t\t\t<div class=\"elementor-column-wrap elementor-element-populated\">\n\t\t\t\t\t\t\t<div class=\"elementor-widget-wrap\">\n\t\t\t\t\t\t<div class=\"elementor-element elementor-element-460410fa elementor-widget elementor-widget-heading\" data-id=\"460410fa\" data-element_type=\"widget\" data-widget_type=\"heading.default\">\n\t\t\t\t<div class=\"elementor-widget-container\">\n\t\t\t<h1 class=\"elementor-heading-title elementor-size-default\">Presbyopia 2017<\/h1>\t\t<\/div>\n\t\t\t\t<\/div>\n\t\t\t\t<div class=\"elementor-element elementor-element-20e84cb elementor-icon-list--layout-inline elementor-align-center elementor-list-item-link-full_width elementor-widget elementor-widget-icon-list\" data-id=\"20e84cb\" data-element_type=\"widget\" data-widget_type=\"icon-list.default\">\n\t\t\t\t<div class=\"elementor-widget-container\">\n\t\t\t\t\t<ul class=\"elementor-icon-list-items elementor-inline-items\">\n\t\t\t\t\t\t\t<li class=\"elementor-icon-list-item elementor-inline-item\">\n\t\t\t\t\t<a href=\"https:\/\/okulistyka21.pl\/en\">\t\t\t\t\t\t<span class=\"elementor-icon-list-icon\">\n\t\t\t\t\t\t\t<i aria-hidden=\"true\" class=\"icon icon-home\"><\/i>\t\t\t\t\t\t<\/span>\n\t\t\t\t\t\t\t\t\t\t<span class=\"elementor-icon-list-text\">Homepage<\/span>\n\t\t\t\t\t\t\t\t\t\t\t<\/a>\n\t\t\t\t\t\t\t\t\t<\/li>\n\t\t\t\t\t\t\t\t<li class=\"elementor-icon-list-item elementor-inline-item\">\n\t\t\t\t\t\t\t\t\t\t\t<span class=\"elementor-icon-list-icon\">\n\t\t\t\t\t\t\t<i aria-hidden=\"true\" class=\"fas fa-chevron-right\"><\/i>\t\t\t\t\t\t<\/span>\n\t\t\t\t\t\t\t\t\t\t<span class=\"elementor-icon-list-text\">Presbyopia 2017<\/span>\n\t\t\t\t\t\t\t\t\t<\/li>\n\t\t\t\t\t\t<\/ul>\n\t\t\t\t<\/div>\n\t\t\t\t<\/div>\n\t\t\t\t\t\t<\/div>\n\t\t\t\t\t<\/div>\n\t\t<\/div>\n\t\t\t\t\t\t\t\t<\/div>\n\t\t\t\t\t<\/div>\n\t\t<\/section>\n\t\t\t\t<section class=\"elementor-section elementor-top-section elementor-element elementor-element-487c5c78 elementor-section-boxed elementor-section-height-default elementor-section-height-default\" data-id=\"487c5c78\" data-element_type=\"section\">\n\t\t\t\t\t\t\t<div class=\"elementor-background-overlay\"><\/div>\n\t\t\t\t\t\t\t<div class=\"elementor-container elementor-column-gap-default\">\n\t\t\t\t\t\t\t<div class=\"elementor-row\">\n\t\t\t\t\t<div class=\"elementor-column elementor-col-100 elementor-top-column elementor-element elementor-element-26ff975b\" data-id=\"26ff975b\" data-element_type=\"column\">\n\t\t\t<div class=\"elementor-column-wrap elementor-element-populated\">\n\t\t\t\t\t\t\t<div class=\"elementor-widget-wrap\">\n\t\t\t\t\t\t<div class=\"elementor-element elementor-element-713f101 elementor-widget elementor-widget-text-editor\" data-id=\"713f101\" data-element_type=\"widget\" data-widget_type=\"text-editor.default\">\n\t\t\t\t<div class=\"elementor-widget-container\">\n\t\t\t\t\t\t\t\t<div class=\"elementor-text-editor elementor-clearfix\">\n\t\t\t\t\t<p><strong>17-18 November 2017<\/strong><\/p><p><strong>Poznan<\/strong><\/p><p><strong>Thank you to all participants for attending the lectures!<\/strong><\/p><p><strong>Follow the Presbiopia 21 project on Facebook : <a href=\"https:\/\/www.facebook.com\/presbiopia21\/\">@Presbiopia21<\/a><\/strong><\/p>\t\t\t\t\t<\/div>\n\t\t\t\t\t\t<\/div>\n\t\t\t\t<\/div>\n\t\t\t\t<section class=\"elementor-section elementor-inner-section elementor-element elementor-element-12a077ea elementor-section-boxed elementor-section-height-default elementor-section-height-default\" data-id=\"12a077ea\" data-element_type=\"section\">\n\t\t\t\t\t\t<div class=\"elementor-container elementor-column-gap-default\">\n\t\t\t\t\t\t\t<div class=\"elementor-row\">\n\t\t\t\t\t<div class=\"elementor-column elementor-col-50 elementor-inner-column elementor-element elementor-element-153227af\" data-id=\"153227af\" data-element_type=\"column\">\n\t\t\t<div class=\"elementor-column-wrap elementor-element-populated\">\n\t\t\t\t\t\t\t<div class=\"elementor-widget-wrap\">\n\t\t\t\t\t\t<div class=\"elementor-element elementor-element-6459f575 elementor-align-right elementor-widget elementor-widget-button\" data-id=\"6459f575\" data-element_type=\"widget\" data-widget_type=\"button.default\">\n\t\t\t\t<div class=\"elementor-widget-container\">\n\t\t\t\t\t<div class=\"elementor-button-wrapper\">\n\t\t\t<a href=\"https:\/\/www.youtube.com\/watch?v=boAFMbWGMDs\" target=\"_blank\" class=\"elementor-button-link elementor-button elementor-size-sm\" role=\"button\">\n\t\t\t\t\t\t<span class=\"elementor-button-content-wrapper\">\n\t\t\t\t\t\t<span class=\"elementor-button-icon elementor-align-icon-left\">\n\t\t\t\t<i aria-hidden=\"true\" class=\"icon icon-youtube\"><\/i>\t\t\t<\/span>\n\t\t\t\t\t\t<span class=\"elementor-button-text\">Summary of the conference<\/span>\n\t\t<\/span>\n\t\t\t\t\t<\/a>\n\t\t<\/div>\n\t\t\t\t<\/div>\n\t\t\t\t<\/div>\n\t\t\t\t\t\t<\/div>\n\t\t\t\t\t<\/div>\n\t\t<\/div>\n\t\t\t\t<div class=\"elementor-column elementor-col-50 elementor-inner-column elementor-element elementor-element-4a7d20ee\" data-id=\"4a7d20ee\" data-element_type=\"column\">\n\t\t\t<div class=\"elementor-column-wrap elementor-element-populated\">\n\t\t\t\t\t\t\t<div class=\"elementor-widget-wrap\">\n\t\t\t\t\t\t<div class=\"elementor-element elementor-element-25dd62d9 elementor-widget elementor-widget-button\" data-id=\"25dd62d9\" data-element_type=\"widget\" data-widget_type=\"button.default\">\n\t\t\t\t<div class=\"elementor-widget-container\">\n\t\t\t\t\t<div class=\"elementor-button-wrapper\">\n\t\t\t<a href=\"https:\/\/accounts.google.com\/ServiceLogin\/webreauth?service=lh2&#038;passive=1209600&#038;osid=1&#038;continue=https%3A%2F%2Fphotos.google.com%2Fshare%2FAF1QipMWzEfqm82B3oDsj4825GSXgKhSw2XKZBAQxfYhqlIzoF10lrg7tJ1ouJUCuT1qxA%3Fkey%3Dbm13QmlPX0VlWXlIYXZTNERVN1VqQUY3NGNrdDNB&#038;followup=https%3A%2F%2Fphotos.google.com%2Fshare%2FAF1QipMWzEfqm82B3oDsj4825GSXgKhSw2XKZBAQxfYhqlIzoF10lrg7tJ1ouJUCuT1qxA%3Fkey%3Dbm13QmlPX0VlWXlIYXZTNERVN1VqQUY3NGNrdDNB&#038;authuser=0&#038;flowName=GlifWebSignIn&#038;flowEntry=ServiceLogin\" target=\"_blank\" class=\"elementor-button-link elementor-button elementor-size-sm\" role=\"button\">\n\t\t\t\t\t\t<span class=\"elementor-button-content-wrapper\">\n\t\t\t\t\t\t<span class=\"elementor-button-icon elementor-align-icon-left\">\n\t\t\t\t<i aria-hidden=\"true\" class=\"far fa-image\"><\/i>\t\t\t<\/span>\n\t\t\t\t\t\t<span class=\"elementor-button-text\">Gallery<\/span>\n\t\t<\/span>\n\t\t\t\t\t<\/a>\n\t\t<\/div>\n\t\t\t\t<\/div>\n\t\t\t\t<\/div>\n\t\t\t\t\t\t<\/div>\n\t\t\t\t\t<\/div>\n\t\t<\/div>\n\t\t\t\t\t\t\t\t<\/div>\n\t\t\t\t\t<\/div>\n\t\t<\/section>\n\t\t\t\t<div class=\"elementor-element elementor-element-851688c elementor-widget elementor-widget-image\" data-id=\"851688c\" data-element_type=\"widget\" data-widget_type=\"image.default\">\n\t\t\t\t<div class=\"elementor-widget-container\">\n\t\t\t\t\t\t\t\t<div class=\"elementor-image\">\n\t\t\t\t\t\t\t\t\t\t\t\t<img width=\"1922\" height=\"294\" src=\"https:\/\/okulistyka21.pl\/wp-content\/uploads\/2021\/07\/sponsorzy-etc-na-okulistke21.jpg\" class=\"attachment-full size-full\" alt=\"\" loading=\"lazy\" srcset=\"https:\/\/okulistyka21.pl\/wp-content\/uploads\/2021\/07\/sponsorzy-etc-na-okulistke21.jpg 1922w, https:\/\/okulistyka21.pl\/wp-content\/uploads\/2021\/07\/sponsorzy-etc-na-okulistke21-300x46.jpg 300w, https:\/\/okulistyka21.pl\/wp-content\/uploads\/2021\/07\/sponsorzy-etc-na-okulistke21-1024x157.jpg 1024w, https:\/\/okulistyka21.pl\/wp-content\/uploads\/2021\/07\/sponsorzy-etc-na-okulistke21-768x117.jpg 768w, https:\/\/okulistyka21.pl\/wp-content\/uploads\/2021\/07\/sponsorzy-etc-na-okulistke21-1536x235.jpg 1536w\" sizes=\"(max-width: 1922px) 100vw, 1922px\" \/>\t\t\t\t\t\t\t\t\t\t\t\t\t\t<\/div>\n\t\t\t\t\t\t<\/div>\n\t\t\t\t<\/div>\n\t\t\t\t<div class=\"elementor-element elementor-element-3ebcc57 elementor-widget elementor-widget-text-editor\" data-id=\"3ebcc57\" data-element_type=\"widget\" data-widget_type=\"text-editor.default\">\n\t\t\t\t<div class=\"elementor-widget-container\">\n\t\t\t\t\t\t\t\t<div class=\"elementor-text-editor elementor-clearfix\">\n\t\t\t\t\t<p>National Scientific Conference \"Contemporary Possibilities for the Treatment of Old Sightedness\" task financed under contract No. 849\/P-DUN\/2017 of 9.11.2017 and No. 849\/1\/P-DUN\/2017 of 7.11.2017 from the funds of the Ministry of Science and Higher Education earmarked for science dissemination activities.\u00a0<\/p>\t\t\t\t\t<\/div>\n\t\t\t\t\t\t<\/div>\n\t\t\t\t<\/div>\n\t\t\t\t\t\t<\/div>\n\t\t\t\t\t<\/div>\n\t\t<\/div>\n\t\t\t\t\t\t\t\t<\/div>\n\t\t\t\t\t<\/div>\n\t\t<\/section>\n\t\t\t\t\t\t<\/div>\n\t\t\t\t\t\t<\/div>\n\t\t\t\t\t<\/div>","protected":false},"excerpt":{"rendered":"<p>Strona g\u0142\u00f3wna 17-18 listopada 2017 Pozna\u0144 Dzi\u0119kujemy wszystkim uczestnikom za obecno\u015b\u0107 podczas wyk\u0142ad\u00f3w ! Zapraszamy do \u015bledzenia projektu Presbiopia 21 na Facebooku : @Presbiopia21 Skr\u00f3t konferencji Galeria Og\u00f3lnopolska konferencja naukowa &#8222;Wsp\u00f3\u0142czesne mo\u017cliwo\u015bci leczenia starowzroczno\u015bci&#8221; zadanie finansowane w ramach umowy Nr. 849\/P-DUN\/2017 z dnia 9.11.2017 i Nr 849\/1\/P-DUN\/2017 z dnia 7.11.2017 ze \u015brodk\u00f3w Ministerstwa Nauki i [&hellip;]<\/p>","protected":false},"author":1,"featured_media":0,"parent":925,"menu_order":0,"comment_status":"closed","ping_status":"closed","template":"elementor_canvas","meta":[],"_links":{"self":[{"href":"https:\/\/okulistyka21.pl\/en\/wp-json\/wp\/v2\/pages\/1074"}],"collection":[{"href":"https:\/\/okulistyka21.pl\/en\/wp-json\/wp\/v2\/pages"}],"about":[{"href":"https:\/\/okulistyka21.pl\/en\/wp-json\/wp\/v2\/types\/page"}],"author":[{"embeddable":true,"href":"https:\/\/okulistyka21.pl\/en\/wp-json\/wp\/v2\/users\/1"}],"replies":[{"embeddable":true,"href":"https:\/\/okulistyka21.pl\/en\/wp-json\/wp\/v2\/comments?post=1074"}],"version-history":[{"count":4,"href":"https:\/\/okulistyka21.pl\/en\/wp-json\/wp\/v2\/pages\/1074\/revisions"}],"predecessor-version":[{"id":1079,"href":"https:\/\/okulistyka21.pl\/en\/wp-json\/wp\/v2\/pages\/1074\/revisions\/1079"}],"up":[{"embeddable":true,"href":"https:\/\/okulistyka21.pl\/en\/wp-json\/wp\/v2\/pages\/925"}],"wp:attachment":[{"href":"https:\/\/okulistyka21.pl\/en\/wp-json\/wp\/v2\/media?parent=1074"}],"curies":[{"name":"wp","href":"https:\/\/api.w.org\/{rel}","templated":true}]}}