{"id":1062,"date":"2021-07-08T15:44:11","date_gmt":"2021-07-08T13:44:11","guid":{"rendered":"https:\/\/okulistyka21.pl\/?page_id=1062"},"modified":"2021-07-08T15:46:08","modified_gmt":"2021-07-08T13:46:08","slug":"presbiopia-2020","status":"publish","type":"page","link":"https:\/\/okulistyka21.pl\/en\/konferencje-zrealizowane\/presbiopia-2020\/","title":{"rendered":"Presbyopia 2020"},"content":{"rendered":"<div data-elementor-type=\"wp-page\" data-elementor-id=\"1062\" class=\"elementor elementor-1062\" data-elementor-settings=\"[]\">\n\t\t\t\t\t\t<div class=\"elementor-inner\">\n\t\t\t\t\t\t\t<div class=\"elementor-section-wrap\">\n\t\t\t\t\t\t\t<section class=\"elementor-section elementor-top-section elementor-element elementor-element-7d206054 elementor-section-boxed elementor-section-height-default elementor-section-height-default\" data-id=\"7d206054\" data-element_type=\"section\" data-settings=\"{&quot;background_background&quot;:&quot;gradient&quot;}\">\n\t\t\t\t\t\t\t<div class=\"elementor-background-overlay\"><\/div>\n\t\t\t\t\t\t\t<div class=\"elementor-container elementor-column-gap-default\">\n\t\t\t\t\t\t\t<div class=\"elementor-row\">\n\t\t\t\t\t<div class=\"elementor-column elementor-col-100 elementor-top-column elementor-element elementor-element-1b187411\" data-id=\"1b187411\" data-element_type=\"column\">\n\t\t\t<div class=\"elementor-column-wrap elementor-element-populated\">\n\t\t\t\t\t\t\t<div class=\"elementor-widget-wrap\">\n\t\t\t\t\t\t<div class=\"elementor-element elementor-element-482cc6f elementor-widget elementor-widget-heading\" data-id=\"482cc6f\" data-element_type=\"widget\" data-widget_type=\"heading.default\">\n\t\t\t\t<div class=\"elementor-widget-container\">\n\t\t\t<h1 class=\"elementor-heading-title elementor-size-default\">Presbyopia 2020<\/h1>\t\t<\/div>\n\t\t\t\t<\/div>\n\t\t\t\t<div class=\"elementor-element elementor-element-205ab1de elementor-icon-list--layout-inline elementor-align-center elementor-list-item-link-full_width elementor-widget elementor-widget-icon-list\" data-id=\"205ab1de\" data-element_type=\"widget\" data-widget_type=\"icon-list.default\">\n\t\t\t\t<div class=\"elementor-widget-container\">\n\t\t\t\t\t<ul class=\"elementor-icon-list-items elementor-inline-items\">\n\t\t\t\t\t\t\t<li class=\"elementor-icon-list-item elementor-inline-item\">\n\t\t\t\t\t<a href=\"https:\/\/okulistyka21.pl\/en\">\t\t\t\t\t\t<span class=\"elementor-icon-list-icon\">\n\t\t\t\t\t\t\t<i aria-hidden=\"true\" class=\"icon icon-home\"><\/i>\t\t\t\t\t\t<\/span>\n\t\t\t\t\t\t\t\t\t\t<span class=\"elementor-icon-list-text\">Homepage<\/span>\n\t\t\t\t\t\t\t\t\t\t\t<\/a>\n\t\t\t\t\t\t\t\t\t<\/li>\n\t\t\t\t\t\t\t\t<li class=\"elementor-icon-list-item elementor-inline-item\">\n\t\t\t\t\t\t\t\t\t\t\t<span class=\"elementor-icon-list-icon\">\n\t\t\t\t\t\t\t<i aria-hidden=\"true\" class=\"fas fa-chevron-right\"><\/i>\t\t\t\t\t\t<\/span>\n\t\t\t\t\t\t\t\t\t\t<span class=\"elementor-icon-list-text\">Presbyopia 2020<\/span>\n\t\t\t\t\t\t\t\t\t<\/li>\n\t\t\t\t\t\t<\/ul>\n\t\t\t\t<\/div>\n\t\t\t\t<\/div>\n\t\t\t\t\t\t<\/div>\n\t\t\t\t\t<\/div>\n\t\t<\/div>\n\t\t\t\t\t\t\t\t<\/div>\n\t\t\t\t\t<\/div>\n\t\t<\/section>\n\t\t\t\t<section class=\"elementor-section elementor-top-section elementor-element elementor-element-1c6fae09 elementor-section-boxed elementor-section-height-default elementor-section-height-default\" data-id=\"1c6fae09\" data-element_type=\"section\">\n\t\t\t\t\t\t\t<div class=\"elementor-background-overlay\"><\/div>\n\t\t\t\t\t\t\t<div class=\"elementor-container elementor-column-gap-default\">\n\t\t\t\t\t\t\t<div class=\"elementor-row\">\n\t\t\t\t\t<div class=\"elementor-column elementor-col-100 elementor-top-column elementor-element elementor-element-4a72f9db\" data-id=\"4a72f9db\" data-element_type=\"column\">\n\t\t\t<div class=\"elementor-column-wrap elementor-element-populated\">\n\t\t\t\t\t\t\t<div class=\"elementor-widget-wrap\">\n\t\t\t\t\t\t<div class=\"elementor-element elementor-element-48c6ff4 elementor-widget elementor-widget-text-editor\" data-id=\"48c6ff4\" data-element_type=\"widget\" data-widget_type=\"text-editor.default\">\n\t\t\t\t<div class=\"elementor-widget-container\">\n\t\t\t\t\t\t\t\t<div class=\"elementor-text-editor elementor-clearfix\">\n\t\t\t\t\t<p align=\"center\"><strong>Online Scientific Conference \"Presbyopia 2020\"<\/strong><\/p><div>On\u00a0<strong>12 September 2020.<\/strong>\u00a0The Foundation for Supporting the Development of Ophthalmology 'Ophthalmology 21', together with the University of Warmia and Mazury in Olsztyn, organised an online scientific conference 'Presbyopia 2020'. The conference was divided into three sessions: the Polish Presbyopia 21 Club, the International Society of Refractive Surgery and a presentation on anti-presbyopia intraocular lenses. A total of 127 people attended the conference.<\/div><div>The aim of the first session was to present the latest developments in presbyopia correction. Topics included: progressive lenses, multifocal contact lenses and refractive lens replacement. The session was prepared with the participation of the Polish Presbyopia 21 Club, which was founded in April 2016 in Poznan, Poland. The club brings together Polish and foreign experts in presbyopia correction. The structure of the Club is based on two basic pillars - the Polish Scientific Committee, chaired by Prof Andrzej Grzybowski, and the International Scientific Committee, chaired by Prof Jorge Ali\u00f3. The activities of the Polish Presbyopia 21 Club include a range of initiatives from patient education to standardising knowledge and raising the qualifications of presbyopia specialists, one of which is an educational platform for patients as well as doctors and optometrists:\u00a0<a href=\"https:\/\/prezbiopia.pl\/\">https:\/\/prezbiopia.pl\/<\/a>.<\/div><div>During the second session prepared by the International Society of Refractive Surgery (ISRS), Prof Jorge Ali\u00f3 from Spain and Prof Sunil Shah in the UK presented their lectures. The ISRS is the world's leading organisation for refractive surgeons and cataract correction surgeons. It provides up-to-date information on the latest clinical and research developments in refractive, corneal, cataract and lens surgery.<\/div><div align=\"center\"><strong>During the last session, their latest developments in intraocular lenses were presented by the companies: Optotech Medical, Topcon Polska, Consultronix, Polymed Polska, ABJ-Vision, Milieumed, Medical Partner and Carl Zeiss.\u00a0<\/strong><\/div>\t\t\t\t\t<\/div>\n\t\t\t\t\t\t<\/div>\n\t\t\t\t<\/div>\n\t\t\t\t<section class=\"elementor-section elementor-inner-section elementor-element elementor-element-71831251 elementor-section-boxed elementor-section-height-default elementor-section-height-default\" data-id=\"71831251\" data-element_type=\"section\">\n\t\t\t\t\t\t<div class=\"elementor-container elementor-column-gap-default\">\n\t\t\t\t\t\t\t<div class=\"elementor-row\">\n\t\t\t\t\t<div class=\"elementor-column elementor-col-50 elementor-inner-column elementor-element elementor-element-123d4b4c\" data-id=\"123d4b4c\" data-element_type=\"column\">\n\t\t\t<div class=\"elementor-column-wrap elementor-element-populated\">\n\t\t\t\t\t\t\t<div class=\"elementor-widget-wrap\">\n\t\t\t\t\t\t<div class=\"elementor-element elementor-element-4d22cfb3 elementor-align-right elementor-widget elementor-widget-button\" data-id=\"4d22cfb3\" data-element_type=\"widget\" data-widget_type=\"button.default\">\n\t\t\t\t<div class=\"elementor-widget-container\">\n\t\t\t\t\t<div class=\"elementor-button-wrapper\">\n\t\t\t<a href=\"https:\/\/okulistyka21.pl\/wp-content\/uploads\/2021\/07\/Presbiopia-2020.pdf\" target=\"_blank\" class=\"elementor-button-link elementor-button elementor-size-sm\" role=\"button\">\n\t\t\t\t\t\t<span class=\"elementor-button-content-wrapper\">\n\t\t\t\t\t\t<span class=\"elementor-button-icon elementor-align-icon-left\">\n\t\t\t\t<i aria-hidden=\"true\" class=\"far fa-file-pdf\"><\/i>\t\t\t<\/span>\n\t\t\t\t\t\t<span class=\"elementor-button-text\">Conference programme<\/span>\n\t\t<\/span>\n\t\t\t\t\t<\/a>\n\t\t<\/div>\n\t\t\t\t<\/div>\n\t\t\t\t<\/div>\n\t\t\t\t\t\t<\/div>\n\t\t\t\t\t<\/div>\n\t\t<\/div>\n\t\t\t\t<div class=\"elementor-column elementor-col-50 elementor-inner-column elementor-element elementor-element-68b338a3\" data-id=\"68b338a3\" data-element_type=\"column\">\n\t\t\t<div class=\"elementor-column-wrap elementor-element-populated\">\n\t\t\t\t\t\t\t<div class=\"elementor-widget-wrap\">\n\t\t\t\t\t\t<div class=\"elementor-element elementor-element-47442fc1 elementor-widget elementor-widget-button\" data-id=\"47442fc1\" data-element_type=\"widget\" data-widget_type=\"button.default\">\n\t\t\t\t<div class=\"elementor-widget-container\">\n\t\t\t\t\t<div class=\"elementor-button-wrapper\">\n\t\t\t<a href=\"http:\/\/konferencja2020.presbiopia21.pl\/\" target=\"_blank\" class=\"elementor-button-link elementor-button elementor-size-sm\" role=\"button\">\n\t\t\t\t\t\t<span class=\"elementor-button-content-wrapper\">\n\t\t\t\t\t\t<span class=\"elementor-button-icon elementor-align-icon-left\">\n\t\t\t\t<i aria-hidden=\"true\" class=\"icon icon-internet\"><\/i>\t\t\t<\/span>\n\t\t\t\t\t\t<span class=\"elementor-button-text\"> Conference website<\/span>\n\t\t<\/span>\n\t\t\t\t\t<\/a>\n\t\t<\/div>\n\t\t\t\t<\/div>\n\t\t\t\t<\/div>\n\t\t\t\t\t\t<\/div>\n\t\t\t\t\t<\/div>\n\t\t<\/div>\n\t\t\t\t\t\t\t\t<\/div>\n\t\t\t\t\t<\/div>\n\t\t<\/section>\n\t\t\t\t\t\t<\/div>\n\t\t\t\t\t<\/div>\n\t\t<\/div>\n\t\t\t\t\t\t\t\t<\/div>\n\t\t\t\t\t<\/div>\n\t\t<\/section>\n\t\t\t\t\t\t<\/div>\n\t\t\t\t\t\t<\/div>\n\t\t\t\t\t<\/div>","protected":false},"excerpt":{"rendered":"<p>Strona g\u0142\u00f3wna Konferencja Naukowa Online &#8222;Presbiopia 2020&#8221; W dniu\u00a012 wrze\u015bnia 2020 r.\u00a0Fundacja Wspierania Rozwoju Okulistyki \u201eOkulistyka 21\u201d wraz z\u00a0Uniwersytetem Warmi\u0144sko Mazurskim w Olsztynie, zorganizowa\u0142a konferencj\u0119 naukow\u0105 online \u201ePresbiopia 2020\u201d. Konferencja by\u0142a podzielona na trzy sesje: Polskiego Klubu Presbiopia 21, Mi\u0119dzynarodowego Towarzystwa Chirurgii Refrakcyjnej oraz prezentuj\u0105ca antyprezbiopijne soczewki wewn\u0105trzga\u0142kowe. \u0141\u0105cznie w konferencji wzi\u0119\u0142o udzia\u0142 127 os\u00f3b.Celem [&hellip;]<\/p>","protected":false},"author":1,"featured_media":0,"parent":925,"menu_order":0,"comment_status":"closed","ping_status":"closed","template":"elementor_canvas","meta":[],"_links":{"self":[{"href":"https:\/\/okulistyka21.pl\/en\/wp-json\/wp\/v2\/pages\/1062"}],"collection":[{"href":"https:\/\/okulistyka21.pl\/en\/wp-json\/wp\/v2\/pages"}],"about":[{"href":"https:\/\/okulistyka21.pl\/en\/wp-json\/wp\/v2\/types\/page"}],"author":[{"embeddable":true,"href":"https:\/\/okulistyka21.pl\/en\/wp-json\/wp\/v2\/users\/1"}],"replies":[{"embeddable":true,"href":"https:\/\/okulistyka21.pl\/en\/wp-json\/wp\/v2\/comments?post=1062"}],"version-history":[{"count":7,"href":"https:\/\/okulistyka21.pl\/en\/wp-json\/wp\/v2\/pages\/1062\/revisions"}],"predecessor-version":[{"id":1070,"href":"https:\/\/okulistyka21.pl\/en\/wp-json\/wp\/v2\/pages\/1062\/revisions\/1070"}],"up":[{"embeddable":true,"href":"https:\/\/okulistyka21.pl\/en\/wp-json\/wp\/v2\/pages\/925"}],"wp:attachment":[{"href":"https:\/\/okulistyka21.pl\/en\/wp-json\/wp\/v2\/media?parent=1062"}],"curies":[{"name":"wp","href":"https:\/\/api.w.org\/{rel}","templated":true}]}}